{"id":991,"date":"2017-12-01T11:57:09","date_gmt":"2017-12-01T10:57:09","guid":{"rendered":"https:\/\/lion-environnement.org\/?page_id=991"},"modified":"2024-11-20T15:24:10","modified_gmt":"2024-11-20T14:24:10","slug":"questions-reponses-amap","status":"publish","type":"page","link":"https:\/\/lion-environnement.org\/index.php\/presentation-amap\/comment-fonctionne-lamap\/questions-reponses-amap\/","title":{"rendered":"Questions\/R\u00e9ponses sur l&rsquo;Amap"},"content":{"rendered":"<p>Toutes les questions que vous vous posez sur l&rsquo;AMAP et que vous n&rsquo;avez jamais os\u00e9 poser.<\/p>\n<div><strong>Comment adh\u00e9rer \u00e0 l&rsquo;AMAP?<\/strong><\/div>\n<div>Pour acc\u00e9der \u00e0 l&rsquo;AMAP il faut adh\u00e9rer \u00e0 l&rsquo;association Lion Environnement (10\u20ac\/an pour une personne et 20 \u20ac pour un couple pour avoir 2 voix lors des votes de l&rsquo;AG) et signer la Charte.<\/div>\n<div>Il n&rsquo;y a pas d&rsquo;engagement sur la fr\u00e9quence de commande mais pour \u00eatre respectueux de nos producteurs il faut essayer de respecter une certaine fr\u00e9quence.<\/div>\n<div><strong>Les commandes?<\/strong><\/div>\n<div>Les commandes sont pass\u00e9es via un site en ligne vers le 15 de chaque mois pour le mois suivant.<\/div>\n<div><strong>La distribution?<\/strong><\/div>\n<div>La distribution se passe le vendredi soir entre 18:00 et 19:00 (adresse 10 bd Carnot \u00e0 Lion) et si vous ne pouvez vous lib\u00e9rer pour cette tranche horaire les paniers restent disponibles dans un cabanon et peuvent \u00eatre r\u00e9cup\u00e9r\u00e9s plus tard le vendredi soir ou le samedi voire le dimanche.<\/div>\n<div><strong>Les produits?<\/strong><\/div>\n<div>Les produits sont 100% bio car c&rsquo;est la condition pour \u00eatre fournisseurs.<\/div>\n<div>Les produits disponibles sont les suivants:<\/div>\n<ul>\n<li>l\u00e9gumes (chaque semaine) :\u00a0 petit panier impos\u00e9 (3,5 kg environ \u00e0 11\u20ac) ou grand panier impos\u00e9 (5 kg environ \u00e0 17\u20ac)<\/li>\n<li>\u0153ufs (chaque semaine): 6 \u0153ufs l&rsquo;unit\u00e9 de base<\/li>\n<li>pain (chaque semaine): 9 qualit\u00e9s diff\u00e9rentes (campagne, complet, semi-complet, \u00e9peautre, c\u00e9r\u00e9ales et graines, noix, raisins\/noisettes, seigle, baguette) ainsi que des brioches et de la Teurgoule.<\/li>\n<li>lait\/beurre\/camembert (toutes les 2 semaines): pack lait , beurre , camembert<\/li>\n<li>yaourts de brebis (toutes les 2 semaines)<\/li>\n<li>tomme (chaque mois): part 260 g , part 520 g<\/li>\n<li>pommes\/jus de pomme\/cidre\/poir\u00e9 (chaque mois)<\/li>\n<li>l\u00e9gumineuses (par trimestre): lentilles (vertes, beluga, rose, corail) , quinoa, pois chiche, graines de lin, graines de chia, pois cass\u00e9s, haricots rouges.<\/li>\n<li>miel (3 fois par an): printemps, \u00e9t\u00e9.<\/li>\n<li>herbes et fruits rouges<\/li>\n<li>escargots<\/li>\n<li>La viande est propos\u00e9e 9 fois dans l&rsquo;ann\u00e9e.<\/li>\n<\/ul>\n<div><strong>Les paiements?<\/strong><\/div>\n<div>Le premier vendredi de chaque mois pour le mois entier, par ch\u00e8que \u00e0 l&rsquo;attention de chaque producteur.<\/div>\n<div><\/div>\n","protected":false},"excerpt":{"rendered":"<p>Toutes les questions que vous vous posez sur l&rsquo;AMAP et que vous n&rsquo;avez jamais os\u00e9 poser. Comment adh\u00e9rer \u00e0 l&rsquo;AMAP? Pour acc\u00e9der \u00e0 l&rsquo;AMAP il faut adh\u00e9rer \u00e0 l&rsquo;association Lion Environnement (10\u20ac\/an pour une personne et 20 \u20ac pour un couple pour avoir 2 voix lors des votes de l&rsquo;AG) et signer la Charte. Il\u2026<\/p>\n","protected":false},"author":1,"featured_media":8671,"parent":987,"menu_order":0,"comment_status":"closed","ping_status":"closed","template":"","meta":{"footnotes":""},"class_list":["post-991","page","type-page","status-publish","has-post-thumbnail","hentry"],"_wp_attached_file":null,"_wp_attachment_metadata":null,"_menu_item_type":null,"_menu_item_menu_item_parent":null,"_menu_item_object_id":null,"_menu_item_object":null,"_menu_item_target":null,"_menu_item_classes":null,"_menu_item_xfn":null,"_menu_item_url":null,"_eventorganiser_event_schedule":null,"_eventorganiser_schedule_until":null,"_wpas_done_all":null,"_eventorganiser_schedule_start_start":null,"_eventorganiser_schedule_start_finish":null,"_eventorganiser_schedule_last_start":null,"_eventorganiser_schedule_last_finish":null,"_wp_attachment_backup_sizes":null,"_wp_attachment_context":null,"event_address":null,"event_start_date":null,"event_to_time":null,"event_from_time":null,"event_end_date":null,"_oembed_7e6c0eb53f1b87dceeb7157df4c64ecd":null,"_oembed_ac860e2f1183d5fbf8efad3e14b2b998":null,"_oembed_2fa3d1dc2e72f2f3db15582a07766e9d":null,"_oembed_ba1f94dfef6f2f056282005c87e1dd1f":null,"_oembed_b4fa8c58de01621c3377349423193585":null,"_oembed_2c076515dc13114e0a07a701157042d8":null,"_oembed_time_2c076515dc13114e0a07a701157042d8":null,"_su_description":null,"_wp_attachment_is_custom_header":null,"_wp_attachment_custom_header_last_used_enigma":null,"_mc_event_shortcode":null,"_mc_event_access":null,"_mc_event_id":null,"_mc_event_desc":null,"_mc_event_image":null,"_event_time_label":null,"_mc_event_data":null,"_snap_forceSURL":null,"snap_MYURL":null,"snapEdIT":null,"_mc_event_location":null,"_oembed_cdb00187755a40067dfed1152b83fa85":null,"_oembed_2a2b1181a4872c3fcae632ccb831338e":null,"_oembed_223e8f80fcafbbb0e655c3b852ad258b":null,"_oembed_f2dbc4e0e03552dca3704dc9d3b35b81":null,"_oembed_0f31e9c8d775433415a564642134b876":null,"_oembed_37f37d6d5d0f763259b5f2d5c6698765":null,"_oembed_7d585094b05c3c88729a16a5d0b76382":null,"_oembed_49e3f6fef25f62658e66c1baa5716b3c":null,"_oembed_3bbcd6cd9ba0f8e8cead97d8bddbbbae":null,"_oembed_6107383b394908a78bf711554ae8a1e4":null,"_oembed_5d6a5ae5cd2e93d5022ed2485426fcf4":null,"_oembed_422f96ea83a4884539ceb42326a11ee5":null,"_oembed_ab6628735dc0e2101ba08ec87fcef1b7":null,"_oembed_75bd89488fe790d8e4f203396bb84c81":null,"_oembed_time_75bd89488fe790d8e4f203396bb84c81":null,"_oembed_c6d8784021cf1310fe080cd343275a5a":null,"_oembed_time_c6d8784021cf1310fe080cd343275a5a":null,"_wp_attachment_custom_header_last_used_greenigma":null,"_wp_attachment_is_custom_background":null,"enclosure":null,"_oembed_3bca2a21e398bc75f8a1b2ec60f88d23":null,"_oembed_25600d5f25f51af7be904b38ccae40ec":null,"_oembed_time_25600d5f25f51af7be904b38ccae40ec":null,"_mc_guid":null,"_mc4wp_settings":null,"text_subscribed":null,"text_invalid_email":null,"text_required_field_missing":null,"text_already_subscribed":null,"text_error":null,"text_unsubscribed":null,"text_not_subscribed":null,"text_no_lists_selected":null,"text_updated":null,"_bbp_reply_count_hidden":null,"_bbp_topic_count_hidden":null,"_bbp_total_topic_count":null,"_bbp_topic_count":null,"_bbp_total_reply_count":null,"_bbp_reply_count":null,"_bbp_forum_subforum_count":null,"_bbp_last_active_time":null,"user_registration_form_setting_default_user_role":null,"user_registration_form_setting_enable_strong_password":null,"user_registration_form_setting_minimum_password_strength":null,"user_registration_form_setting_form_submit_label":null,"user_registration_form_setting_enable_recaptcha_support":null,"user_registration_form_template":null,"user_registration_form_custom_class":null,"_oembed_ef95b2b98f04716f23e0a4eed7816e1b":null,"_oembed_time_ef95b2b98f04716f23e0a4eed7816e1b":null,"_wp_attachment_image_alt":null,"_mc_event_date":null,"_customize_changeset_uuid":null,"sg_popup_target":null,"sg_popup_events":null,"sg_popup_options":null,"_oembed_caf01abe71309dc253791159ac4336cb":null,"_sgpb_original":null,"sg_popup_events_preview":null,"sg_popup_options_preview":null,"sg_popup_target_preview":null,"user_registration_form_setting_redirect_options":null,"_oembed_10c4a1529e884332ff612b45feeae083":null,"_bbp_forum_id":null,"_bbp_last_topic_id":null,"_bbp_last_reply_id":null,"_bbp_last_active_id":null,"_form":null,"_mail":null,"_mail_2":null,"_messages":null,"_additional_settings":null,"_locale":null,"_elementor_css":null,"_menu_sgpb_popup_id":null,"_oembed_bbc07775835a27fca3dab6de0a78c453":null,"cmplz_tc_document_status":null,"_oembed_a8eea5673581fdb5da3c215c1676eaf2":null,"_oembed_time_a8eea5673581fdb5da3c215c1676eaf2":null,"_bbp_forum_type":null,"_bbp_status":null,"_bbp_total_reply_count_hidden":null,"_wp_page_template":"default","_edit_last":"1","_edit_lock":"1732112657:1","_su_rich_snippet_type":"none","xyz_fbap":null,"xyz_fbap_insert_og":null,"_thumbnail_id":"8671","_jetpack_dont_email_post_to_subs":null,"_su_title":null,"_cmplz_scanned_post":"1","xyz_fbap_future_to_publish":null,"_wp_old_slug":null,"_wp_old_date":null,"cmplz_hide_cookiebanner":"","_elementor_template_type":null,"_elementor_edit_mode":null,"_elementor_data":null,"_elementor_version":null,"_elementor_controls_usage":null,"classic-editor-remember":null,"_wp_trash_meta_status":null,"_wp_trash_meta_time":null,"_wp_desired_post_slug":null,"yoast_head":"<!-- This site is optimized with the Yoast SEO plugin v27.4 - https:\/\/yoast.com\/product\/yoast-seo-wordpress\/ -->\n<title>Questions\/R\u00e9ponses sur l&#039;Amap - Lion Environnement<\/title>\n<meta name=\"robots\" content=\"index, follow, max-snippet:-1, max-image-preview:large, max-video-preview:-1\" \/>\n<link rel=\"canonical\" href=\"https:\/\/lion-environnement.org\/index.php\/presentation-amap\/comment-fonctionne-lamap\/questions-reponses-amap\/\" \/>\n<meta property=\"og:locale\" content=\"fr_FR\" \/>\n<meta property=\"og:type\" content=\"article\" \/>\n<meta property=\"og:title\" content=\"Questions\/R\u00e9ponses sur l&#039;Amap - Lion Environnement\" \/>\n<meta property=\"og:description\" content=\"Toutes les questions que vous vous posez sur l&rsquo;AMAP et que vous n&rsquo;avez jamais os\u00e9 poser. Comment adh\u00e9rer \u00e0 l&rsquo;AMAP? Pour acc\u00e9der \u00e0 l&rsquo;AMAP il faut adh\u00e9rer \u00e0 l&rsquo;association Lion Environnement (10\u20ac\/an pour une personne et 20 \u20ac pour un couple pour avoir 2 voix lors des votes de l&rsquo;AG) et signer la Charte. Il\u2026\" \/>\n<meta property=\"og:url\" content=\"https:\/\/lion-environnement.org\/index.php\/presentation-amap\/comment-fonctionne-lamap\/questions-reponses-amap\/\" \/>\n<meta property=\"og:site_name\" content=\"Lion Environnement\" \/>\n<meta property=\"article:publisher\" content=\"https:\/\/www.facebook.com\/LionEnvironnement\/?locale=fr_FR\" \/>\n<meta property=\"article:modified_time\" content=\"2024-11-20T14:24:10+00:00\" \/>\n<meta property=\"og:image\" content=\"https:\/\/lion-environnement.org\/wp-content\/uploads\/2024\/11\/Amap_Photo.jpg\" \/>\n\t<meta property=\"og:image:width\" content=\"790\" \/>\n\t<meta property=\"og:image:height\" content=\"430\" \/>\n\t<meta property=\"og:image:type\" content=\"image\/jpeg\" \/>\n<meta name=\"twitter:card\" content=\"summary_large_image\" \/>\n<meta name=\"twitter:label1\" content=\"Dur\u00e9e de lecture estim\u00e9e\" \/>\n\t<meta name=\"twitter:data1\" content=\"2 minutes\" \/>\n<script type=\"application\/ld+json\" class=\"yoast-schema-graph\">{\"@context\":\"https:\\\/\\\/schema.org\",\"@graph\":[{\"@type\":\"WebPage\",\"@id\":\"https:\\\/\\\/lion-environnement.org\\\/index.php\\\/presentation-amap\\\/comment-fonctionne-lamap\\\/questions-reponses-amap\\\/\",\"url\":\"https:\\\/\\\/lion-environnement.org\\\/index.php\\\/presentation-amap\\\/comment-fonctionne-lamap\\\/questions-reponses-amap\\\/\",\"name\":\"Questions\\\/R\u00e9ponses sur l'Amap - Lion Environnement\",\"isPartOf\":{\"@id\":\"https:\\\/\\\/lion-environnement.org\\\/#website\"},\"primaryImageOfPage\":{\"@id\":\"https:\\\/\\\/lion-environnement.org\\\/index.php\\\/presentation-amap\\\/comment-fonctionne-lamap\\\/questions-reponses-amap\\\/#primaryimage\"},\"image\":{\"@id\":\"https:\\\/\\\/lion-environnement.org\\\/index.php\\\/presentation-amap\\\/comment-fonctionne-lamap\\\/questions-reponses-amap\\\/#primaryimage\"},\"thumbnailUrl\":\"https:\\\/\\\/lion-environnement.org\\\/wp-content\\\/uploads\\\/2024\\\/11\\\/Amap_Photo.jpg\",\"datePublished\":\"2017-12-01T10:57:09+00:00\",\"dateModified\":\"2024-11-20T14:24:10+00:00\",\"breadcrumb\":{\"@id\":\"https:\\\/\\\/lion-environnement.org\\\/index.php\\\/presentation-amap\\\/comment-fonctionne-lamap\\\/questions-reponses-amap\\\/#breadcrumb\"},\"inLanguage\":\"fr-FR\",\"potentialAction\":[{\"@type\":\"ReadAction\",\"target\":[\"https:\\\/\\\/lion-environnement.org\\\/index.php\\\/presentation-amap\\\/comment-fonctionne-lamap\\\/questions-reponses-amap\\\/\"]}]},{\"@type\":\"ImageObject\",\"inLanguage\":\"fr-FR\",\"@id\":\"https:\\\/\\\/lion-environnement.org\\\/index.php\\\/presentation-amap\\\/comment-fonctionne-lamap\\\/questions-reponses-amap\\\/#primaryimage\",\"url\":\"https:\\\/\\\/lion-environnement.org\\\/wp-content\\\/uploads\\\/2024\\\/11\\\/Amap_Photo.jpg\",\"contentUrl\":\"https:\\\/\\\/lion-environnement.org\\\/wp-content\\\/uploads\\\/2024\\\/11\\\/Amap_Photo.jpg\",\"width\":790,\"height\":430},{\"@type\":\"BreadcrumbList\",\"@id\":\"https:\\\/\\\/lion-environnement.org\\\/index.php\\\/presentation-amap\\\/comment-fonctionne-lamap\\\/questions-reponses-amap\\\/#breadcrumb\",\"itemListElement\":[{\"@type\":\"ListItem\",\"position\":1,\"name\":\"Accueil\",\"item\":\"https:\\\/\\\/lion-environnement.org\\\/\"},{\"@type\":\"ListItem\",\"position\":2,\"name\":\"L&rsquo;AMAP\",\"item\":\"https:\\\/\\\/lion-environnement.org\\\/index.php\\\/presentation-amap\\\/\"},{\"@type\":\"ListItem\",\"position\":3,\"name\":\"Comment fonctionne l&rsquo;Amap\",\"item\":\"https:\\\/\\\/lion-environnement.org\\\/index.php\\\/presentation-amap\\\/comment-fonctionne-lamap\\\/\"},{\"@type\":\"ListItem\",\"position\":4,\"name\":\"Questions\\\/R\u00e9ponses sur l&rsquo;Amap\"}]},{\"@type\":\"WebSite\",\"@id\":\"https:\\\/\\\/lion-environnement.org\\\/#website\",\"url\":\"https:\\\/\\\/lion-environnement.org\\\/\",\"name\":\"Lion Environnement\",\"description\":\"Lions nos \u00e9nergies pour pr\u00e9server l&#039;environnement et la sant\u00e9\",\"publisher\":{\"@id\":\"https:\\\/\\\/lion-environnement.org\\\/#organization\"},\"potentialAction\":[{\"@type\":\"SearchAction\",\"target\":{\"@type\":\"EntryPoint\",\"urlTemplate\":\"https:\\\/\\\/lion-environnement.org\\\/?s={search_term_string}\"},\"query-input\":{\"@type\":\"PropertyValueSpecification\",\"valueRequired\":true,\"valueName\":\"search_term_string\"}}],\"inLanguage\":\"fr-FR\"},{\"@type\":\"Organization\",\"@id\":\"https:\\\/\\\/lion-environnement.org\\\/#organization\",\"name\":\"Lion Environnement\",\"url\":\"https:\\\/\\\/lion-environnement.org\\\/\",\"logo\":{\"@type\":\"ImageObject\",\"inLanguage\":\"fr-FR\",\"@id\":\"https:\\\/\\\/lion-environnement.org\\\/#\\\/schema\\\/logo\\\/image\\\/\",\"url\":\"https:\\\/\\\/lion-environnement.org\\\/wp-content\\\/uploads\\\/2016\\\/04\\\/logoLElongWeb-1.jpg\",\"contentUrl\":\"https:\\\/\\\/lion-environnement.org\\\/wp-content\\\/uploads\\\/2016\\\/04\\\/logoLElongWeb-1.jpg\",\"width\":487,\"height\":113,\"caption\":\"Lion Environnement\"},\"image\":{\"@id\":\"https:\\\/\\\/lion-environnement.org\\\/#\\\/schema\\\/logo\\\/image\\\/\"},\"sameAs\":[\"https:\\\/\\\/www.facebook.com\\\/LionEnvironnement\\\/?locale=fr_FR\",\"https:\\\/\\\/www.instagram.com\\\/environnementlion\"]}]}<\/script>\n<!-- \/ Yoast SEO plugin. -->","yoast_head_json":{"title":"Questions\/R\u00e9ponses sur l'Amap - Lion Environnement","robots":{"index":"index","follow":"follow","max-snippet":"max-snippet:-1","max-image-preview":"max-image-preview:large","max-video-preview":"max-video-preview:-1"},"canonical":"https:\/\/lion-environnement.org\/index.php\/presentation-amap\/comment-fonctionne-lamap\/questions-reponses-amap\/","og_locale":"fr_FR","og_type":"article","og_title":"Questions\/R\u00e9ponses sur l'Amap - Lion Environnement","og_description":"Toutes les questions que vous vous posez sur l&rsquo;AMAP et que vous n&rsquo;avez jamais os\u00e9 poser. Comment adh\u00e9rer \u00e0 l&rsquo;AMAP? Pour acc\u00e9der \u00e0 l&rsquo;AMAP il faut adh\u00e9rer \u00e0 l&rsquo;association Lion Environnement (10\u20ac\/an pour une personne et 20 \u20ac pour un couple pour avoir 2 voix lors des votes de l&rsquo;AG) et signer la Charte. Il\u2026","og_url":"https:\/\/lion-environnement.org\/index.php\/presentation-amap\/comment-fonctionne-lamap\/questions-reponses-amap\/","og_site_name":"Lion Environnement","article_publisher":"https:\/\/www.facebook.com\/LionEnvironnement\/?locale=fr_FR","article_modified_time":"2024-11-20T14:24:10+00:00","og_image":[{"width":790,"height":430,"url":"https:\/\/lion-environnement.org\/wp-content\/uploads\/2024\/11\/Amap_Photo.jpg","type":"image\/jpeg"}],"twitter_card":"summary_large_image","twitter_misc":{"Dur\u00e9e de lecture estim\u00e9e":"2 minutes"},"schema":{"@context":"https:\/\/schema.org","@graph":[{"@type":"WebPage","@id":"https:\/\/lion-environnement.org\/index.php\/presentation-amap\/comment-fonctionne-lamap\/questions-reponses-amap\/","url":"https:\/\/lion-environnement.org\/index.php\/presentation-amap\/comment-fonctionne-lamap\/questions-reponses-amap\/","name":"Questions\/R\u00e9ponses sur l'Amap - Lion Environnement","isPartOf":{"@id":"https:\/\/lion-environnement.org\/#website"},"primaryImageOfPage":{"@id":"https:\/\/lion-environnement.org\/index.php\/presentation-amap\/comment-fonctionne-lamap\/questions-reponses-amap\/#primaryimage"},"image":{"@id":"https:\/\/lion-environnement.org\/index.php\/presentation-amap\/comment-fonctionne-lamap\/questions-reponses-amap\/#primaryimage"},"thumbnailUrl":"https:\/\/lion-environnement.org\/wp-content\/uploads\/2024\/11\/Amap_Photo.jpg","datePublished":"2017-12-01T10:57:09+00:00","dateModified":"2024-11-20T14:24:10+00:00","breadcrumb":{"@id":"https:\/\/lion-environnement.org\/index.php\/presentation-amap\/comment-fonctionne-lamap\/questions-reponses-amap\/#breadcrumb"},"inLanguage":"fr-FR","potentialAction":[{"@type":"ReadAction","target":["https:\/\/lion-environnement.org\/index.php\/presentation-amap\/comment-fonctionne-lamap\/questions-reponses-amap\/"]}]},{"@type":"ImageObject","inLanguage":"fr-FR","@id":"https:\/\/lion-environnement.org\/index.php\/presentation-amap\/comment-fonctionne-lamap\/questions-reponses-amap\/#primaryimage","url":"https:\/\/lion-environnement.org\/wp-content\/uploads\/2024\/11\/Amap_Photo.jpg","contentUrl":"https:\/\/lion-environnement.org\/wp-content\/uploads\/2024\/11\/Amap_Photo.jpg","width":790,"height":430},{"@type":"BreadcrumbList","@id":"https:\/\/lion-environnement.org\/index.php\/presentation-amap\/comment-fonctionne-lamap\/questions-reponses-amap\/#breadcrumb","itemListElement":[{"@type":"ListItem","position":1,"name":"Accueil","item":"https:\/\/lion-environnement.org\/"},{"@type":"ListItem","position":2,"name":"L&rsquo;AMAP","item":"https:\/\/lion-environnement.org\/index.php\/presentation-amap\/"},{"@type":"ListItem","position":3,"name":"Comment fonctionne l&rsquo;Amap","item":"https:\/\/lion-environnement.org\/index.php\/presentation-amap\/comment-fonctionne-lamap\/"},{"@type":"ListItem","position":4,"name":"Questions\/R\u00e9ponses sur l&rsquo;Amap"}]},{"@type":"WebSite","@id":"https:\/\/lion-environnement.org\/#website","url":"https:\/\/lion-environnement.org\/","name":"Lion Environnement","description":"Lions nos \u00e9nergies pour pr\u00e9server l&#039;environnement et la sant\u00e9","publisher":{"@id":"https:\/\/lion-environnement.org\/#organization"},"potentialAction":[{"@type":"SearchAction","target":{"@type":"EntryPoint","urlTemplate":"https:\/\/lion-environnement.org\/?s={search_term_string}"},"query-input":{"@type":"PropertyValueSpecification","valueRequired":true,"valueName":"search_term_string"}}],"inLanguage":"fr-FR"},{"@type":"Organization","@id":"https:\/\/lion-environnement.org\/#organization","name":"Lion Environnement","url":"https:\/\/lion-environnement.org\/","logo":{"@type":"ImageObject","inLanguage":"fr-FR","@id":"https:\/\/lion-environnement.org\/#\/schema\/logo\/image\/","url":"https:\/\/lion-environnement.org\/wp-content\/uploads\/2016\/04\/logoLElongWeb-1.jpg","contentUrl":"https:\/\/lion-environnement.org\/wp-content\/uploads\/2016\/04\/logoLElongWeb-1.jpg","width":487,"height":113,"caption":"Lion Environnement"},"image":{"@id":"https:\/\/lion-environnement.org\/#\/schema\/logo\/image\/"},"sameAs":["https:\/\/www.facebook.com\/LionEnvironnement\/?locale=fr_FR","https:\/\/www.instagram.com\/environnementlion"]}]}},"_links":{"self":[{"href":"https:\/\/lion-environnement.org\/index.php\/wp-json\/wp\/v2\/pages\/991","targetHints":{"allow":["GET"]}}],"collection":[{"href":"https:\/\/lion-environnement.org\/index.php\/wp-json\/wp\/v2\/pages"}],"about":[{"href":"https:\/\/lion-environnement.org\/index.php\/wp-json\/wp\/v2\/types\/page"}],"author":[{"embeddable":true,"href":"https:\/\/lion-environnement.org\/index.php\/wp-json\/wp\/v2\/users\/1"}],"replies":[{"embeddable":true,"href":"https:\/\/lion-environnement.org\/index.php\/wp-json\/wp\/v2\/comments?post=991"}],"version-history":[{"count":8,"href":"https:\/\/lion-environnement.org\/index.php\/wp-json\/wp\/v2\/pages\/991\/revisions"}],"predecessor-version":[{"id":8675,"href":"https:\/\/lion-environnement.org\/index.php\/wp-json\/wp\/v2\/pages\/991\/revisions\/8675"}],"up":[{"embeddable":true,"href":"https:\/\/lion-environnement.org\/index.php\/wp-json\/wp\/v2\/pages\/987"}],"wp:featuredmedia":[{"embeddable":true,"href":"https:\/\/lion-environnement.org\/index.php\/wp-json\/wp\/v2\/media\/8671"}],"wp:attachment":[{"href":"https:\/\/lion-environnement.org\/index.php\/wp-json\/wp\/v2\/media?parent=991"}],"curies":[{"name":"wp","href":"https:\/\/api.w.org\/{rel}","templated":true}]}}