{"id":989,"date":"2017-12-01T11:54:14","date_gmt":"2017-12-01T10:54:14","guid":{"rendered":"https:\/\/lion-environnement.org\/?page_id=989"},"modified":"2025-11-20T20:54:54","modified_gmt":"2025-11-20T19:54:54","slug":"les-fournisseurs-de-lamap","status":"publish","type":"page","link":"https:\/\/lion-environnement.org\/index.php\/presentation-amap\/les-fournisseurs-de-lamap\/","title":{"rendered":"Les producteurs de l&rsquo;Amap"},"content":{"rendered":"<p><b>Mara\u00eecher\u00a0(l\u00e9gumes et fruits):<\/b><span style=\"font-weight: 400;\"> L&rsquo;Gardin Partageo\u00a0 \u00a0<\/span><i><span style=\"font-weight: 400;\">(Torteval Quesnay)\u00a0 <a href=\"https:\/\/www.gardin-partageo.com\/\" target=\"_blank\" rel=\"noopener\">leur site\u00a0\u00a0<\/a> <a href=\"https:\/\/www.facebook.com\/people\/Earl-lBiau-Courtil-et-lGardin-Partageo\/100057048116439\/\">leur page Facebook<\/a><\/span><\/i><span style=\"font-weight: 400;\"><br \/>\n<\/span><\/p>\n<p><b>\u0152ufs\u00a0:<\/b><span style=\"font-weight: 400;\"> Mich\u00e8le et Gilles Lecaudey \u2013 Les Enfants de la Bio \u00a0\u00a0<\/span><i><span style=\"font-weight: 400;\">(Mandeville en Bessin dans le Calvados) <a href=\"https:\/\/lebiodelamue.fr\/index.php\/nos-producteurs\/gilles-et-michele-lecaudey\/\" target=\"_blank\" rel=\"noopener\">leur site<\/a><\/span><\/i><\/p>\n<p><b>Pommes\/Jus\/Cidre :<\/b><span style=\"font-weight: 400;\">\u00a0Eric Desprez\u00a0\u00a0<\/span><span style=\"font-weight: 400;\">(<\/span><i><span style=\"font-weight: 400;\">SCEA des Vergers du Calvados) <a href=\"http:\/\/www.domainedesrougesterres.com\" target=\"_blank\" rel=\"noopener\">leur site\u00a0<\/a>\u00a0\u00a0<\/span><\/i><em><a href=\"https:\/\/www.facebook.com\/domainedesrougesterres\/\" target=\"_blank\" rel=\"noopener\">leur page Facebook<\/a><\/em><\/p>\n<p><b>Tomme :<\/b><span style=\"font-weight: 400;\"> Lo\u00efc Gu\u00e9guen et Louis Baudouin \u2013 GAEC Bois Canon \u00a0\u00a0 <\/span><i><span style=\"font-weight: 400;\">(M\u00e9zidon-Canon)\u00a0<\/span><\/i><span style=\"font-weight: 400;\"><br \/>\n<\/span><\/p>\n<p><b>Beurre\/Camembert\/Lait :<\/b><span style=\"font-weight: 400;\">\u00a0Patricia Bouffard \u2013 Les Fermes <strong>Bio<\/strong> d\u2019Isigny <\/span><i><span style=\"font-weight: 400;\">(Isigny)\u00a0<a href=\"https:\/\/lebiodelamue.fr\/index.php\/nos-producteurs\/les-fermes-bio-disigny\/\" target=\"_blank\" rel=\"noopener\">leur site<\/a><\/span><\/i><\/p>\n<p><strong>Yaourts de brebis:\u00a0<\/strong>Alain et Nathalie &#8211; Bergerie de S\u00e9douy <em>(Perriers-en-Beauficel)\u00a0 <a href=\"https:\/\/www.facebook.com\/bergeriedesedouy\/\">leur page Facebook<\/a><\/em><\/p>\n<p><b>Pain :<\/b><span style=\"font-weight: 400;\"> Le Petit Fournil de Louvigny\u00a0 <\/span><i><span style=\"font-weight: 400;\">(Louvigny) <a href=\"https:\/\/le-petit-fournil.business.site\/\">leur site<\/a>\u00a0<\/span><\/i><\/p>\n<p><strong>P\u00e2tes : <\/strong>Arnaud Pa\u00efola &#8211; <em><a href=\"https:\/\/www.facebook.com\/profile.php?id=100067050888755\" target=\"_blank\" rel=\"noopener\">leur page Facebook<\/a><\/em><\/p>\n<p><b>L\u00e9gumineuses :<\/b> Le c\u0153ur des champs &#8211; Antoine Dupont <i><span style=\"font-weight: 400;\"><a href=\"https:\/\/www.lecoeurdeschamps.fr\/content\/6-qui-sommes-nous\">leur site<\/a>\u00a0<\/span><\/i><\/p>\n<p><strong>Herbes : <\/strong>Herberie de la Belhomi\u00e8re &#8211; Eric Hi\u00e9ro &#8211; 50180 Saint-Gilles <i><span style=\"font-weight: 400;\"><a href=\"https:\/\/herberie-belhomiere.fr\/\">leur site\u00a0<\/a> <em><a href=\"https:\/\/www.facebook.com\/profile.php?id=100067050888755\" target=\"_blank\" rel=\"noopener\">leur page Facebook<\/a><\/em><\/span><\/i><\/p>\n<p><b>Viande\u00a0: <\/b><span style=\"font-weight: 400;\">b\u0153uf, veau, porc, poulet\/dinde, agneau, terrines<\/span><\/p>\n<p style=\"padding-left: 30px;\"><span style=\"font-weight: 400;\"><strong>Porc\/Terrines<\/strong> : Harold Levallois \u00a0<\/span><i><span style=\"font-weight: 400;\">(Les Crettes Michaux 14240 Cahagnes) <a href=\"https:\/\/lebiodelamue.fr\/index.php\/nos-producteurs\/la-ferme-des-crettes\/\">leur site<\/a>\u00a0<\/span><\/i><\/p>\n<p style=\"padding-left: 30px;\"><span style=\"font-weight: 400;\"><strong>Boeuf<\/strong> : Arnaud Pa\u00efola &#8211; <em><a href=\"https:\/\/www.facebook.com\/profile.php?id=100067050888755\" target=\"_blank\" rel=\"noopener\">leur page Facebook<\/a><\/em><\/span><\/p>\n<p style=\"padding-left: 30px;\"><span style=\"font-weight: 400;\"><strong>Veau<\/strong> : Arnaud Pa\u00efola &#8211; <em><a href=\"https:\/\/www.facebook.com\/profile.php?id=100067050888755\" target=\"_blank\" rel=\"noopener\">leur page Facebook<\/a><\/em><\/span><\/p>\n<p style=\"padding-left: 30px;\"><span style=\"font-weight: 400;\"><strong>Poulet<\/strong> : Cl\u00e9ment Justin \u2013 la Ferme de l&rsquo;Arche\u00a0 \u00a0<\/span><i><span style=\"font-weight: 400;\">(<\/span><\/i>504 route de Planquery 14270 CORMOLAIN)<i><span style=\"font-weight: 400;\">\u00a0 <a href=\"https:\/\/www.fermedelarche.fr\/\" target=\"_blank\" rel=\"noopener\">leur site<\/a><\/span><\/i><\/p>\n<p style=\"padding-left: 30px;\"><span style=\"font-weight: 400;\"><strong>Agneau<\/strong> : Laurence B\u00e9nard <\/span><i><span style=\"font-weight: 400;\">(Le bourg &#8211; 14230 &#8211; <\/span><\/i><i><span style=\"font-weight: 400;\">Osmanville)<\/span><\/i><\/p>\n","protected":false},"excerpt":{"rendered":"<p>Mara\u00eecher\u00a0(l\u00e9gumes et fruits): L&rsquo;Gardin Partageo\u00a0 \u00a0(Torteval Quesnay)\u00a0 leur site\u00a0\u00a0 leur page Facebook \u0152ufs\u00a0: Mich\u00e8le et Gilles Lecaudey \u2013 Les Enfants de la Bio \u00a0\u00a0(Mandeville en Bessin dans le Calvados) leur site Pommes\/Jus\/Cidre :\u00a0Eric Desprez\u00a0\u00a0(SCEA des Vergers du Calvados) leur site\u00a0\u00a0\u00a0leur page Facebook Tomme : Lo\u00efc Gu\u00e9guen et Louis Baudouin \u2013 GAEC Bois Canon \u00a0\u00a0 (M\u00e9zidon-Canon)\u00a0\u2026<\/p>\n","protected":false},"author":2,"featured_media":8671,"parent":729,"menu_order":0,"comment_status":"closed","ping_status":"closed","template":"","meta":{"footnotes":""},"class_list":["post-989","page","type-page","status-publish","has-post-thumbnail","hentry"],"_wp_attached_file":null,"_wp_attachment_metadata":null,"_menu_item_type":null,"_menu_item_menu_item_parent":null,"_menu_item_object_id":null,"_menu_item_object":null,"_menu_item_target":null,"_menu_item_classes":null,"_menu_item_xfn":null,"_menu_item_url":null,"_eventorganiser_event_schedule":null,"_eventorganiser_schedule_until":null,"_wpas_done_all":null,"_eventorganiser_schedule_start_start":null,"_eventorganiser_schedule_start_finish":null,"_eventorganiser_schedule_last_start":null,"_eventorganiser_schedule_last_finish":null,"_wp_attachment_backup_sizes":null,"_wp_attachment_context":null,"event_address":null,"event_start_date":null,"event_to_time":null,"event_from_time":null,"event_end_date":null,"_oembed_7e6c0eb53f1b87dceeb7157df4c64ecd":null,"_oembed_ac860e2f1183d5fbf8efad3e14b2b998":null,"_oembed_2fa3d1dc2e72f2f3db15582a07766e9d":null,"_oembed_ba1f94dfef6f2f056282005c87e1dd1f":null,"_oembed_b4fa8c58de01621c3377349423193585":null,"_oembed_2c076515dc13114e0a07a701157042d8":null,"_oembed_time_2c076515dc13114e0a07a701157042d8":null,"_su_description":null,"_wp_attachment_is_custom_header":null,"_wp_attachment_custom_header_last_used_enigma":null,"_mc_event_shortcode":null,"_mc_event_access":null,"_mc_event_id":null,"_mc_event_desc":null,"_mc_event_image":null,"_event_time_label":null,"_mc_event_data":null,"_snap_forceSURL":null,"snap_MYURL":null,"snapEdIT":null,"_mc_event_location":null,"_oembed_cdb00187755a40067dfed1152b83fa85":null,"_oembed_2a2b1181a4872c3fcae632ccb831338e":null,"_oembed_223e8f80fcafbbb0e655c3b852ad258b":null,"_oembed_f2dbc4e0e03552dca3704dc9d3b35b81":null,"_oembed_0f31e9c8d775433415a564642134b876":null,"_oembed_37f37d6d5d0f763259b5f2d5c6698765":null,"_oembed_7d585094b05c3c88729a16a5d0b76382":null,"_oembed_49e3f6fef25f62658e66c1baa5716b3c":null,"_oembed_3bbcd6cd9ba0f8e8cead97d8bddbbbae":null,"_oembed_6107383b394908a78bf711554ae8a1e4":null,"_oembed_5d6a5ae5cd2e93d5022ed2485426fcf4":null,"_oembed_422f96ea83a4884539ceb42326a11ee5":null,"_oembed_ab6628735dc0e2101ba08ec87fcef1b7":null,"_oembed_75bd89488fe790d8e4f203396bb84c81":null,"_oembed_time_75bd89488fe790d8e4f203396bb84c81":null,"_oembed_c6d8784021cf1310fe080cd343275a5a":null,"_oembed_time_c6d8784021cf1310fe080cd343275a5a":null,"_wp_attachment_custom_header_last_used_greenigma":null,"_wp_attachment_is_custom_background":null,"enclosure":null,"_oembed_3bca2a21e398bc75f8a1b2ec60f88d23":null,"_oembed_25600d5f25f51af7be904b38ccae40ec":null,"_oembed_time_25600d5f25f51af7be904b38ccae40ec":null,"_mc_guid":null,"_mc4wp_settings":null,"text_subscribed":null,"text_invalid_email":null,"text_required_field_missing":null,"text_already_subscribed":null,"text_error":null,"text_unsubscribed":null,"text_not_subscribed":null,"text_no_lists_selected":null,"text_updated":null,"_bbp_reply_count_hidden":null,"_bbp_topic_count_hidden":null,"_bbp_total_topic_count":null,"_bbp_topic_count":null,"_bbp_total_reply_count":null,"_bbp_reply_count":null,"_bbp_forum_subforum_count":null,"_bbp_last_active_time":null,"user_registration_form_setting_default_user_role":null,"user_registration_form_setting_enable_strong_password":null,"user_registration_form_setting_minimum_password_strength":null,"user_registration_form_setting_form_submit_label":null,"user_registration_form_setting_enable_recaptcha_support":null,"user_registration_form_template":null,"user_registration_form_custom_class":null,"_oembed_ef95b2b98f04716f23e0a4eed7816e1b":null,"_oembed_time_ef95b2b98f04716f23e0a4eed7816e1b":null,"_wp_attachment_image_alt":null,"_mc_event_date":null,"_customize_changeset_uuid":null,"sg_popup_target":null,"sg_popup_events":null,"sg_popup_options":null,"_oembed_caf01abe71309dc253791159ac4336cb":null,"_sgpb_original":null,"sg_popup_events_preview":null,"sg_popup_options_preview":null,"sg_popup_target_preview":null,"user_registration_form_setting_redirect_options":null,"_oembed_10c4a1529e884332ff612b45feeae083":null,"_bbp_forum_id":null,"_bbp_last_topic_id":null,"_bbp_last_reply_id":null,"_bbp_last_active_id":null,"_form":null,"_mail":null,"_mail_2":null,"_messages":null,"_additional_settings":null,"_locale":null,"_elementor_css":null,"_menu_sgpb_popup_id":null,"_oembed_bbc07775835a27fca3dab6de0a78c453":null,"cmplz_tc_document_status":null,"_oembed_a8eea5673581fdb5da3c215c1676eaf2":null,"_oembed_time_a8eea5673581fdb5da3c215c1676eaf2":null,"_bbp_forum_type":null,"_bbp_status":null,"_bbp_total_reply_count_hidden":null,"_wp_page_template":"default","_edit_last":"1","_edit_lock":"1763668523:1","_su_rich_snippet_type":"none","xyz_fbap":null,"xyz_fbap_insert_og":null,"_thumbnail_id":"8671","_jetpack_dont_email_post_to_subs":null,"_su_title":null,"_cmplz_scanned_post":"1","xyz_fbap_future_to_publish":null,"_wp_old_slug":null,"_wp_old_date":null,"cmplz_hide_cookiebanner":"","_elementor_template_type":null,"_elementor_edit_mode":null,"_elementor_data":null,"_elementor_version":null,"_elementor_controls_usage":null,"classic-editor-remember":null,"_wp_trash_meta_status":null,"_wp_trash_meta_time":null,"_wp_desired_post_slug":null,"yoast_head":"<!-- This site is optimized with the Yoast SEO plugin v27.0 - https:\/\/yoast.com\/product\/yoast-seo-wordpress\/ -->\n<title>Les producteurs de l&#039;Amap - Lion Environnement<\/title>\n<meta name=\"robots\" content=\"index, follow, max-snippet:-1, max-image-preview:large, max-video-preview:-1\" \/>\n<link rel=\"canonical\" href=\"https:\/\/lion-environnement.org\/index.php\/presentation-amap\/les-fournisseurs-de-lamap\/\" \/>\n<meta property=\"og:locale\" content=\"fr_FR\" \/>\n<meta property=\"og:type\" content=\"article\" \/>\n<meta property=\"og:title\" content=\"Les producteurs de l&#039;Amap - Lion Environnement\" \/>\n<meta property=\"og:description\" content=\"Mara\u00eecher\u00a0(l\u00e9gumes et fruits): L&rsquo;Gardin Partageo\u00a0 \u00a0(Torteval Quesnay)\u00a0 leur site\u00a0\u00a0 leur page Facebook \u0152ufs\u00a0: Mich\u00e8le et Gilles Lecaudey \u2013 Les Enfants de la Bio \u00a0\u00a0(Mandeville en Bessin dans le Calvados) leur site Pommes\/Jus\/Cidre :\u00a0Eric Desprez\u00a0\u00a0(SCEA des Vergers du Calvados) leur site\u00a0\u00a0\u00a0leur page Facebook Tomme : Lo\u00efc Gu\u00e9guen et Louis Baudouin \u2013 GAEC Bois Canon \u00a0\u00a0 (M\u00e9zidon-Canon)\u00a0\u2026\" \/>\n<meta property=\"og:url\" content=\"https:\/\/lion-environnement.org\/index.php\/presentation-amap\/les-fournisseurs-de-lamap\/\" \/>\n<meta property=\"og:site_name\" content=\"Lion Environnement\" \/>\n<meta property=\"article:publisher\" content=\"https:\/\/www.facebook.com\/LionEnvironnement\/?locale=fr_FR\" \/>\n<meta property=\"article:modified_time\" content=\"2025-11-20T19:54:54+00:00\" \/>\n<meta property=\"og:image\" content=\"https:\/\/lion-environnement.org\/wp-content\/uploads\/2024\/11\/Amap_Photo.jpg\" \/>\n\t<meta property=\"og:image:width\" content=\"790\" \/>\n\t<meta property=\"og:image:height\" content=\"430\" \/>\n\t<meta property=\"og:image:type\" content=\"image\/jpeg\" \/>\n<meta name=\"twitter:card\" content=\"summary_large_image\" \/>\n<meta name=\"twitter:label1\" content=\"Dur\u00e9e de lecture estim\u00e9e\" \/>\n\t<meta name=\"twitter:data1\" content=\"1 minute\" \/>\n<script type=\"application\/ld+json\" class=\"yoast-schema-graph\">{\"@context\":\"https:\/\/schema.org\",\"@graph\":[{\"@type\":\"WebPage\",\"@id\":\"https:\/\/lion-environnement.org\/index.php\/presentation-amap\/les-fournisseurs-de-lamap\/\",\"url\":\"https:\/\/lion-environnement.org\/index.php\/presentation-amap\/les-fournisseurs-de-lamap\/\",\"name\":\"Les producteurs de l'Amap - Lion Environnement\",\"isPartOf\":{\"@id\":\"https:\/\/lion-environnement.org\/#website\"},\"primaryImageOfPage\":{\"@id\":\"https:\/\/lion-environnement.org\/index.php\/presentation-amap\/les-fournisseurs-de-lamap\/#primaryimage\"},\"image\":{\"@id\":\"https:\/\/lion-environnement.org\/index.php\/presentation-amap\/les-fournisseurs-de-lamap\/#primaryimage\"},\"thumbnailUrl\":\"https:\/\/lion-environnement.org\/wp-content\/uploads\/2024\/11\/Amap_Photo.jpg\",\"datePublished\":\"2017-12-01T10:54:14+00:00\",\"dateModified\":\"2025-11-20T19:54:54+00:00\",\"breadcrumb\":{\"@id\":\"https:\/\/lion-environnement.org\/index.php\/presentation-amap\/les-fournisseurs-de-lamap\/#breadcrumb\"},\"inLanguage\":\"fr-FR\",\"potentialAction\":[{\"@type\":\"ReadAction\",\"target\":[\"https:\/\/lion-environnement.org\/index.php\/presentation-amap\/les-fournisseurs-de-lamap\/\"]}]},{\"@type\":\"ImageObject\",\"inLanguage\":\"fr-FR\",\"@id\":\"https:\/\/lion-environnement.org\/index.php\/presentation-amap\/les-fournisseurs-de-lamap\/#primaryimage\",\"url\":\"https:\/\/lion-environnement.org\/wp-content\/uploads\/2024\/11\/Amap_Photo.jpg\",\"contentUrl\":\"https:\/\/lion-environnement.org\/wp-content\/uploads\/2024\/11\/Amap_Photo.jpg\",\"width\":790,\"height\":430},{\"@type\":\"BreadcrumbList\",\"@id\":\"https:\/\/lion-environnement.org\/index.php\/presentation-amap\/les-fournisseurs-de-lamap\/#breadcrumb\",\"itemListElement\":[{\"@type\":\"ListItem\",\"position\":1,\"name\":\"Accueil\",\"item\":\"https:\/\/lion-environnement.org\/\"},{\"@type\":\"ListItem\",\"position\":2,\"name\":\"L&rsquo;AMAP\",\"item\":\"https:\/\/lion-environnement.org\/index.php\/presentation-amap\/\"},{\"@type\":\"ListItem\",\"position\":3,\"name\":\"Les producteurs de l&rsquo;Amap\"}]},{\"@type\":\"WebSite\",\"@id\":\"https:\/\/lion-environnement.org\/#website\",\"url\":\"https:\/\/lion-environnement.org\/\",\"name\":\"Lion Environnement\",\"description\":\"Lions nos \u00e9nergies pour pr\u00e9server l&#039;environnement et la sant\u00e9\",\"publisher\":{\"@id\":\"https:\/\/lion-environnement.org\/#organization\"},\"potentialAction\":[{\"@type\":\"SearchAction\",\"target\":{\"@type\":\"EntryPoint\",\"urlTemplate\":\"https:\/\/lion-environnement.org\/?s={search_term_string}\"},\"query-input\":{\"@type\":\"PropertyValueSpecification\",\"valueRequired\":true,\"valueName\":\"search_term_string\"}}],\"inLanguage\":\"fr-FR\"},{\"@type\":\"Organization\",\"@id\":\"https:\/\/lion-environnement.org\/#organization\",\"name\":\"Lion Environnement\",\"url\":\"https:\/\/lion-environnement.org\/\",\"logo\":{\"@type\":\"ImageObject\",\"inLanguage\":\"fr-FR\",\"@id\":\"https:\/\/lion-environnement.org\/#\/schema\/logo\/image\/\",\"url\":\"https:\/\/lion-environnement.org\/wp-content\/uploads\/2016\/04\/logoLElongWeb-1.jpg\",\"contentUrl\":\"https:\/\/lion-environnement.org\/wp-content\/uploads\/2016\/04\/logoLElongWeb-1.jpg\",\"width\":487,\"height\":113,\"caption\":\"Lion Environnement\"},\"image\":{\"@id\":\"https:\/\/lion-environnement.org\/#\/schema\/logo\/image\/\"},\"sameAs\":[\"https:\/\/www.facebook.com\/LionEnvironnement\/?locale=fr_FR\",\"https:\/\/www.instagram.com\/environnementlion\"]}]}<\/script>\n<!-- \/ Yoast SEO plugin. -->","yoast_head_json":{"title":"Les producteurs de l'Amap - Lion Environnement","robots":{"index":"index","follow":"follow","max-snippet":"max-snippet:-1","max-image-preview":"max-image-preview:large","max-video-preview":"max-video-preview:-1"},"canonical":"https:\/\/lion-environnement.org\/index.php\/presentation-amap\/les-fournisseurs-de-lamap\/","og_locale":"fr_FR","og_type":"article","og_title":"Les producteurs de l'Amap - Lion Environnement","og_description":"Mara\u00eecher\u00a0(l\u00e9gumes et fruits): L&rsquo;Gardin Partageo\u00a0 \u00a0(Torteval Quesnay)\u00a0 leur site\u00a0\u00a0 leur page Facebook \u0152ufs\u00a0: Mich\u00e8le et Gilles Lecaudey \u2013 Les Enfants de la Bio \u00a0\u00a0(Mandeville en Bessin dans le Calvados) leur site Pommes\/Jus\/Cidre :\u00a0Eric Desprez\u00a0\u00a0(SCEA des Vergers du Calvados) leur site\u00a0\u00a0\u00a0leur page Facebook Tomme : Lo\u00efc Gu\u00e9guen et Louis Baudouin \u2013 GAEC Bois Canon \u00a0\u00a0 (M\u00e9zidon-Canon)\u00a0\u2026","og_url":"https:\/\/lion-environnement.org\/index.php\/presentation-amap\/les-fournisseurs-de-lamap\/","og_site_name":"Lion Environnement","article_publisher":"https:\/\/www.facebook.com\/LionEnvironnement\/?locale=fr_FR","article_modified_time":"2025-11-20T19:54:54+00:00","og_image":[{"width":790,"height":430,"url":"https:\/\/lion-environnement.org\/wp-content\/uploads\/2024\/11\/Amap_Photo.jpg","type":"image\/jpeg"}],"twitter_card":"summary_large_image","twitter_misc":{"Dur\u00e9e de lecture estim\u00e9e":"1 minute"},"schema":{"@context":"https:\/\/schema.org","@graph":[{"@type":"WebPage","@id":"https:\/\/lion-environnement.org\/index.php\/presentation-amap\/les-fournisseurs-de-lamap\/","url":"https:\/\/lion-environnement.org\/index.php\/presentation-amap\/les-fournisseurs-de-lamap\/","name":"Les producteurs de l'Amap - Lion Environnement","isPartOf":{"@id":"https:\/\/lion-environnement.org\/#website"},"primaryImageOfPage":{"@id":"https:\/\/lion-environnement.org\/index.php\/presentation-amap\/les-fournisseurs-de-lamap\/#primaryimage"},"image":{"@id":"https:\/\/lion-environnement.org\/index.php\/presentation-amap\/les-fournisseurs-de-lamap\/#primaryimage"},"thumbnailUrl":"https:\/\/lion-environnement.org\/wp-content\/uploads\/2024\/11\/Amap_Photo.jpg","datePublished":"2017-12-01T10:54:14+00:00","dateModified":"2025-11-20T19:54:54+00:00","breadcrumb":{"@id":"https:\/\/lion-environnement.org\/index.php\/presentation-amap\/les-fournisseurs-de-lamap\/#breadcrumb"},"inLanguage":"fr-FR","potentialAction":[{"@type":"ReadAction","target":["https:\/\/lion-environnement.org\/index.php\/presentation-amap\/les-fournisseurs-de-lamap\/"]}]},{"@type":"ImageObject","inLanguage":"fr-FR","@id":"https:\/\/lion-environnement.org\/index.php\/presentation-amap\/les-fournisseurs-de-lamap\/#primaryimage","url":"https:\/\/lion-environnement.org\/wp-content\/uploads\/2024\/11\/Amap_Photo.jpg","contentUrl":"https:\/\/lion-environnement.org\/wp-content\/uploads\/2024\/11\/Amap_Photo.jpg","width":790,"height":430},{"@type":"BreadcrumbList","@id":"https:\/\/lion-environnement.org\/index.php\/presentation-amap\/les-fournisseurs-de-lamap\/#breadcrumb","itemListElement":[{"@type":"ListItem","position":1,"name":"Accueil","item":"https:\/\/lion-environnement.org\/"},{"@type":"ListItem","position":2,"name":"L&rsquo;AMAP","item":"https:\/\/lion-environnement.org\/index.php\/presentation-amap\/"},{"@type":"ListItem","position":3,"name":"Les producteurs de l&rsquo;Amap"}]},{"@type":"WebSite","@id":"https:\/\/lion-environnement.org\/#website","url":"https:\/\/lion-environnement.org\/","name":"Lion Environnement","description":"Lions nos \u00e9nergies pour pr\u00e9server l&#039;environnement et la sant\u00e9","publisher":{"@id":"https:\/\/lion-environnement.org\/#organization"},"potentialAction":[{"@type":"SearchAction","target":{"@type":"EntryPoint","urlTemplate":"https:\/\/lion-environnement.org\/?s={search_term_string}"},"query-input":{"@type":"PropertyValueSpecification","valueRequired":true,"valueName":"search_term_string"}}],"inLanguage":"fr-FR"},{"@type":"Organization","@id":"https:\/\/lion-environnement.org\/#organization","name":"Lion Environnement","url":"https:\/\/lion-environnement.org\/","logo":{"@type":"ImageObject","inLanguage":"fr-FR","@id":"https:\/\/lion-environnement.org\/#\/schema\/logo\/image\/","url":"https:\/\/lion-environnement.org\/wp-content\/uploads\/2016\/04\/logoLElongWeb-1.jpg","contentUrl":"https:\/\/lion-environnement.org\/wp-content\/uploads\/2016\/04\/logoLElongWeb-1.jpg","width":487,"height":113,"caption":"Lion Environnement"},"image":{"@id":"https:\/\/lion-environnement.org\/#\/schema\/logo\/image\/"},"sameAs":["https:\/\/www.facebook.com\/LionEnvironnement\/?locale=fr_FR","https:\/\/www.instagram.com\/environnementlion"]}]}},"_links":{"self":[{"href":"https:\/\/lion-environnement.org\/index.php\/wp-json\/wp\/v2\/pages\/989","targetHints":{"allow":["GET"]}}],"collection":[{"href":"https:\/\/lion-environnement.org\/index.php\/wp-json\/wp\/v2\/pages"}],"about":[{"href":"https:\/\/lion-environnement.org\/index.php\/wp-json\/wp\/v2\/types\/page"}],"author":[{"embeddable":true,"href":"https:\/\/lion-environnement.org\/index.php\/wp-json\/wp\/v2\/users\/2"}],"replies":[{"embeddable":true,"href":"https:\/\/lion-environnement.org\/index.php\/wp-json\/wp\/v2\/comments?post=989"}],"version-history":[{"count":23,"href":"https:\/\/lion-environnement.org\/index.php\/wp-json\/wp\/v2\/pages\/989\/revisions"}],"predecessor-version":[{"id":9250,"href":"https:\/\/lion-environnement.org\/index.php\/wp-json\/wp\/v2\/pages\/989\/revisions\/9250"}],"up":[{"embeddable":true,"href":"https:\/\/lion-environnement.org\/index.php\/wp-json\/wp\/v2\/pages\/729"}],"wp:featuredmedia":[{"embeddable":true,"href":"https:\/\/lion-environnement.org\/index.php\/wp-json\/wp\/v2\/media\/8671"}],"wp:attachment":[{"href":"https:\/\/lion-environnement.org\/index.php\/wp-json\/wp\/v2\/media?parent=989"}],"curies":[{"name":"wp","href":"https:\/\/api.w.org\/{rel}","templated":true}]}}