{"id":8511,"date":"2024-07-01T16:12:02","date_gmt":"2024-07-01T14:12:02","guid":{"rendered":"https:\/\/lion-environnement.org\/?page_id=8511"},"modified":"2025-11-16T21:00:56","modified_gmt":"2025-11-16T20:00:56","slug":"vos-referents-pour-chaque-activite","status":"publish","type":"page","link":"https:\/\/lion-environnement.org\/index.php\/vos-referents-pour-chaque-activite\/","title":{"rendered":"Vos r\u00e9f\u00e9rents pour chaque activit\u00e9"},"content":{"rendered":"\n<figure class=\"wp-block-table\"><table class=\"has-fixed-layout\"><tbody><tr><td>Activit\u00e9<\/td><td>R\u00e9f\u00e9rents<\/td><td>Second\u00e9s par<\/td><\/tr><tr><td>AMAP<\/td><td>Nathalie PICANDET<br>Bruno de LARMINAT<\/td><td>Isabelle HEBERT (l\u00e9gumes, miel)<br>R\u00e9gine COUESPEL (pain, jus de pommes, cidre)<br>Gr\u00e9gory GUILBERT (tomme)<br>Caroline MARIE-CUSSY (\u0153ufs)<br>Virginie WEBEN (l\u00e9gumineuses)<br>Sophie MARPEAUX (produits laitiers)<br>Genevi\u00e8ve QUERE (viandes, poulets)<br>Patrice RENAULT (agrumes)<br>V\u00e9ronique PIGNE (yaourts)<br>Fanette PESCH (aromatiques, confitures et gel\u00e9es)<\/td><\/tr><tr><td>Art au Jardin<\/td><td>Patrice RENAULT<br>Fran\u00e7oise BOISNARD<br><\/td><td>Sylvie BLEAS<br>St\u00e9phanie LUCAS<br>Juliette BECQUART<\/td><\/tr><tr><td>Au pied du mur<\/td><td>Fran\u00e7oise BOISNARD<br>Fran\u00e7oise LECRONIER<\/td><td><\/td><\/tr><tr><td>Compostage collectif<\/td><td>J\u00e9rome CHEVALLIER<br>Nathalie BOUET<\/td><td><\/td><\/tr><tr><td>Films\/ Conf\u00e9rences<\/td><td><br>Bruno DUMEIGE<\/td><td><\/td><\/tr><tr><td>Incroyables Comestibles<\/td><td>Annick DUBOIS<\/td><td>Place Pasteur<br>Christelle GUILLAUMET<br>Emilie JARRY MOULE<br>La mare<br>Alice DEGOUVILLE<br>B\u00e9n\u00e9dicte AUSSENDOU<br>Alissa PASQUIER<br>Rue du stade<br>Annick DUBOIS<\/td><\/tr><tr><td>Jardin Partag\u00e9<\/td><td>Claude MOREL<br>Patrice RENAULT<\/td><td>C\u00e9cile GIRARD-PECCARERE<\/td><\/tr><tr><td>Nettoyage de plage<\/td><td>Bruno de LARMINAT<\/td><td>Annick DUBOIS<br>Brigitte PETITOU<\/td><\/tr><tr><td>Sorties Nature<\/td><td>Bruno DUMEIGE<\/td><td><\/td><\/tr><tr><td>Site WEB et<br>Communication<\/td><td>Patrice RENAULT<br>Annick DUBOIS<br><\/td><td><\/td><\/tr><tr><td>TEN<br>Partenariat Lion sur mer et<br>Lion-Environnement<\/td><td><\/td><td>Virginie WEBEN<br>Bruno DUMEIGE <\/td><\/tr><\/tbody><\/table><\/figure>\n\n\n\n<figure class=\"wp-block-table\"><table class=\"has-fixed-layout\"><thead><tr><th>Domaine<\/th><th>Mail de contact<\/th><\/tr><\/thead><tbody><tr><td>AMAP<\/td><td>lion.environnement.manger.bio (at) gmail.com<\/td><\/tr><tr><td>Rendez-vous aux jardins<\/td><td>artaujardin (at) gmail.com<\/td><\/tr><tr><td>Jardin Partag\u00e9<\/td><td>jardin.partage (at) lion-environnement.org<\/td><\/tr><tr><td>Site WEB et<br>Communication digitale<\/td><td>webmaster (at) lion-environnement.org<\/td><\/tr><tr><td>Autres activit\u00e9s &amp; questions diverses<\/td><td>lion.environnement (at) gmail.com<\/td><\/tr><\/tbody><\/table><\/figure>\n","protected":false},"excerpt":{"rendered":"<p>Activit\u00e9 R\u00e9f\u00e9rents Second\u00e9s par AMAP Nathalie PICANDETBruno de LARMINAT Isabelle HEBERT (l\u00e9gumes, miel)R\u00e9gine COUESPEL (pain, jus de pommes, cidre)Gr\u00e9gory GUILBERT (tomme)Caroline MARIE-CUSSY (\u0153ufs)Virginie WEBEN (l\u00e9gumineuses)Sophie MARPEAUX (produits laitiers)Genevi\u00e8ve QUERE (viandes, poulets)Patrice RENAULT (agrumes)V\u00e9ronique PIGNE (yaourts)Fanette PESCH (aromatiques, confitures et gel\u00e9es) Art au Jardin Patrice RENAULTFran\u00e7oise BOISNARD Sylvie BLEASSt\u00e9phanie LUCASJuliette BECQUART Au pied du mur Fran\u00e7oise\u2026<\/p>\n","protected":false},"author":1564,"featured_media":0,"parent":0,"menu_order":0,"comment_status":"closed","ping_status":"closed","template":"","meta":{"footnotes":""},"class_list":["post-8511","page","type-page","status-publish","hentry"],"_wp_attached_file":null,"_wp_attachment_metadata":null,"_menu_item_type":null,"_menu_item_menu_item_parent":null,"_menu_item_object_id":null,"_menu_item_object":null,"_menu_item_target":null,"_menu_item_classes":null,"_menu_item_xfn":null,"_menu_item_url":null,"_eventorganiser_event_schedule":null,"_eventorganiser_schedule_until":null,"_wpas_done_all":null,"_eventorganiser_schedule_start_start":null,"_eventorganiser_schedule_start_finish":null,"_eventorganiser_schedule_last_start":null,"_eventorganiser_schedule_last_finish":null,"_wp_attachment_backup_sizes":null,"_wp_attachment_context":null,"event_address":null,"event_start_date":null,"event_to_time":null,"event_from_time":null,"event_end_date":null,"_oembed_7e6c0eb53f1b87dceeb7157df4c64ecd":null,"_oembed_ac860e2f1183d5fbf8efad3e14b2b998":null,"_oembed_2fa3d1dc2e72f2f3db15582a07766e9d":null,"_oembed_ba1f94dfef6f2f056282005c87e1dd1f":null,"_oembed_b4fa8c58de01621c3377349423193585":null,"_oembed_2c076515dc13114e0a07a701157042d8":null,"_oembed_time_2c076515dc13114e0a07a701157042d8":null,"_su_description":null,"_wp_attachment_is_custom_header":null,"_wp_attachment_custom_header_last_used_enigma":null,"_mc_event_shortcode":null,"_mc_event_access":null,"_mc_event_id":null,"_mc_event_desc":null,"_mc_event_image":null,"_event_time_label":null,"_mc_event_data":null,"_snap_forceSURL":null,"snap_MYURL":null,"snapEdIT":null,"_mc_event_location":null,"_oembed_cdb00187755a40067dfed1152b83fa85":null,"_oembed_2a2b1181a4872c3fcae632ccb831338e":null,"_oembed_223e8f80fcafbbb0e655c3b852ad258b":null,"_oembed_f2dbc4e0e03552dca3704dc9d3b35b81":null,"_oembed_0f31e9c8d775433415a564642134b876":null,"_oembed_37f37d6d5d0f763259b5f2d5c6698765":null,"_oembed_7d585094b05c3c88729a16a5d0b76382":null,"_oembed_49e3f6fef25f62658e66c1baa5716b3c":null,"_oembed_3bbcd6cd9ba0f8e8cead97d8bddbbbae":null,"_oembed_6107383b394908a78bf711554ae8a1e4":null,"_oembed_5d6a5ae5cd2e93d5022ed2485426fcf4":null,"_oembed_422f96ea83a4884539ceb42326a11ee5":null,"_oembed_ab6628735dc0e2101ba08ec87fcef1b7":null,"_oembed_75bd89488fe790d8e4f203396bb84c81":null,"_oembed_time_75bd89488fe790d8e4f203396bb84c81":null,"_oembed_c6d8784021cf1310fe080cd343275a5a":null,"_oembed_time_c6d8784021cf1310fe080cd343275a5a":null,"_wp_attachment_custom_header_last_used_greenigma":null,"_wp_attachment_is_custom_background":null,"enclosure":null,"_oembed_3bca2a21e398bc75f8a1b2ec60f88d23":null,"_oembed_25600d5f25f51af7be904b38ccae40ec":null,"_oembed_time_25600d5f25f51af7be904b38ccae40ec":null,"_mc_guid":null,"_mc4wp_settings":null,"text_subscribed":null,"text_invalid_email":null,"text_required_field_missing":null,"text_already_subscribed":null,"text_error":null,"text_unsubscribed":null,"text_not_subscribed":null,"text_no_lists_selected":null,"text_updated":null,"_bbp_reply_count_hidden":null,"_bbp_topic_count_hidden":null,"_bbp_total_topic_count":null,"_bbp_topic_count":null,"_bbp_total_reply_count":null,"_bbp_reply_count":null,"_bbp_forum_subforum_count":null,"_bbp_last_active_time":null,"user_registration_form_setting_default_user_role":null,"user_registration_form_setting_enable_strong_password":null,"user_registration_form_setting_minimum_password_strength":null,"user_registration_form_setting_form_submit_label":null,"user_registration_form_setting_enable_recaptcha_support":null,"user_registration_form_template":null,"user_registration_form_custom_class":null,"_oembed_ef95b2b98f04716f23e0a4eed7816e1b":null,"_oembed_time_ef95b2b98f04716f23e0a4eed7816e1b":null,"_wp_attachment_image_alt":null,"_mc_event_date":null,"_customize_changeset_uuid":null,"sg_popup_target":null,"sg_popup_events":null,"sg_popup_options":null,"_oembed_caf01abe71309dc253791159ac4336cb":null,"_sgpb_original":null,"sg_popup_events_preview":null,"sg_popup_options_preview":null,"sg_popup_target_preview":null,"user_registration_form_setting_redirect_options":null,"_oembed_10c4a1529e884332ff612b45feeae083":null,"_bbp_forum_id":null,"_bbp_last_topic_id":null,"_bbp_last_reply_id":null,"_bbp_last_active_id":null,"_form":null,"_mail":null,"_mail_2":null,"_messages":null,"_additional_settings":null,"_locale":null,"_elementor_css":null,"_menu_sgpb_popup_id":null,"_oembed_bbc07775835a27fca3dab6de0a78c453":null,"cmplz_tc_document_status":null,"_oembed_a8eea5673581fdb5da3c215c1676eaf2":null,"_oembed_time_a8eea5673581fdb5da3c215c1676eaf2":null,"_bbp_forum_type":null,"_bbp_status":null,"_bbp_total_reply_count_hidden":null,"_wp_page_template":null,"_edit_last":"1565","_edit_lock":"1763323258:1565","_su_rich_snippet_type":"none","xyz_fbap":null,"xyz_fbap_insert_og":null,"_thumbnail_id":null,"_jetpack_dont_email_post_to_subs":null,"_su_title":null,"_cmplz_scanned_post":null,"xyz_fbap_future_to_publish":null,"_wp_old_slug":null,"_wp_old_date":null,"cmplz_hide_cookiebanner":"","_elementor_template_type":null,"_elementor_edit_mode":null,"_elementor_data":null,"_elementor_version":null,"_elementor_controls_usage":null,"classic-editor-remember":null,"_wp_trash_meta_status":null,"_wp_trash_meta_time":null,"_wp_desired_post_slug":null,"yoast_head":"<!-- This site is optimized with the Yoast SEO plugin v27.0 - https:\/\/yoast.com\/product\/yoast-seo-wordpress\/ -->\n<title>Vos r\u00e9f\u00e9rents pour chaque activit\u00e9 - Lion Environnement<\/title>\n<meta name=\"robots\" content=\"index, follow, max-snippet:-1, max-image-preview:large, max-video-preview:-1\" \/>\n<link rel=\"canonical\" href=\"https:\/\/lion-environnement.org\/index.php\/vos-referents-pour-chaque-activite\/\" \/>\n<meta property=\"og:locale\" content=\"fr_FR\" \/>\n<meta property=\"og:type\" content=\"article\" \/>\n<meta property=\"og:title\" content=\"Vos r\u00e9f\u00e9rents pour chaque activit\u00e9 - Lion Environnement\" \/>\n<meta property=\"og:description\" content=\"Activit\u00e9 R\u00e9f\u00e9rents Second\u00e9s par AMAP Nathalie PICANDETBruno de LARMINAT Isabelle HEBERT (l\u00e9gumes, miel)R\u00e9gine COUESPEL (pain, jus de pommes, cidre)Gr\u00e9gory GUILBERT (tomme)Caroline MARIE-CUSSY (\u0153ufs)Virginie WEBEN (l\u00e9gumineuses)Sophie MARPEAUX (produits laitiers)Genevi\u00e8ve QUERE (viandes, poulets)Patrice RENAULT (agrumes)V\u00e9ronique PIGNE (yaourts)Fanette PESCH (aromatiques, confitures et gel\u00e9es) Art au Jardin Patrice RENAULTFran\u00e7oise BOISNARD Sylvie BLEASSt\u00e9phanie LUCASJuliette BECQUART Au pied du mur Fran\u00e7oise\u2026\" \/>\n<meta property=\"og:url\" content=\"https:\/\/lion-environnement.org\/index.php\/vos-referents-pour-chaque-activite\/\" \/>\n<meta property=\"og:site_name\" content=\"Lion Environnement\" \/>\n<meta property=\"article:publisher\" content=\"https:\/\/www.facebook.com\/LionEnvironnement\/?locale=fr_FR\" \/>\n<meta property=\"article:modified_time\" content=\"2025-11-16T20:00:56+00:00\" \/>\n<meta name=\"twitter:card\" content=\"summary_large_image\" \/>\n<meta name=\"twitter:label1\" content=\"Dur\u00e9e de lecture estim\u00e9e\" \/>\n\t<meta name=\"twitter:data1\" content=\"1 minute\" \/>\n<script type=\"application\/ld+json\" class=\"yoast-schema-graph\">{\"@context\":\"https:\/\/schema.org\",\"@graph\":[{\"@type\":\"WebPage\",\"@id\":\"https:\/\/lion-environnement.org\/index.php\/vos-referents-pour-chaque-activite\/\",\"url\":\"https:\/\/lion-environnement.org\/index.php\/vos-referents-pour-chaque-activite\/\",\"name\":\"Vos r\u00e9f\u00e9rents pour chaque activit\u00e9 - Lion Environnement\",\"isPartOf\":{\"@id\":\"https:\/\/lion-environnement.org\/#website\"},\"datePublished\":\"2024-07-01T14:12:02+00:00\",\"dateModified\":\"2025-11-16T20:00:56+00:00\",\"breadcrumb\":{\"@id\":\"https:\/\/lion-environnement.org\/index.php\/vos-referents-pour-chaque-activite\/#breadcrumb\"},\"inLanguage\":\"fr-FR\",\"potentialAction\":[{\"@type\":\"ReadAction\",\"target\":[\"https:\/\/lion-environnement.org\/index.php\/vos-referents-pour-chaque-activite\/\"]}]},{\"@type\":\"BreadcrumbList\",\"@id\":\"https:\/\/lion-environnement.org\/index.php\/vos-referents-pour-chaque-activite\/#breadcrumb\",\"itemListElement\":[{\"@type\":\"ListItem\",\"position\":1,\"name\":\"Accueil\",\"item\":\"https:\/\/lion-environnement.org\/\"},{\"@type\":\"ListItem\",\"position\":2,\"name\":\"Vos r\u00e9f\u00e9rents pour chaque activit\u00e9\"}]},{\"@type\":\"WebSite\",\"@id\":\"https:\/\/lion-environnement.org\/#website\",\"url\":\"https:\/\/lion-environnement.org\/\",\"name\":\"Lion Environnement\",\"description\":\"Lions nos \u00e9nergies pour pr\u00e9server l&#039;environnement et la sant\u00e9\",\"publisher\":{\"@id\":\"https:\/\/lion-environnement.org\/#organization\"},\"potentialAction\":[{\"@type\":\"SearchAction\",\"target\":{\"@type\":\"EntryPoint\",\"urlTemplate\":\"https:\/\/lion-environnement.org\/?s={search_term_string}\"},\"query-input\":{\"@type\":\"PropertyValueSpecification\",\"valueRequired\":true,\"valueName\":\"search_term_string\"}}],\"inLanguage\":\"fr-FR\"},{\"@type\":\"Organization\",\"@id\":\"https:\/\/lion-environnement.org\/#organization\",\"name\":\"Lion Environnement\",\"url\":\"https:\/\/lion-environnement.org\/\",\"logo\":{\"@type\":\"ImageObject\",\"inLanguage\":\"fr-FR\",\"@id\":\"https:\/\/lion-environnement.org\/#\/schema\/logo\/image\/\",\"url\":\"https:\/\/lion-environnement.org\/wp-content\/uploads\/2016\/04\/logoLElongWeb-1.jpg\",\"contentUrl\":\"https:\/\/lion-environnement.org\/wp-content\/uploads\/2016\/04\/logoLElongWeb-1.jpg\",\"width\":487,\"height\":113,\"caption\":\"Lion Environnement\"},\"image\":{\"@id\":\"https:\/\/lion-environnement.org\/#\/schema\/logo\/image\/\"},\"sameAs\":[\"https:\/\/www.facebook.com\/LionEnvironnement\/?locale=fr_FR\",\"https:\/\/www.instagram.com\/environnementlion\"]}]}<\/script>\n<!-- \/ Yoast SEO plugin. -->","yoast_head_json":{"title":"Vos r\u00e9f\u00e9rents pour chaque activit\u00e9 - Lion Environnement","robots":{"index":"index","follow":"follow","max-snippet":"max-snippet:-1","max-image-preview":"max-image-preview:large","max-video-preview":"max-video-preview:-1"},"canonical":"https:\/\/lion-environnement.org\/index.php\/vos-referents-pour-chaque-activite\/","og_locale":"fr_FR","og_type":"article","og_title":"Vos r\u00e9f\u00e9rents pour chaque activit\u00e9 - Lion Environnement","og_description":"Activit\u00e9 R\u00e9f\u00e9rents Second\u00e9s par AMAP Nathalie PICANDETBruno de LARMINAT Isabelle HEBERT (l\u00e9gumes, miel)R\u00e9gine COUESPEL (pain, jus de pommes, cidre)Gr\u00e9gory GUILBERT (tomme)Caroline MARIE-CUSSY (\u0153ufs)Virginie WEBEN (l\u00e9gumineuses)Sophie MARPEAUX (produits laitiers)Genevi\u00e8ve QUERE (viandes, poulets)Patrice RENAULT (agrumes)V\u00e9ronique PIGNE (yaourts)Fanette PESCH (aromatiques, confitures et gel\u00e9es) Art au Jardin Patrice RENAULTFran\u00e7oise BOISNARD Sylvie BLEASSt\u00e9phanie LUCASJuliette BECQUART Au pied du mur Fran\u00e7oise\u2026","og_url":"https:\/\/lion-environnement.org\/index.php\/vos-referents-pour-chaque-activite\/","og_site_name":"Lion Environnement","article_publisher":"https:\/\/www.facebook.com\/LionEnvironnement\/?locale=fr_FR","article_modified_time":"2025-11-16T20:00:56+00:00","twitter_card":"summary_large_image","twitter_misc":{"Dur\u00e9e de lecture estim\u00e9e":"1 minute"},"schema":{"@context":"https:\/\/schema.org","@graph":[{"@type":"WebPage","@id":"https:\/\/lion-environnement.org\/index.php\/vos-referents-pour-chaque-activite\/","url":"https:\/\/lion-environnement.org\/index.php\/vos-referents-pour-chaque-activite\/","name":"Vos r\u00e9f\u00e9rents pour chaque activit\u00e9 - Lion Environnement","isPartOf":{"@id":"https:\/\/lion-environnement.org\/#website"},"datePublished":"2024-07-01T14:12:02+00:00","dateModified":"2025-11-16T20:00:56+00:00","breadcrumb":{"@id":"https:\/\/lion-environnement.org\/index.php\/vos-referents-pour-chaque-activite\/#breadcrumb"},"inLanguage":"fr-FR","potentialAction":[{"@type":"ReadAction","target":["https:\/\/lion-environnement.org\/index.php\/vos-referents-pour-chaque-activite\/"]}]},{"@type":"BreadcrumbList","@id":"https:\/\/lion-environnement.org\/index.php\/vos-referents-pour-chaque-activite\/#breadcrumb","itemListElement":[{"@type":"ListItem","position":1,"name":"Accueil","item":"https:\/\/lion-environnement.org\/"},{"@type":"ListItem","position":2,"name":"Vos r\u00e9f\u00e9rents pour chaque activit\u00e9"}]},{"@type":"WebSite","@id":"https:\/\/lion-environnement.org\/#website","url":"https:\/\/lion-environnement.org\/","name":"Lion Environnement","description":"Lions nos \u00e9nergies pour pr\u00e9server l&#039;environnement et la sant\u00e9","publisher":{"@id":"https:\/\/lion-environnement.org\/#organization"},"potentialAction":[{"@type":"SearchAction","target":{"@type":"EntryPoint","urlTemplate":"https:\/\/lion-environnement.org\/?s={search_term_string}"},"query-input":{"@type":"PropertyValueSpecification","valueRequired":true,"valueName":"search_term_string"}}],"inLanguage":"fr-FR"},{"@type":"Organization","@id":"https:\/\/lion-environnement.org\/#organization","name":"Lion Environnement","url":"https:\/\/lion-environnement.org\/","logo":{"@type":"ImageObject","inLanguage":"fr-FR","@id":"https:\/\/lion-environnement.org\/#\/schema\/logo\/image\/","url":"https:\/\/lion-environnement.org\/wp-content\/uploads\/2016\/04\/logoLElongWeb-1.jpg","contentUrl":"https:\/\/lion-environnement.org\/wp-content\/uploads\/2016\/04\/logoLElongWeb-1.jpg","width":487,"height":113,"caption":"Lion Environnement"},"image":{"@id":"https:\/\/lion-environnement.org\/#\/schema\/logo\/image\/"},"sameAs":["https:\/\/www.facebook.com\/LionEnvironnement\/?locale=fr_FR","https:\/\/www.instagram.com\/environnementlion"]}]}},"_links":{"self":[{"href":"https:\/\/lion-environnement.org\/index.php\/wp-json\/wp\/v2\/pages\/8511","targetHints":{"allow":["GET"]}}],"collection":[{"href":"https:\/\/lion-environnement.org\/index.php\/wp-json\/wp\/v2\/pages"}],"about":[{"href":"https:\/\/lion-environnement.org\/index.php\/wp-json\/wp\/v2\/types\/page"}],"author":[{"embeddable":true,"href":"https:\/\/lion-environnement.org\/index.php\/wp-json\/wp\/v2\/users\/1564"}],"replies":[{"embeddable":true,"href":"https:\/\/lion-environnement.org\/index.php\/wp-json\/wp\/v2\/comments?post=8511"}],"version-history":[{"count":10,"href":"https:\/\/lion-environnement.org\/index.php\/wp-json\/wp\/v2\/pages\/8511\/revisions"}],"predecessor-version":[{"id":9213,"href":"https:\/\/lion-environnement.org\/index.php\/wp-json\/wp\/v2\/pages\/8511\/revisions\/9213"}],"wp:attachment":[{"href":"https:\/\/lion-environnement.org\/index.php\/wp-json\/wp\/v2\/media?parent=8511"}],"curies":[{"name":"wp","href":"https:\/\/api.w.org\/{rel}","templated":true}]}}