{"id":8231,"date":"2024-05-27T14:05:55","date_gmt":"2024-05-27T12:05:55","guid":{"rendered":"https:\/\/lion-environnement.org\/?page_id=8231"},"modified":"2024-05-28T11:36:27","modified_gmt":"2024-05-28T09:36:27","slug":"art-au-jardin-2024","status":"publish","type":"page","link":"https:\/\/lion-environnement.org\/index.php\/art-au-jardin-2024\/","title":{"rendered":"Art au jardin 2024"},"content":{"rendered":"\n<h2>Rendez-vous aux jardins pour une balade sensorielle !<\/h2>\n<p>Dimanche 2 juin, l\u2019art s\u2019invite au jardin pour la 9\u00e8me \u00e9dition de la manifestation l\u2019Art au jardin propos\u00e9e par Lion Environnement.<\/p>\n\n\n\n<p>T\u00e9l\u00e9chargez <a href=\"https:\/\/lion-environnement.org\/wp-content\/uploads\/2024\/05\/AAJ-2024-reduce.pdf\" target=\"_blank\" rel=\"noreferrer noopener\">le programme ici<\/a><\/p>\n\n\n\n<p>Category : <a href=\"https:\/\/lion-environnement.org\/index.php\/category\/activite\/\">activit\u00e9s<\/a> <a href=\"https:\/\/lion-environnement.org\/index.php\/category\/actualite\/\">actualit\u00e9s<\/a> <a href=\"https:\/\/lion-environnement.org\/index.php\/category\/art-au-jardin-2\/\">art au jardin<\/a> <a href=\"https:\/\/lion-environnement.org\/index.php\/category\/activite\/sorties-nature\/\">sorties nature<\/a><\/p>\n\n\n\n<figure class=\"wp-block-image size-full\"><img loading=\"lazy\" decoding=\"async\" width=\"2560\" height=\"1810\" src=\"https:\/\/lion-environnement.org\/wp-content\/uploads\/2024\/05\/AAJ-2024_23mai-scaled.jpg\" alt=\"\" class=\"wp-image-8271\" style=\"object-fit:cover\" srcset=\"https:\/\/lion-environnement.org\/wp-content\/uploads\/2024\/05\/AAJ-2024_23mai-scaled.jpg 2560w, https:\/\/lion-environnement.org\/wp-content\/uploads\/2024\/05\/AAJ-2024_23mai-300x212.jpg 300w, https:\/\/lion-environnement.org\/wp-content\/uploads\/2024\/05\/AAJ-2024_23mai-1024x724.jpg 1024w, https:\/\/lion-environnement.org\/wp-content\/uploads\/2024\/05\/AAJ-2024_23mai-768x543.jpg 768w, https:\/\/lion-environnement.org\/wp-content\/uploads\/2024\/05\/AAJ-2024_23mai-1536x1086.jpg 1536w, https:\/\/lion-environnement.org\/wp-content\/uploads\/2024\/05\/AAJ-2024_23mai-2048x1448.jpg 2048w, https:\/\/lion-environnement.org\/wp-content\/uploads\/2024\/05\/AAJ-2024_23mai-1320x933.jpg 1320w\" sizes=\"auto, (max-width: 2560px) 100vw, 2560px\" \/><\/figure>\n\n\n\n<p>Initi\u00e9s par le Minist\u00e8re de la Culture et mis en \u0153uvre par les Directions R\u00e9gionales des Affaires Culturelles, les Rendez-vous aux Jardins se tiendront le samedi 1er et le dimanche 2 juin 2024, partout en France mais aussi dans une vingtaine d\u2019autres pays europ\u00e9ens.<br>Pour la 9\u00e8me fois, cette manifestation, d\u00e9clin\u00e9e localement en \u00abArt au jardin\u00bb, sera organis\u00e9e par Lion Environnement.<br>Le th\u00e8me des 5 sens au jardin invitera le public \u00e0 explorer la diversit\u00e9 des 7 jardins lionnais retenus pour cette nouvelle \u00e9dition : jardin nourricier avec potager et&nbsp; poulailler ou jardin d\u2019agr\u00e9ment fleuri et arbor\u00e9, jardin exotique avec ses bambous ou jardin plus traditionnel,&nbsp; jardin ouvert ou jardin plus sauvage dans lequel il est agr\u00e9able de se faufiler entre les bosquets\u2026, C\u00f4t\u00e9 animation, c\u2019est plus de quinze exposants et une dizaine de groupes musicaux qui vous attendent au c\u0153ur de ces jardins ouverts par des particuliers. Sans oublier la pi\u00e8ce de th\u00e9\u00e2tre \u00ab&nbsp;Le plaisir du pissenlit&nbsp;\u00bb jou\u00e9e par la troupe de l\u2019association \u00ab&nbsp;Plut\u00f4t debout qu\u2019assis&nbsp;\u00bb, la r\u00e9alisation par Pierre Alu d\u2019une fresque sur le mur de l\u2019\u00e9cole primaire tandis que dans la cour, le club de danse fera une d\u00e9monstration.<br>A l\u2019Escarfeuille, le jardin partag\u00e9 de l\u2019association Lion Environnement, la parcelle des plantes aromatiques \u00e9veillera l\u2019odorat des visiteurs, la roseraie attirera leur regard. Pour commencer ce week-end sensoriel, rendez-vous est donn\u00e9 d\u2019ailleurs, le samedi 1 juin \u00e0 10h au Jardin Partag\u00e9, o\u00f9 Bruno, ornithologue, accompagnera les participants \u00e0 la d\u00e9couverte du chant des oiseaux.<br>Cette promenade dominicale \u00e0 travers Lion-sur-mer sera aussi l\u2019occasion de d\u00e9couvrir les actions men\u00e9es par l\u2019Association et la Municipalit\u00e9 dans le cadre de l\u2019op\u00e9ration Territoire Engag\u00e9 pour la Nature : les nichoirs pour les martinets install\u00e9s \u00e0 l\u2019\u00e9glise ou chez des particuliers,&nbsp; les arbres plant\u00e9s dans les rues parrain\u00e9s par les enfants, le fleurissement des trottoirs avec \u00abAu Pied du Mur\u00bb pour pr\u00e9server la biodiversit\u00e9.<br>Cet \u00e9v\u00e9nement culturel et festif est soutenu par la Municipalit\u00e9 et les restaurants partenaires de Lion-sur-mer qui proposeront aux visiteurs la possibilit\u00e9 de d\u00e9jeuner.<\/p>\n\n\n\n<p><br>Retrouvez toutes les informations <br>sur le flyer joint, <a href=\"https:\/\/lion-environnement.org\/wp-content\/uploads\/2024\/05\/AAJ-2024-reduce.pdf\" target=\"_blank\" rel=\"noreferrer noopener\">(\u00e0 t\u00e9l\u00e9charger ici)<\/a><br>au point info le jour m\u00eame (carrefour bd Carnot\/rue Edmond Bellin).<\/p>\n\n\n\n<p>Et sur la page FB : <a href=\"http:\/\/www.facebook.com\/profile.php?id=61557060209871\">Arts aux jardins Lion-sur-mer<\/a><\/p>\n\n\n\n<p><\/p>\n","protected":false},"excerpt":{"rendered":"<p>Rendez-vous aux jardins pour une balade sensorielle ! Dimanche 2 juin, l\u2019art s\u2019invite au jardin pour la 9\u00e8me \u00e9dition de la manifestation l\u2019Art au jardin propos\u00e9e par Lion Environnement. T\u00e9l\u00e9chargez le programme ici Category : activit\u00e9s actualit\u00e9s art au jardin sorties nature Initi\u00e9s par le Minist\u00e8re de la Culture et mis en \u0153uvre par les\u2026<\/p>\n","protected":false},"author":1564,"featured_media":0,"parent":0,"menu_order":0,"comment_status":"closed","ping_status":"closed","template":"","meta":{"footnotes":""},"class_list":["post-8231","page","type-page","status-publish","hentry"],"_wp_attached_file":null,"_wp_attachment_metadata":null,"_menu_item_type":null,"_menu_item_menu_item_parent":null,"_menu_item_object_id":null,"_menu_item_object":null,"_menu_item_target":null,"_menu_item_classes":null,"_menu_item_xfn":null,"_menu_item_url":null,"_eventorganiser_event_schedule":null,"_eventorganiser_schedule_until":null,"_wpas_done_all":null,"_eventorganiser_schedule_start_start":null,"_eventorganiser_schedule_start_finish":null,"_eventorganiser_schedule_last_start":null,"_eventorganiser_schedule_last_finish":null,"_wp_attachment_backup_sizes":null,"_wp_attachment_context":null,"event_address":null,"event_start_date":null,"event_to_time":null,"event_from_time":null,"event_end_date":null,"_oembed_7e6c0eb53f1b87dceeb7157df4c64ecd":null,"_oembed_ac860e2f1183d5fbf8efad3e14b2b998":null,"_oembed_2fa3d1dc2e72f2f3db15582a07766e9d":null,"_oembed_ba1f94dfef6f2f056282005c87e1dd1f":null,"_oembed_b4fa8c58de01621c3377349423193585":null,"_oembed_2c076515dc13114e0a07a701157042d8":null,"_oembed_time_2c076515dc13114e0a07a701157042d8":null,"_su_description":null,"_wp_attachment_is_custom_header":null,"_wp_attachment_custom_header_last_used_enigma":null,"_mc_event_shortcode":null,"_mc_event_access":null,"_mc_event_id":null,"_mc_event_desc":null,"_mc_event_image":null,"_event_time_label":null,"_mc_event_data":null,"_snap_forceSURL":null,"snap_MYURL":null,"snapEdIT":null,"_mc_event_location":null,"_oembed_cdb00187755a40067dfed1152b83fa85":null,"_oembed_2a2b1181a4872c3fcae632ccb831338e":null,"_oembed_223e8f80fcafbbb0e655c3b852ad258b":null,"_oembed_f2dbc4e0e03552dca3704dc9d3b35b81":null,"_oembed_0f31e9c8d775433415a564642134b876":null,"_oembed_37f37d6d5d0f763259b5f2d5c6698765":null,"_oembed_7d585094b05c3c88729a16a5d0b76382":null,"_oembed_49e3f6fef25f62658e66c1baa5716b3c":null,"_oembed_3bbcd6cd9ba0f8e8cead97d8bddbbbae":null,"_oembed_6107383b394908a78bf711554ae8a1e4":null,"_oembed_5d6a5ae5cd2e93d5022ed2485426fcf4":null,"_oembed_422f96ea83a4884539ceb42326a11ee5":null,"_oembed_ab6628735dc0e2101ba08ec87fcef1b7":null,"_oembed_75bd89488fe790d8e4f203396bb84c81":null,"_oembed_time_75bd89488fe790d8e4f203396bb84c81":null,"_oembed_c6d8784021cf1310fe080cd343275a5a":null,"_oembed_time_c6d8784021cf1310fe080cd343275a5a":null,"_wp_attachment_custom_header_last_used_greenigma":null,"_wp_attachment_is_custom_background":null,"enclosure":null,"_oembed_3bca2a21e398bc75f8a1b2ec60f88d23":null,"_oembed_25600d5f25f51af7be904b38ccae40ec":null,"_oembed_time_25600d5f25f51af7be904b38ccae40ec":null,"_mc_guid":null,"_mc4wp_settings":null,"text_subscribed":null,"text_invalid_email":null,"text_required_field_missing":null,"text_already_subscribed":null,"text_error":null,"text_unsubscribed":null,"text_not_subscribed":null,"text_no_lists_selected":null,"text_updated":null,"_bbp_reply_count_hidden":null,"_bbp_topic_count_hidden":null,"_bbp_total_topic_count":null,"_bbp_topic_count":null,"_bbp_total_reply_count":null,"_bbp_reply_count":null,"_bbp_forum_subforum_count":null,"_bbp_last_active_time":null,"user_registration_form_setting_default_user_role":null,"user_registration_form_setting_enable_strong_password":null,"user_registration_form_setting_minimum_password_strength":null,"user_registration_form_setting_form_submit_label":null,"user_registration_form_setting_enable_recaptcha_support":null,"user_registration_form_template":null,"user_registration_form_custom_class":null,"_oembed_ef95b2b98f04716f23e0a4eed7816e1b":null,"_oembed_time_ef95b2b98f04716f23e0a4eed7816e1b":null,"_wp_attachment_image_alt":null,"_mc_event_date":null,"_customize_changeset_uuid":null,"sg_popup_target":null,"sg_popup_events":null,"sg_popup_options":null,"_oembed_caf01abe71309dc253791159ac4336cb":null,"_sgpb_original":null,"sg_popup_events_preview":null,"sg_popup_options_preview":null,"sg_popup_target_preview":null,"user_registration_form_setting_redirect_options":null,"_oembed_10c4a1529e884332ff612b45feeae083":null,"_bbp_forum_id":null,"_bbp_last_topic_id":null,"_bbp_last_reply_id":null,"_bbp_last_active_id":null,"_form":null,"_mail":null,"_mail_2":null,"_messages":null,"_additional_settings":null,"_locale":null,"_elementor_css":null,"_menu_sgpb_popup_id":null,"_oembed_bbc07775835a27fca3dab6de0a78c453":null,"cmplz_tc_document_status":null,"_oembed_a8eea5673581fdb5da3c215c1676eaf2":null,"_oembed_time_a8eea5673581fdb5da3c215c1676eaf2":null,"_bbp_forum_type":null,"_bbp_status":null,"_bbp_total_reply_count_hidden":null,"_wp_page_template":null,"_edit_last":"1559","_edit_lock":"1763330533:1565","_su_rich_snippet_type":"none","xyz_fbap":null,"xyz_fbap_insert_og":null,"_thumbnail_id":null,"_jetpack_dont_email_post_to_subs":null,"_su_title":null,"_cmplz_scanned_post":null,"xyz_fbap_future_to_publish":null,"_wp_old_slug":null,"_wp_old_date":null,"cmplz_hide_cookiebanner":"","_elementor_template_type":null,"_elementor_edit_mode":null,"_elementor_data":null,"_elementor_version":null,"_elementor_controls_usage":null,"classic-editor-remember":null,"_wp_trash_meta_status":null,"_wp_trash_meta_time":null,"_wp_desired_post_slug":null,"yoast_head":"<!-- This site is optimized with the Yoast SEO plugin v27.4 - https:\/\/yoast.com\/product\/yoast-seo-wordpress\/ -->\n<title>Art au jardin 2024 - Lion Environnement<\/title>\n<meta name=\"robots\" content=\"index, follow, max-snippet:-1, max-image-preview:large, max-video-preview:-1\" \/>\n<link rel=\"canonical\" href=\"https:\/\/lion-environnement.org\/index.php\/art-au-jardin-2024\/\" \/>\n<meta property=\"og:locale\" content=\"fr_FR\" \/>\n<meta property=\"og:type\" content=\"article\" \/>\n<meta property=\"og:title\" content=\"Art au jardin 2024 - Lion Environnement\" \/>\n<meta property=\"og:description\" content=\"Rendez-vous aux jardins pour une balade sensorielle ! Dimanche 2 juin, l\u2019art s\u2019invite au jardin pour la 9\u00e8me \u00e9dition de la manifestation l\u2019Art au jardin propos\u00e9e par Lion Environnement. T\u00e9l\u00e9chargez le programme ici Category : activit\u00e9s actualit\u00e9s art au jardin sorties nature Initi\u00e9s par le Minist\u00e8re de la Culture et mis en \u0153uvre par les\u2026\" \/>\n<meta property=\"og:url\" content=\"https:\/\/lion-environnement.org\/index.php\/art-au-jardin-2024\/\" \/>\n<meta property=\"og:site_name\" content=\"Lion Environnement\" \/>\n<meta property=\"article:publisher\" content=\"https:\/\/www.facebook.com\/LionEnvironnement\/?locale=fr_FR\" \/>\n<meta property=\"article:modified_time\" content=\"2024-05-28T09:36:27+00:00\" \/>\n<meta property=\"og:image\" content=\"https:\/\/lion-environnement.org\/wp-content\/uploads\/2024\/05\/AAJ-2024_23mai-scaled.jpg\" \/>\n\t<meta property=\"og:image:width\" content=\"2560\" \/>\n\t<meta property=\"og:image:height\" content=\"1810\" \/>\n\t<meta property=\"og:image:type\" content=\"image\/jpeg\" \/>\n<meta name=\"twitter:card\" content=\"summary_large_image\" \/>\n<meta name=\"twitter:label1\" content=\"Dur\u00e9e de lecture estim\u00e9e\" \/>\n\t<meta name=\"twitter:data1\" content=\"2 minutes\" \/>\n<script type=\"application\/ld+json\" class=\"yoast-schema-graph\">{\"@context\":\"https:\\\/\\\/schema.org\",\"@graph\":[{\"@type\":\"WebPage\",\"@id\":\"https:\\\/\\\/lion-environnement.org\\\/index.php\\\/art-au-jardin-2024\\\/\",\"url\":\"https:\\\/\\\/lion-environnement.org\\\/index.php\\\/art-au-jardin-2024\\\/\",\"name\":\"Art au jardin 2024 - Lion Environnement\",\"isPartOf\":{\"@id\":\"https:\\\/\\\/lion-environnement.org\\\/#website\"},\"primaryImageOfPage\":{\"@id\":\"https:\\\/\\\/lion-environnement.org\\\/index.php\\\/art-au-jardin-2024\\\/#primaryimage\"},\"image\":{\"@id\":\"https:\\\/\\\/lion-environnement.org\\\/index.php\\\/art-au-jardin-2024\\\/#primaryimage\"},\"thumbnailUrl\":\"https:\\\/\\\/lion-environnement.org\\\/wp-content\\\/uploads\\\/2024\\\/05\\\/AAJ-2024_23mai-scaled.jpg\",\"datePublished\":\"2024-05-27T12:05:55+00:00\",\"dateModified\":\"2024-05-28T09:36:27+00:00\",\"breadcrumb\":{\"@id\":\"https:\\\/\\\/lion-environnement.org\\\/index.php\\\/art-au-jardin-2024\\\/#breadcrumb\"},\"inLanguage\":\"fr-FR\",\"potentialAction\":[{\"@type\":\"ReadAction\",\"target\":[\"https:\\\/\\\/lion-environnement.org\\\/index.php\\\/art-au-jardin-2024\\\/\"]}]},{\"@type\":\"ImageObject\",\"inLanguage\":\"fr-FR\",\"@id\":\"https:\\\/\\\/lion-environnement.org\\\/index.php\\\/art-au-jardin-2024\\\/#primaryimage\",\"url\":\"https:\\\/\\\/lion-environnement.org\\\/wp-content\\\/uploads\\\/2024\\\/05\\\/AAJ-2024_23mai-scaled.jpg\",\"contentUrl\":\"https:\\\/\\\/lion-environnement.org\\\/wp-content\\\/uploads\\\/2024\\\/05\\\/AAJ-2024_23mai-scaled.jpg\",\"width\":2560,\"height\":1810},{\"@type\":\"BreadcrumbList\",\"@id\":\"https:\\\/\\\/lion-environnement.org\\\/index.php\\\/art-au-jardin-2024\\\/#breadcrumb\",\"itemListElement\":[{\"@type\":\"ListItem\",\"position\":1,\"name\":\"Accueil\",\"item\":\"https:\\\/\\\/lion-environnement.org\\\/\"},{\"@type\":\"ListItem\",\"position\":2,\"name\":\"Art au jardin 2024\"}]},{\"@type\":\"WebSite\",\"@id\":\"https:\\\/\\\/lion-environnement.org\\\/#website\",\"url\":\"https:\\\/\\\/lion-environnement.org\\\/\",\"name\":\"Lion Environnement\",\"description\":\"Lions nos \u00e9nergies pour pr\u00e9server l&#039;environnement et la sant\u00e9\",\"publisher\":{\"@id\":\"https:\\\/\\\/lion-environnement.org\\\/#organization\"},\"potentialAction\":[{\"@type\":\"SearchAction\",\"target\":{\"@type\":\"EntryPoint\",\"urlTemplate\":\"https:\\\/\\\/lion-environnement.org\\\/?s={search_term_string}\"},\"query-input\":{\"@type\":\"PropertyValueSpecification\",\"valueRequired\":true,\"valueName\":\"search_term_string\"}}],\"inLanguage\":\"fr-FR\"},{\"@type\":\"Organization\",\"@id\":\"https:\\\/\\\/lion-environnement.org\\\/#organization\",\"name\":\"Lion Environnement\",\"url\":\"https:\\\/\\\/lion-environnement.org\\\/\",\"logo\":{\"@type\":\"ImageObject\",\"inLanguage\":\"fr-FR\",\"@id\":\"https:\\\/\\\/lion-environnement.org\\\/#\\\/schema\\\/logo\\\/image\\\/\",\"url\":\"https:\\\/\\\/lion-environnement.org\\\/wp-content\\\/uploads\\\/2016\\\/04\\\/logoLElongWeb-1.jpg\",\"contentUrl\":\"https:\\\/\\\/lion-environnement.org\\\/wp-content\\\/uploads\\\/2016\\\/04\\\/logoLElongWeb-1.jpg\",\"width\":487,\"height\":113,\"caption\":\"Lion Environnement\"},\"image\":{\"@id\":\"https:\\\/\\\/lion-environnement.org\\\/#\\\/schema\\\/logo\\\/image\\\/\"},\"sameAs\":[\"https:\\\/\\\/www.facebook.com\\\/LionEnvironnement\\\/?locale=fr_FR\",\"https:\\\/\\\/www.instagram.com\\\/environnementlion\"]}]}<\/script>\n<!-- \/ Yoast SEO plugin. -->","yoast_head_json":{"title":"Art au jardin 2024 - Lion Environnement","robots":{"index":"index","follow":"follow","max-snippet":"max-snippet:-1","max-image-preview":"max-image-preview:large","max-video-preview":"max-video-preview:-1"},"canonical":"https:\/\/lion-environnement.org\/index.php\/art-au-jardin-2024\/","og_locale":"fr_FR","og_type":"article","og_title":"Art au jardin 2024 - Lion Environnement","og_description":"Rendez-vous aux jardins pour une balade sensorielle ! Dimanche 2 juin, l\u2019art s\u2019invite au jardin pour la 9\u00e8me \u00e9dition de la manifestation l\u2019Art au jardin propos\u00e9e par Lion Environnement. T\u00e9l\u00e9chargez le programme ici Category : activit\u00e9s actualit\u00e9s art au jardin sorties nature Initi\u00e9s par le Minist\u00e8re de la Culture et mis en \u0153uvre par les\u2026","og_url":"https:\/\/lion-environnement.org\/index.php\/art-au-jardin-2024\/","og_site_name":"Lion Environnement","article_publisher":"https:\/\/www.facebook.com\/LionEnvironnement\/?locale=fr_FR","article_modified_time":"2024-05-28T09:36:27+00:00","og_image":[{"width":2560,"height":1810,"url":"https:\/\/lion-environnement.org\/wp-content\/uploads\/2024\/05\/AAJ-2024_23mai-scaled.jpg","type":"image\/jpeg"}],"twitter_card":"summary_large_image","twitter_misc":{"Dur\u00e9e de lecture estim\u00e9e":"2 minutes"},"schema":{"@context":"https:\/\/schema.org","@graph":[{"@type":"WebPage","@id":"https:\/\/lion-environnement.org\/index.php\/art-au-jardin-2024\/","url":"https:\/\/lion-environnement.org\/index.php\/art-au-jardin-2024\/","name":"Art au jardin 2024 - Lion Environnement","isPartOf":{"@id":"https:\/\/lion-environnement.org\/#website"},"primaryImageOfPage":{"@id":"https:\/\/lion-environnement.org\/index.php\/art-au-jardin-2024\/#primaryimage"},"image":{"@id":"https:\/\/lion-environnement.org\/index.php\/art-au-jardin-2024\/#primaryimage"},"thumbnailUrl":"https:\/\/lion-environnement.org\/wp-content\/uploads\/2024\/05\/AAJ-2024_23mai-scaled.jpg","datePublished":"2024-05-27T12:05:55+00:00","dateModified":"2024-05-28T09:36:27+00:00","breadcrumb":{"@id":"https:\/\/lion-environnement.org\/index.php\/art-au-jardin-2024\/#breadcrumb"},"inLanguage":"fr-FR","potentialAction":[{"@type":"ReadAction","target":["https:\/\/lion-environnement.org\/index.php\/art-au-jardin-2024\/"]}]},{"@type":"ImageObject","inLanguage":"fr-FR","@id":"https:\/\/lion-environnement.org\/index.php\/art-au-jardin-2024\/#primaryimage","url":"https:\/\/lion-environnement.org\/wp-content\/uploads\/2024\/05\/AAJ-2024_23mai-scaled.jpg","contentUrl":"https:\/\/lion-environnement.org\/wp-content\/uploads\/2024\/05\/AAJ-2024_23mai-scaled.jpg","width":2560,"height":1810},{"@type":"BreadcrumbList","@id":"https:\/\/lion-environnement.org\/index.php\/art-au-jardin-2024\/#breadcrumb","itemListElement":[{"@type":"ListItem","position":1,"name":"Accueil","item":"https:\/\/lion-environnement.org\/"},{"@type":"ListItem","position":2,"name":"Art au jardin 2024"}]},{"@type":"WebSite","@id":"https:\/\/lion-environnement.org\/#website","url":"https:\/\/lion-environnement.org\/","name":"Lion Environnement","description":"Lions nos \u00e9nergies pour pr\u00e9server l&#039;environnement et la sant\u00e9","publisher":{"@id":"https:\/\/lion-environnement.org\/#organization"},"potentialAction":[{"@type":"SearchAction","target":{"@type":"EntryPoint","urlTemplate":"https:\/\/lion-environnement.org\/?s={search_term_string}"},"query-input":{"@type":"PropertyValueSpecification","valueRequired":true,"valueName":"search_term_string"}}],"inLanguage":"fr-FR"},{"@type":"Organization","@id":"https:\/\/lion-environnement.org\/#organization","name":"Lion Environnement","url":"https:\/\/lion-environnement.org\/","logo":{"@type":"ImageObject","inLanguage":"fr-FR","@id":"https:\/\/lion-environnement.org\/#\/schema\/logo\/image\/","url":"https:\/\/lion-environnement.org\/wp-content\/uploads\/2016\/04\/logoLElongWeb-1.jpg","contentUrl":"https:\/\/lion-environnement.org\/wp-content\/uploads\/2016\/04\/logoLElongWeb-1.jpg","width":487,"height":113,"caption":"Lion Environnement"},"image":{"@id":"https:\/\/lion-environnement.org\/#\/schema\/logo\/image\/"},"sameAs":["https:\/\/www.facebook.com\/LionEnvironnement\/?locale=fr_FR","https:\/\/www.instagram.com\/environnementlion"]}]}},"_links":{"self":[{"href":"https:\/\/lion-environnement.org\/index.php\/wp-json\/wp\/v2\/pages\/8231","targetHints":{"allow":["GET"]}}],"collection":[{"href":"https:\/\/lion-environnement.org\/index.php\/wp-json\/wp\/v2\/pages"}],"about":[{"href":"https:\/\/lion-environnement.org\/index.php\/wp-json\/wp\/v2\/types\/page"}],"author":[{"embeddable":true,"href":"https:\/\/lion-environnement.org\/index.php\/wp-json\/wp\/v2\/users\/1564"}],"replies":[{"embeddable":true,"href":"https:\/\/lion-environnement.org\/index.php\/wp-json\/wp\/v2\/comments?post=8231"}],"version-history":[{"count":15,"href":"https:\/\/lion-environnement.org\/index.php\/wp-json\/wp\/v2\/pages\/8231\/revisions"}],"predecessor-version":[{"id":8278,"href":"https:\/\/lion-environnement.org\/index.php\/wp-json\/wp\/v2\/pages\/8231\/revisions\/8278"}],"wp:attachment":[{"href":"https:\/\/lion-environnement.org\/index.php\/wp-json\/wp\/v2\/media?parent=8231"}],"curies":[{"name":"wp","href":"https:\/\/api.w.org\/{rel}","templated":true}]}}