{"id":7586,"date":"2023-04-11T18:10:34","date_gmt":"2023-04-11T16:10:34","guid":{"rendered":"https:\/\/lion-environnement.org\/?page_id=7586"},"modified":"2023-06-02T12:07:12","modified_gmt":"2023-06-02T10:07:12","slug":"aaj-2023","status":"publish","type":"page","link":"https:\/\/lion-environnement.org\/index.php\/aaj-2023\/","title":{"rendered":"Art aux Jardins 2023 &#8211; Le Programme"},"content":{"rendered":"\n<p id=\"AAJ23top\">Pour vous orienter dans cet \u00e9v\u00e9nement<\/p>\n\n\n\n<p><a href=\"#AAJ23musique\">Les musiques du jardin<\/a><br><a href=\"#AAJ23artistes\">Les artistes du jardin<\/a><br><a href=\"#AAJ23plan\">Le plan des jardins<\/a><\/p>\n\n\n\n<h2 class=\"wp-block-heading\" id=\"AAJ23musique\">Les musiques du jardin<\/h2>\n\n\n\n<figure class=\"wp-block-table\"><table><tbody><tr><td><\/td><td class=\"has-text-align-center\" data-align=\"center\">JARDIN<\/td><td>Artiste<\/td><td><\/td><td>Horaire<\/td><\/tr><tr><td><\/td><td class=\"has-text-align-center\" data-align=\"center\">Z\u00e9phyr<\/td><td>Sylvie Huguenin &amp; Anne Gherrack<br><br>Boryvage<\/td><td>Piano &amp; Textes<br><br>Violon et piano<\/td><td>11h15<br>13h<br>12h15 <br>14h15<\/td><\/tr><tr><td><\/td><td class=\"has-text-align-center\" data-align=\"center\">3 Cerisiers<\/td><td>Sylvie Huguenin &amp; Anne Gherrack<br>Swing the Nacre<\/td><td>Piano &amp; Textes<br>Jazz New Orleans<\/td><td>15h<br>11h30<br>16h00<\/td><\/tr><tr><td><br><\/td><td class=\"has-text-align-center\" data-align=\"center\">Basile<\/td><td>La Si dans le coin<\/td><td>Trad et pop<\/td><td>12h <br>14h30<\/td><\/tr><tr><td><\/td><td class=\"has-text-align-center\" data-align=\"center\">Le Vivier<\/td><td>Oldies But Goodies<\/td><td>Rock 60, 80<\/td><td>11h<br>16h15<\/td><\/tr><tr><td><\/td><td class=\"has-text-align-center\" data-align=\"center\">Emaux et<br>Fleurs<\/td><td>Michel Z<br><br>Didier Vall\u00e9e<br><\/td><td>Folk et pop<br><br>Jazz Bossa Nova<br><\/td><td>11h<br>14h<br>16h<br>17h<\/td><\/tr><tr><td><\/td><td class=\"has-text-align-center\" data-align=\"center\">Am\u00e9lie<\/td><td>L&rsquo;Air de Rien<br><br>LA BONNE ARRIVEE<\/td><td>Chanson francaise et<br>Musique du monde<br>Th\u00e9\u00e2tre \u00ab\u00a0L&rsquo;attente\u00a0\u00bb<\/td><td>11h<br><br>14h<\/td><\/tr><tr><td><\/td><td class=\"has-text-align-center\" data-align=\"center\">Lumineux<\/td><td>Kris&rsquo;peezzz<br><br>Alice Fourmy<\/td><td>Rock acoustique<br><br>Vari\u00e9t\u00e9s francaises et<br>internationales<\/td><td>11h30<br>16h<br>14h<\/td><\/tr><\/tbody><\/table><\/figure>\n\n\n\n<div class=\"wp-block-buttons is-content-justification-right is-layout-flex wp-container-core-buttons-is-layout-765c4724 wp-block-buttons-is-layout-flex\">\n<div class=\"wp-block-button has-custom-width wp-block-button__width-50 is-style-outline is-style-outline--1\"><a class=\"wp-block-button__link has-white-color has-light-green-cyan-background-color has-text-color has-background has-text-align-right wp-element-button\" href=\"#AAJ23top\">Vers le haut de page<\/a><\/div>\n<\/div>\n\n\n\n<hr class=\"wp-block-separator has-text-color has-vivid-green-cyan-color has-alpha-channel-opacity has-vivid-green-cyan-background-color has-background is-style-wide\"\/>\n\n\n\n<h2 class=\"wp-block-heading\" id=\"AAJ23artistes\">Les artistes du jardin<\/h2>\n\n\n\n<figure class=\"wp-block-table\"><table><tbody><tr><td><\/td><td class=\"has-text-align-center\" data-align=\"center\">Jardins<\/td><td class=\"has-text-align-center\" data-align=\"center\">Artistes<\/td><td><\/td><\/tr><tr><td><\/td><td class=\"has-text-align-center\" data-align=\"center\">Z\u00e9phyr<\/td><td class=\"has-text-align-center\" data-align=\"center\">Christine Duval<br>Marie Lefort<br>Gilbert Lecouturier<br>Dany Fourmy<\/td><td>Peintures<br>Bijoux<br>C\u00e9ramiques<br>Pastels<\/td><\/tr><tr><td><\/td><td class=\"has-text-align-center\" data-align=\"center\">3 Cerisiers<\/td><td class=\"has-text-align-center\" data-align=\"center\">Evin Yeap<br>Sylvian Mary<br>Xavier Derrien<br>D.W. Leduc<br>Pierre Alu<\/td><td>C\u00e9ramiques<br>Sculptures m\u00e9tal<br>Vannerie<br>Peintures<br>Graffeur Fresque sur le portail<\/td><\/tr><tr><td><\/td><td class=\"has-text-align-center\" data-align=\"center\">Basile<\/td><td class=\"has-text-align-center\" data-align=\"center\">Anne-Lise Poder<br>Robert Morisset<br>V\u00e9nus Grelin<br>Jonathan Breard<br>Simon Jean<\/td><td>C\u00e9ramiques<br>Nichoirs<br>Impressions v\u00e9g\u00e9tales<br>Sculptures m\u00e9tal<br>Illustrations\/peintures<\/td><\/tr><tr><td><\/td><td class=\"has-text-align-center\" data-align=\"center\">Le Vivier<\/td><td class=\"has-text-align-center\" data-align=\"center\">M-D. Perissin<br>Claudine Bouvot<br>Laurent Marie<br>Sophie Marchand<\/td><td>Cartonnages<br>Peintures<br>Sculptures m\u00e9tal<br>C\u00e9ramiques<br>Gres<\/td><\/tr><tr><td><\/td><td class=\"has-text-align-center\" data-align=\"center\">Emaux et<br>Fleurs<\/td><td class=\"has-text-align-center\" data-align=\"center\">Michelle Montagne<br>Josette Quesnot<br>Magali Deslandes<\/td><td>Emaux sur cuivre<br>Peintures sur porcelaine<br>Verre (technique du fusing)<\/td><\/tr><tr><td><\/td><td class=\"has-text-align-center\" data-align=\"center\">Am\u00e9lie<\/td><td class=\"has-text-align-center\" data-align=\"center\">Aur\u00e9lie Vastel<br>Joelle Lecherbonnier<br>Z\u00e9linda Barbeau<\/td><td>Cyanotypes<br>Aquarelles<br>C\u00e9ramiques<\/td><\/tr><tr><td><\/td><td class=\"has-text-align-center\" data-align=\"center\">Lumineux<\/td><td class=\"has-text-align-center\" data-align=\"center\">Isabelle Pellouin<br>Eloise Dessay<\/td><td>S\u00e9rigraphies<br>C\u00e9ramiques<\/td><\/tr><\/tbody><\/table><\/figure>\n\n\n\n<div class=\"wp-block-buttons is-content-justification-right is-layout-flex wp-container-core-buttons-is-layout-765c4724 wp-block-buttons-is-layout-flex\">\n<div class=\"wp-block-button has-custom-width wp-block-button__width-50 is-style-outline is-style-outline--2\"><a class=\"wp-block-button__link has-white-color has-light-green-cyan-background-color has-text-color has-background has-text-align-right wp-element-button\" href=\"#AAJ23top\">Vers le haut de page<\/a><\/div>\n<\/div>\n\n\n\n<hr class=\"wp-block-separator has-text-color has-vivid-green-cyan-color has-alpha-channel-opacity has-vivid-green-cyan-background-color has-background is-style-wide\"\/>\n\n\n\n<h2 class=\"wp-block-heading\" id=\"AAJ23plan\">O\u00f9 sont les jardins ?<\/h2>\n\n\n\n<pre>(Clic gauche sur les noms des jardins pour faire apparaitre l'adresse exacte)<\/pre>\n\n\n\n<iframe loading=\"lazy\" src=\"https:\/\/macarte.ign.fr\/carte\/DuV4fL\/carte?noZoom\" width=\"100%\" height=\"720px\"><\/iframe>\n\n\n\n<div class=\"wp-block-buttons is-content-justification-right is-layout-flex wp-container-core-buttons-is-layout-765c4724 wp-block-buttons-is-layout-flex\">\n<div class=\"wp-block-button has-custom-width wp-block-button__width-50 is-style-outline is-style-outline--3\"><a class=\"wp-block-button__link has-white-color has-light-green-cyan-background-color has-text-color has-background has-text-align-right wp-element-button\" href=\"#AAJ23top\">Vers le haut de page<\/a><\/div>\n<\/div>\n","protected":false},"excerpt":{"rendered":"<p>Pour vous orienter dans cet \u00e9v\u00e9nement Les musiques du jardinLes artistes du jardinLe plan des jardins Les musiques du jardin JARDIN Artiste Horaire Z\u00e9phyr Sylvie Huguenin &amp; Anne Gherrack Boryvage Piano &amp; Textes Violon et piano 11h1513h12h15 14h15 3 Cerisiers Sylvie Huguenin &amp; Anne GherrackSwing the Nacre Piano &amp; TextesJazz New Orleans 15h11h3016h00 Basile La\u2026<\/p>\n","protected":false},"author":1559,"featured_media":7699,"parent":0,"menu_order":0,"comment_status":"closed","ping_status":"closed","template":"","meta":{"footnotes":""},"class_list":["post-7586","page","type-page","status-publish","has-post-thumbnail","hentry"],"_wp_attached_file":null,"_wp_attachment_metadata":null,"_menu_item_type":null,"_menu_item_menu_item_parent":null,"_menu_item_object_id":null,"_menu_item_object":null,"_menu_item_target":null,"_menu_item_classes":null,"_menu_item_xfn":null,"_menu_item_url":null,"_eventorganiser_event_schedule":null,"_eventorganiser_schedule_until":null,"_wpas_done_all":null,"_eventorganiser_schedule_start_start":null,"_eventorganiser_schedule_start_finish":null,"_eventorganiser_schedule_last_start":null,"_eventorganiser_schedule_last_finish":null,"_wp_attachment_backup_sizes":null,"_wp_attachment_context":null,"event_address":null,"event_start_date":null,"event_to_time":null,"event_from_time":null,"event_end_date":null,"_oembed_7e6c0eb53f1b87dceeb7157df4c64ecd":null,"_oembed_ac860e2f1183d5fbf8efad3e14b2b998":null,"_oembed_2fa3d1dc2e72f2f3db15582a07766e9d":null,"_oembed_ba1f94dfef6f2f056282005c87e1dd1f":null,"_oembed_b4fa8c58de01621c3377349423193585":null,"_oembed_2c076515dc13114e0a07a701157042d8":null,"_oembed_time_2c076515dc13114e0a07a701157042d8":null,"_su_description":null,"_wp_attachment_is_custom_header":null,"_wp_attachment_custom_header_last_used_enigma":null,"_mc_event_shortcode":null,"_mc_event_access":null,"_mc_event_id":null,"_mc_event_desc":null,"_mc_event_image":null,"_event_time_label":null,"_mc_event_data":null,"_snap_forceSURL":null,"snap_MYURL":null,"snapEdIT":null,"_mc_event_location":null,"_oembed_cdb00187755a40067dfed1152b83fa85":null,"_oembed_2a2b1181a4872c3fcae632ccb831338e":null,"_oembed_223e8f80fcafbbb0e655c3b852ad258b":null,"_oembed_f2dbc4e0e03552dca3704dc9d3b35b81":null,"_oembed_0f31e9c8d775433415a564642134b876":null,"_oembed_37f37d6d5d0f763259b5f2d5c6698765":null,"_oembed_7d585094b05c3c88729a16a5d0b76382":null,"_oembed_49e3f6fef25f62658e66c1baa5716b3c":null,"_oembed_3bbcd6cd9ba0f8e8cead97d8bddbbbae":null,"_oembed_6107383b394908a78bf711554ae8a1e4":null,"_oembed_5d6a5ae5cd2e93d5022ed2485426fcf4":null,"_oembed_422f96ea83a4884539ceb42326a11ee5":null,"_oembed_ab6628735dc0e2101ba08ec87fcef1b7":null,"_oembed_75bd89488fe790d8e4f203396bb84c81":null,"_oembed_time_75bd89488fe790d8e4f203396bb84c81":null,"_oembed_c6d8784021cf1310fe080cd343275a5a":null,"_oembed_time_c6d8784021cf1310fe080cd343275a5a":null,"_wp_attachment_custom_header_last_used_greenigma":null,"_wp_attachment_is_custom_background":null,"enclosure":null,"_oembed_3bca2a21e398bc75f8a1b2ec60f88d23":null,"_oembed_25600d5f25f51af7be904b38ccae40ec":null,"_oembed_time_25600d5f25f51af7be904b38ccae40ec":null,"_mc_guid":null,"_mc4wp_settings":null,"text_subscribed":null,"text_invalid_email":null,"text_required_field_missing":null,"text_already_subscribed":null,"text_error":null,"text_unsubscribed":null,"text_not_subscribed":null,"text_no_lists_selected":null,"text_updated":null,"_bbp_reply_count_hidden":null,"_bbp_topic_count_hidden":null,"_bbp_total_topic_count":null,"_bbp_topic_count":null,"_bbp_total_reply_count":null,"_bbp_reply_count":null,"_bbp_forum_subforum_count":null,"_bbp_last_active_time":null,"user_registration_form_setting_default_user_role":null,"user_registration_form_setting_enable_strong_password":null,"user_registration_form_setting_minimum_password_strength":null,"user_registration_form_setting_form_submit_label":null,"user_registration_form_setting_enable_recaptcha_support":null,"user_registration_form_template":null,"user_registration_form_custom_class":null,"_oembed_ef95b2b98f04716f23e0a4eed7816e1b":null,"_oembed_time_ef95b2b98f04716f23e0a4eed7816e1b":null,"_wp_attachment_image_alt":null,"_mc_event_date":null,"_customize_changeset_uuid":null,"sg_popup_target":null,"sg_popup_events":null,"sg_popup_options":null,"_oembed_caf01abe71309dc253791159ac4336cb":null,"_sgpb_original":null,"sg_popup_events_preview":null,"sg_popup_options_preview":null,"sg_popup_target_preview":null,"user_registration_form_setting_redirect_options":null,"_oembed_10c4a1529e884332ff612b45feeae083":null,"_bbp_forum_id":null,"_bbp_last_topic_id":null,"_bbp_last_reply_id":null,"_bbp_last_active_id":null,"_form":null,"_mail":null,"_mail_2":null,"_messages":null,"_additional_settings":null,"_locale":null,"_elementor_css":null,"_menu_sgpb_popup_id":null,"_oembed_bbc07775835a27fca3dab6de0a78c453":null,"cmplz_tc_document_status":null,"_oembed_a8eea5673581fdb5da3c215c1676eaf2":null,"_oembed_time_a8eea5673581fdb5da3c215c1676eaf2":null,"_bbp_forum_type":null,"_bbp_status":null,"_bbp_total_reply_count_hidden":null,"_wp_page_template":null,"_edit_last":"1","_edit_lock":"1716810593:1564","_su_rich_snippet_type":"none","xyz_fbap":null,"xyz_fbap_insert_og":null,"_thumbnail_id":"7699","_jetpack_dont_email_post_to_subs":null,"_su_title":null,"_cmplz_scanned_post":"1","xyz_fbap_future_to_publish":null,"_wp_old_slug":null,"_wp_old_date":null,"cmplz_hide_cookiebanner":"","_elementor_template_type":null,"_elementor_edit_mode":null,"_elementor_data":null,"_elementor_version":null,"_elementor_controls_usage":null,"classic-editor-remember":null,"_wp_trash_meta_status":null,"_wp_trash_meta_time":null,"_wp_desired_post_slug":null,"yoast_head":"<!-- This site is optimized with the Yoast SEO plugin v27.4 - https:\/\/yoast.com\/product\/yoast-seo-wordpress\/ -->\n<title>Art aux Jardins 2023 - Le Programme - Lion Environnement<\/title>\n<meta name=\"robots\" content=\"index, follow, max-snippet:-1, max-image-preview:large, max-video-preview:-1\" \/>\n<link rel=\"canonical\" href=\"https:\/\/lion-environnement.org\/index.php\/aaj-2023\/\" \/>\n<meta property=\"og:locale\" content=\"fr_FR\" \/>\n<meta property=\"og:type\" content=\"article\" \/>\n<meta property=\"og:title\" content=\"Art aux Jardins 2023 - Le Programme - Lion Environnement\" \/>\n<meta property=\"og:description\" content=\"Pour vous orienter dans cet \u00e9v\u00e9nement Les musiques du jardinLes artistes du jardinLe plan des jardins Les musiques du jardin JARDIN Artiste Horaire Z\u00e9phyr Sylvie Huguenin &amp; Anne Gherrack Boryvage Piano &amp; Textes Violon et piano 11h1513h12h15 14h15 3 Cerisiers Sylvie Huguenin &amp; Anne GherrackSwing the Nacre Piano &amp; TextesJazz New Orleans 15h11h3016h00 Basile La\u2026\" \/>\n<meta property=\"og:url\" content=\"https:\/\/lion-environnement.org\/index.php\/aaj-2023\/\" \/>\n<meta property=\"og:site_name\" content=\"Lion Environnement\" \/>\n<meta property=\"article:publisher\" content=\"https:\/\/www.facebook.com\/LionEnvironnement\/?locale=fr_FR\" \/>\n<meta property=\"article:modified_time\" content=\"2023-06-02T10:07:12+00:00\" \/>\n<meta property=\"og:image\" content=\"https:\/\/lion-environnement.org\/wp-content\/uploads\/2023\/05\/Resized_IMG-20220226-WA0013.jpg\" \/>\n\t<meta property=\"og:image:width\" content=\"540\" \/>\n\t<meta property=\"og:image:height\" content=\"720\" \/>\n\t<meta property=\"og:image:type\" content=\"image\/jpeg\" \/>\n<meta name=\"twitter:card\" content=\"summary_large_image\" \/>\n<meta name=\"twitter:label1\" content=\"Dur\u00e9e de lecture estim\u00e9e\" \/>\n\t<meta name=\"twitter:data1\" content=\"1 minute\" \/>\n<script type=\"application\/ld+json\" class=\"yoast-schema-graph\">{\"@context\":\"https:\\\/\\\/schema.org\",\"@graph\":[{\"@type\":\"WebPage\",\"@id\":\"https:\\\/\\\/lion-environnement.org\\\/index.php\\\/aaj-2023\\\/\",\"url\":\"https:\\\/\\\/lion-environnement.org\\\/index.php\\\/aaj-2023\\\/\",\"name\":\"Art aux Jardins 2023 - Le Programme - Lion Environnement\",\"isPartOf\":{\"@id\":\"https:\\\/\\\/lion-environnement.org\\\/#website\"},\"primaryImageOfPage\":{\"@id\":\"https:\\\/\\\/lion-environnement.org\\\/index.php\\\/aaj-2023\\\/#primaryimage\"},\"image\":{\"@id\":\"https:\\\/\\\/lion-environnement.org\\\/index.php\\\/aaj-2023\\\/#primaryimage\"},\"thumbnailUrl\":\"https:\\\/\\\/lion-environnement.org\\\/wp-content\\\/uploads\\\/2023\\\/05\\\/Resized_IMG-20220226-WA0013.jpg\",\"datePublished\":\"2023-04-11T16:10:34+00:00\",\"dateModified\":\"2023-06-02T10:07:12+00:00\",\"breadcrumb\":{\"@id\":\"https:\\\/\\\/lion-environnement.org\\\/index.php\\\/aaj-2023\\\/#breadcrumb\"},\"inLanguage\":\"fr-FR\",\"potentialAction\":[{\"@type\":\"ReadAction\",\"target\":[\"https:\\\/\\\/lion-environnement.org\\\/index.php\\\/aaj-2023\\\/\"]}]},{\"@type\":\"ImageObject\",\"inLanguage\":\"fr-FR\",\"@id\":\"https:\\\/\\\/lion-environnement.org\\\/index.php\\\/aaj-2023\\\/#primaryimage\",\"url\":\"https:\\\/\\\/lion-environnement.org\\\/wp-content\\\/uploads\\\/2023\\\/05\\\/Resized_IMG-20220226-WA0013.jpg\",\"contentUrl\":\"https:\\\/\\\/lion-environnement.org\\\/wp-content\\\/uploads\\\/2023\\\/05\\\/Resized_IMG-20220226-WA0013.jpg\",\"width\":540,\"height\":720},{\"@type\":\"BreadcrumbList\",\"@id\":\"https:\\\/\\\/lion-environnement.org\\\/index.php\\\/aaj-2023\\\/#breadcrumb\",\"itemListElement\":[{\"@type\":\"ListItem\",\"position\":1,\"name\":\"Accueil\",\"item\":\"https:\\\/\\\/lion-environnement.org\\\/\"},{\"@type\":\"ListItem\",\"position\":2,\"name\":\"Art aux Jardins 2023 &#8211; Le Programme\"}]},{\"@type\":\"WebSite\",\"@id\":\"https:\\\/\\\/lion-environnement.org\\\/#website\",\"url\":\"https:\\\/\\\/lion-environnement.org\\\/\",\"name\":\"Lion Environnement\",\"description\":\"Lions nos \u00e9nergies pour pr\u00e9server l&#039;environnement et la sant\u00e9\",\"publisher\":{\"@id\":\"https:\\\/\\\/lion-environnement.org\\\/#organization\"},\"potentialAction\":[{\"@type\":\"SearchAction\",\"target\":{\"@type\":\"EntryPoint\",\"urlTemplate\":\"https:\\\/\\\/lion-environnement.org\\\/?s={search_term_string}\"},\"query-input\":{\"@type\":\"PropertyValueSpecification\",\"valueRequired\":true,\"valueName\":\"search_term_string\"}}],\"inLanguage\":\"fr-FR\"},{\"@type\":\"Organization\",\"@id\":\"https:\\\/\\\/lion-environnement.org\\\/#organization\",\"name\":\"Lion Environnement\",\"url\":\"https:\\\/\\\/lion-environnement.org\\\/\",\"logo\":{\"@type\":\"ImageObject\",\"inLanguage\":\"fr-FR\",\"@id\":\"https:\\\/\\\/lion-environnement.org\\\/#\\\/schema\\\/logo\\\/image\\\/\",\"url\":\"https:\\\/\\\/lion-environnement.org\\\/wp-content\\\/uploads\\\/2016\\\/04\\\/logoLElongWeb-1.jpg\",\"contentUrl\":\"https:\\\/\\\/lion-environnement.org\\\/wp-content\\\/uploads\\\/2016\\\/04\\\/logoLElongWeb-1.jpg\",\"width\":487,\"height\":113,\"caption\":\"Lion Environnement\"},\"image\":{\"@id\":\"https:\\\/\\\/lion-environnement.org\\\/#\\\/schema\\\/logo\\\/image\\\/\"},\"sameAs\":[\"https:\\\/\\\/www.facebook.com\\\/LionEnvironnement\\\/?locale=fr_FR\",\"https:\\\/\\\/www.instagram.com\\\/environnementlion\"]}]}<\/script>\n<!-- \/ Yoast SEO plugin. -->","yoast_head_json":{"title":"Art aux Jardins 2023 - Le Programme - Lion Environnement","robots":{"index":"index","follow":"follow","max-snippet":"max-snippet:-1","max-image-preview":"max-image-preview:large","max-video-preview":"max-video-preview:-1"},"canonical":"https:\/\/lion-environnement.org\/index.php\/aaj-2023\/","og_locale":"fr_FR","og_type":"article","og_title":"Art aux Jardins 2023 - Le Programme - Lion Environnement","og_description":"Pour vous orienter dans cet \u00e9v\u00e9nement Les musiques du jardinLes artistes du jardinLe plan des jardins Les musiques du jardin JARDIN Artiste Horaire Z\u00e9phyr Sylvie Huguenin &amp; Anne Gherrack Boryvage Piano &amp; Textes Violon et piano 11h1513h12h15 14h15 3 Cerisiers Sylvie Huguenin &amp; Anne GherrackSwing the Nacre Piano &amp; TextesJazz New Orleans 15h11h3016h00 Basile La\u2026","og_url":"https:\/\/lion-environnement.org\/index.php\/aaj-2023\/","og_site_name":"Lion Environnement","article_publisher":"https:\/\/www.facebook.com\/LionEnvironnement\/?locale=fr_FR","article_modified_time":"2023-06-02T10:07:12+00:00","og_image":[{"width":540,"height":720,"url":"https:\/\/lion-environnement.org\/wp-content\/uploads\/2023\/05\/Resized_IMG-20220226-WA0013.jpg","type":"image\/jpeg"}],"twitter_card":"summary_large_image","twitter_misc":{"Dur\u00e9e de lecture estim\u00e9e":"1 minute"},"schema":{"@context":"https:\/\/schema.org","@graph":[{"@type":"WebPage","@id":"https:\/\/lion-environnement.org\/index.php\/aaj-2023\/","url":"https:\/\/lion-environnement.org\/index.php\/aaj-2023\/","name":"Art aux Jardins 2023 - Le Programme - Lion Environnement","isPartOf":{"@id":"https:\/\/lion-environnement.org\/#website"},"primaryImageOfPage":{"@id":"https:\/\/lion-environnement.org\/index.php\/aaj-2023\/#primaryimage"},"image":{"@id":"https:\/\/lion-environnement.org\/index.php\/aaj-2023\/#primaryimage"},"thumbnailUrl":"https:\/\/lion-environnement.org\/wp-content\/uploads\/2023\/05\/Resized_IMG-20220226-WA0013.jpg","datePublished":"2023-04-11T16:10:34+00:00","dateModified":"2023-06-02T10:07:12+00:00","breadcrumb":{"@id":"https:\/\/lion-environnement.org\/index.php\/aaj-2023\/#breadcrumb"},"inLanguage":"fr-FR","potentialAction":[{"@type":"ReadAction","target":["https:\/\/lion-environnement.org\/index.php\/aaj-2023\/"]}]},{"@type":"ImageObject","inLanguage":"fr-FR","@id":"https:\/\/lion-environnement.org\/index.php\/aaj-2023\/#primaryimage","url":"https:\/\/lion-environnement.org\/wp-content\/uploads\/2023\/05\/Resized_IMG-20220226-WA0013.jpg","contentUrl":"https:\/\/lion-environnement.org\/wp-content\/uploads\/2023\/05\/Resized_IMG-20220226-WA0013.jpg","width":540,"height":720},{"@type":"BreadcrumbList","@id":"https:\/\/lion-environnement.org\/index.php\/aaj-2023\/#breadcrumb","itemListElement":[{"@type":"ListItem","position":1,"name":"Accueil","item":"https:\/\/lion-environnement.org\/"},{"@type":"ListItem","position":2,"name":"Art aux Jardins 2023 &#8211; Le Programme"}]},{"@type":"WebSite","@id":"https:\/\/lion-environnement.org\/#website","url":"https:\/\/lion-environnement.org\/","name":"Lion Environnement","description":"Lions nos \u00e9nergies pour pr\u00e9server l&#039;environnement et la sant\u00e9","publisher":{"@id":"https:\/\/lion-environnement.org\/#organization"},"potentialAction":[{"@type":"SearchAction","target":{"@type":"EntryPoint","urlTemplate":"https:\/\/lion-environnement.org\/?s={search_term_string}"},"query-input":{"@type":"PropertyValueSpecification","valueRequired":true,"valueName":"search_term_string"}}],"inLanguage":"fr-FR"},{"@type":"Organization","@id":"https:\/\/lion-environnement.org\/#organization","name":"Lion Environnement","url":"https:\/\/lion-environnement.org\/","logo":{"@type":"ImageObject","inLanguage":"fr-FR","@id":"https:\/\/lion-environnement.org\/#\/schema\/logo\/image\/","url":"https:\/\/lion-environnement.org\/wp-content\/uploads\/2016\/04\/logoLElongWeb-1.jpg","contentUrl":"https:\/\/lion-environnement.org\/wp-content\/uploads\/2016\/04\/logoLElongWeb-1.jpg","width":487,"height":113,"caption":"Lion Environnement"},"image":{"@id":"https:\/\/lion-environnement.org\/#\/schema\/logo\/image\/"},"sameAs":["https:\/\/www.facebook.com\/LionEnvironnement\/?locale=fr_FR","https:\/\/www.instagram.com\/environnementlion"]}]}},"_links":{"self":[{"href":"https:\/\/lion-environnement.org\/index.php\/wp-json\/wp\/v2\/pages\/7586","targetHints":{"allow":["GET"]}}],"collection":[{"href":"https:\/\/lion-environnement.org\/index.php\/wp-json\/wp\/v2\/pages"}],"about":[{"href":"https:\/\/lion-environnement.org\/index.php\/wp-json\/wp\/v2\/types\/page"}],"author":[{"embeddable":true,"href":"https:\/\/lion-environnement.org\/index.php\/wp-json\/wp\/v2\/users\/1559"}],"replies":[{"embeddable":true,"href":"https:\/\/lion-environnement.org\/index.php\/wp-json\/wp\/v2\/comments?post=7586"}],"version-history":[{"count":11,"href":"https:\/\/lion-environnement.org\/index.php\/wp-json\/wp\/v2\/pages\/7586\/revisions"}],"predecessor-version":[{"id":7702,"href":"https:\/\/lion-environnement.org\/index.php\/wp-json\/wp\/v2\/pages\/7586\/revisions\/7702"}],"wp:featuredmedia":[{"embeddable":true,"href":"https:\/\/lion-environnement.org\/index.php\/wp-json\/wp\/v2\/media\/7699"}],"wp:attachment":[{"href":"https:\/\/lion-environnement.org\/index.php\/wp-json\/wp\/v2\/media?parent=7586"}],"curies":[{"name":"wp","href":"https:\/\/api.w.org\/{rel}","templated":true}]}}