{"id":729,"date":"2017-11-05T09:42:22","date_gmt":"2017-11-05T08:42:22","guid":{"rendered":"https:\/\/lion-environnement.org\/?page_id=729"},"modified":"2024-11-07T14:53:10","modified_gmt":"2024-11-07T13:53:10","slug":"presentation-amap","status":"publish","type":"page","link":"https:\/\/lion-environnement.org\/index.php\/presentation-amap\/","title":{"rendered":"L&rsquo;AMAP"},"content":{"rendered":"\n<h2 class=\"wp-block-heading\">L&rsquo;AMAP&nbsp; Association pour le Maintien d&rsquo;une Agriculture Paysanne<\/h2>\n\n\n\n<p><strong>L&rsquo;AMAP est le partenariat entre un groupe de citoyen\u00b7nes (appel\u00e9 \u00ab\u00a0groupe en AMAP\u00a0\u00bb) et une ferme paysanne (appel\u00e9e \u00ab\u00a0ferme en AMAP\u00a0\u00bb) qui s&rsquo;engagent r\u00e9ciproquement&nbsp;: les uns \u00e0 pr\u00e9financer la production (de l\u00e9gumes ou autres), les autres \u00e0 assurer ladite production.<\/strong><\/p>\n\n\n\n<p><\/p>\n\n\n\n<p>ENVIE DE MANGER BIO ET LOCAL \u2026 CONNAISSEZ-VOUS L\u2019AMAP DE LION ENVIRONNEMENT ?<\/p>\n\n\n\n<p>Nous sommes de plus en plus nombreux \u00e0 \u00eatre attentifs aux cons\u00e9quences de nos actes d\u2019achat en consommant des aliments produits localement. La consommation de denr\u00e9es alimentaires produites localement r\u00e9duit le nombre d\u2019interm\u00e9diaires, diminue les transports polluants, renforce la vitalit\u00e9 des territoires. Encore faut-il consommer des produits sains, sans pesticides ou engrais chimiques, ni OGM, car la qualit\u00e9 des produits que nous absorbons a une incidence directe, \u00e0 plus ou moins long terme, sur la sant\u00e9.<\/p>\n\n\n\n<p>Vous garantir des produits sains et bio s\u00e9lectionn\u00e9s chez des producteurs proches de chez vous, est le souci constant de l\u2019AMAP (association pour le maintien d\u2019une agriculture paysanne) de Lion Environnement. Les \u00ab&nbsp;r\u00e9f\u00e9rents produits&nbsp;\u00bb de l\u2019association ont su b\u00e2tir, par des visites r\u00e9guli\u00e8res, une relation de confiance avec les fournisseurs.<\/p>\n\n\n\n<p><strong>Manger bio et local c\u2019est donc l\u2019id\u00e9al&nbsp;pour prot\u00e9ger l\u2019environnement et la sant\u00e9 !<\/strong><\/p>\n\n\n\n<p><strong>L\u2019AMAP de Lion Environnement vous permet chaque semaine de faire le choix d\u2019une alimentation de qualit\u00e9, diversifi\u00e9e, de saison et accessible.<\/strong><\/p>\n\n\n\n<p>Contact&nbsp;: <a href=\"mailto:lion.environnement.manger.bio@gmail.com\">lion.environnement.manger.bio@gmail.com<\/a><\/p>\n\n\n\n<ul class=\"wp-block-list\">\n<li style=\"font-style:normal;font-weight:700\" class=\"has-medium-font-size\"><a href=\"https:\/\/lion-environnement.org\/index.php\/presentation-amap\/comment-fonctionne-lamap\/\">Comment \u00e7a fonctionne ?<\/a><\/li>\n\n\n\n<li style=\"font-style:normal;font-weight:700\" class=\"has-medium-font-size\"><strong><a href=\"https:\/\/lion-environnement.org\/index.php\/presentation-amap\/comment-fonctionne-lamap\/questions-reponses-amap\/\">Foire aux questions<\/a><\/strong><\/li>\n\n\n\n<li style=\"font-style:normal;font-weight:700\" class=\"has-medium-font-size\"><strong><a href=\"https:\/\/lion-environnement.org\/index.php\/presentation-amap\/les-fournisseurs-de-lamap\/\">Nos producteurs<\/a><\/strong><\/li>\n\n\n\n<li style=\"font-style:normal;font-weight:700\" class=\"has-medium-font-size\"><strong><a href=\"https:\/\/lion-environnement.org\/index.php\/les-referents\/\">Les r\u00e9f\u00e9rents<\/a><\/strong><\/li>\n<\/ul>\n","protected":false},"excerpt":{"rendered":"<p>L&rsquo;AMAP&nbsp; Association pour le Maintien d&rsquo;une Agriculture Paysanne L&rsquo;AMAP est le partenariat entre un groupe de citoyen\u00b7nes (appel\u00e9 \u00ab\u00a0groupe en AMAP\u00a0\u00bb) et une ferme paysanne (appel\u00e9e \u00ab\u00a0ferme en AMAP\u00a0\u00bb) qui s&rsquo;engagent r\u00e9ciproquement&nbsp;: les uns \u00e0 pr\u00e9financer la production (de l\u00e9gumes ou autres), les autres \u00e0 assurer ladite production. ENVIE DE MANGER BIO ET LOCAL \u2026\u2026<\/p>\n","protected":false},"author":1,"featured_media":8671,"parent":0,"menu_order":0,"comment_status":"closed","ping_status":"closed","template":"","meta":{"footnotes":""},"class_list":["post-729","page","type-page","status-publish","has-post-thumbnail","hentry"],"_wp_attached_file":null,"_wp_attachment_metadata":null,"_menu_item_type":null,"_menu_item_menu_item_parent":null,"_menu_item_object_id":null,"_menu_item_object":null,"_menu_item_target":null,"_menu_item_classes":null,"_menu_item_xfn":null,"_menu_item_url":null,"_eventorganiser_event_schedule":null,"_eventorganiser_schedule_until":null,"_wpas_done_all":null,"_eventorganiser_schedule_start_start":null,"_eventorganiser_schedule_start_finish":null,"_eventorganiser_schedule_last_start":null,"_eventorganiser_schedule_last_finish":null,"_wp_attachment_backup_sizes":null,"_wp_attachment_context":null,"event_address":null,"event_start_date":null,"event_to_time":null,"event_from_time":null,"event_end_date":null,"_oembed_7e6c0eb53f1b87dceeb7157df4c64ecd":null,"_oembed_ac860e2f1183d5fbf8efad3e14b2b998":null,"_oembed_2fa3d1dc2e72f2f3db15582a07766e9d":null,"_oembed_ba1f94dfef6f2f056282005c87e1dd1f":null,"_oembed_b4fa8c58de01621c3377349423193585":null,"_oembed_2c076515dc13114e0a07a701157042d8":null,"_oembed_time_2c076515dc13114e0a07a701157042d8":null,"_su_description":null,"_wp_attachment_is_custom_header":null,"_wp_attachment_custom_header_last_used_enigma":null,"_mc_event_shortcode":null,"_mc_event_access":null,"_mc_event_id":null,"_mc_event_desc":null,"_mc_event_image":null,"_event_time_label":null,"_mc_event_data":null,"_snap_forceSURL":null,"snap_MYURL":null,"snapEdIT":null,"_mc_event_location":null,"_oembed_cdb00187755a40067dfed1152b83fa85":null,"_oembed_2a2b1181a4872c3fcae632ccb831338e":null,"_oembed_223e8f80fcafbbb0e655c3b852ad258b":null,"_oembed_f2dbc4e0e03552dca3704dc9d3b35b81":null,"_oembed_0f31e9c8d775433415a564642134b876":null,"_oembed_37f37d6d5d0f763259b5f2d5c6698765":null,"_oembed_7d585094b05c3c88729a16a5d0b76382":null,"_oembed_49e3f6fef25f62658e66c1baa5716b3c":null,"_oembed_3bbcd6cd9ba0f8e8cead97d8bddbbbae":null,"_oembed_6107383b394908a78bf711554ae8a1e4":null,"_oembed_5d6a5ae5cd2e93d5022ed2485426fcf4":null,"_oembed_422f96ea83a4884539ceb42326a11ee5":null,"_oembed_ab6628735dc0e2101ba08ec87fcef1b7":null,"_oembed_75bd89488fe790d8e4f203396bb84c81":null,"_oembed_time_75bd89488fe790d8e4f203396bb84c81":null,"_oembed_c6d8784021cf1310fe080cd343275a5a":null,"_oembed_time_c6d8784021cf1310fe080cd343275a5a":null,"_wp_attachment_custom_header_last_used_greenigma":null,"_wp_attachment_is_custom_background":null,"enclosure":null,"_oembed_3bca2a21e398bc75f8a1b2ec60f88d23":null,"_oembed_25600d5f25f51af7be904b38ccae40ec":null,"_oembed_time_25600d5f25f51af7be904b38ccae40ec":null,"_mc_guid":null,"_mc4wp_settings":null,"text_subscribed":null,"text_invalid_email":null,"text_required_field_missing":null,"text_already_subscribed":null,"text_error":null,"text_unsubscribed":null,"text_not_subscribed":null,"text_no_lists_selected":null,"text_updated":null,"_bbp_reply_count_hidden":null,"_bbp_topic_count_hidden":null,"_bbp_total_topic_count":null,"_bbp_topic_count":null,"_bbp_total_reply_count":null,"_bbp_reply_count":null,"_bbp_forum_subforum_count":null,"_bbp_last_active_time":null,"user_registration_form_setting_default_user_role":null,"user_registration_form_setting_enable_strong_password":null,"user_registration_form_setting_minimum_password_strength":null,"user_registration_form_setting_form_submit_label":null,"user_registration_form_setting_enable_recaptcha_support":null,"user_registration_form_template":null,"user_registration_form_custom_class":null,"_oembed_ef95b2b98f04716f23e0a4eed7816e1b":null,"_oembed_time_ef95b2b98f04716f23e0a4eed7816e1b":null,"_wp_attachment_image_alt":null,"_mc_event_date":null,"_customize_changeset_uuid":null,"sg_popup_target":null,"sg_popup_events":null,"sg_popup_options":null,"_oembed_caf01abe71309dc253791159ac4336cb":null,"_sgpb_original":null,"sg_popup_events_preview":null,"sg_popup_options_preview":null,"sg_popup_target_preview":null,"user_registration_form_setting_redirect_options":null,"_oembed_10c4a1529e884332ff612b45feeae083":null,"_bbp_forum_id":null,"_bbp_last_topic_id":null,"_bbp_last_reply_id":null,"_bbp_last_active_id":null,"_form":null,"_mail":null,"_mail_2":null,"_messages":null,"_additional_settings":null,"_locale":null,"_elementor_css":null,"_menu_sgpb_popup_id":null,"_oembed_bbc07775835a27fca3dab6de0a78c453":null,"cmplz_tc_document_status":null,"_oembed_a8eea5673581fdb5da3c215c1676eaf2":null,"_oembed_time_a8eea5673581fdb5da3c215c1676eaf2":null,"_bbp_forum_type":null,"_bbp_status":null,"_bbp_total_reply_count_hidden":null,"_wp_page_template":"default","_edit_last":"1","_edit_lock":"1758698664:1565","_su_rich_snippet_type":"none","xyz_fbap":"1","xyz_fbap_insert_og":"1","_thumbnail_id":"8671","_jetpack_dont_email_post_to_subs":null,"_su_title":null,"_cmplz_scanned_post":"1","xyz_fbap_future_to_publish":{"post_fb_permission":1,"xyz_fbap_po_method":"2","xyz_fbap_message":"{POST_TITLE} vient d'\u00eatre publi\u00e9 sur {BLOG_TITLE}"},"_wp_old_slug":null,"_wp_old_date":null,"cmplz_hide_cookiebanner":"","_elementor_template_type":null,"_elementor_edit_mode":null,"_elementor_data":null,"_elementor_version":null,"_elementor_controls_usage":null,"classic-editor-remember":"block-editor","_wp_trash_meta_status":null,"_wp_trash_meta_time":null,"_wp_desired_post_slug":null,"yoast_head":"<!-- This site is optimized with the Yoast SEO plugin v27.0 - https:\/\/yoast.com\/product\/yoast-seo-wordpress\/ -->\n<title>L&#039;AMAP - Lion Environnement<\/title>\n<meta name=\"robots\" content=\"index, follow, max-snippet:-1, max-image-preview:large, max-video-preview:-1\" \/>\n<link rel=\"canonical\" href=\"https:\/\/lion-environnement.org\/index.php\/presentation-amap\/\" \/>\n<meta property=\"og:locale\" content=\"fr_FR\" \/>\n<meta property=\"og:type\" content=\"article\" \/>\n<meta property=\"og:title\" content=\"L&#039;AMAP - Lion Environnement\" \/>\n<meta property=\"og:description\" content=\"L&rsquo;AMAP&nbsp; Association pour le Maintien d&rsquo;une Agriculture Paysanne L&rsquo;AMAP est le partenariat entre un groupe de citoyen\u00b7nes (appel\u00e9 \u00ab\u00a0groupe en AMAP\u00a0\u00bb) et une ferme paysanne (appel\u00e9e \u00ab\u00a0ferme en AMAP\u00a0\u00bb) qui s&rsquo;engagent r\u00e9ciproquement&nbsp;: les uns \u00e0 pr\u00e9financer la production (de l\u00e9gumes ou autres), les autres \u00e0 assurer ladite production. ENVIE DE MANGER BIO ET LOCAL \u2026\u2026\" \/>\n<meta property=\"og:url\" content=\"https:\/\/lion-environnement.org\/index.php\/presentation-amap\/\" \/>\n<meta property=\"og:site_name\" content=\"Lion Environnement\" \/>\n<meta property=\"article:publisher\" content=\"https:\/\/www.facebook.com\/LionEnvironnement\/?locale=fr_FR\" \/>\n<meta property=\"article:modified_time\" content=\"2024-11-07T13:53:10+00:00\" \/>\n<meta property=\"og:image\" content=\"https:\/\/lion-environnement.org\/wp-content\/uploads\/2024\/11\/Amap_Photo.jpg\" \/>\n\t<meta property=\"og:image:width\" content=\"790\" \/>\n\t<meta property=\"og:image:height\" content=\"430\" \/>\n\t<meta property=\"og:image:type\" content=\"image\/jpeg\" \/>\n<meta name=\"twitter:card\" content=\"summary_large_image\" \/>\n<meta name=\"twitter:label1\" content=\"Dur\u00e9e de lecture estim\u00e9e\" \/>\n\t<meta name=\"twitter:data1\" content=\"1 minute\" \/>\n<script type=\"application\/ld+json\" class=\"yoast-schema-graph\">{\"@context\":\"https:\/\/schema.org\",\"@graph\":[{\"@type\":\"WebPage\",\"@id\":\"https:\/\/lion-environnement.org\/index.php\/presentation-amap\/\",\"url\":\"https:\/\/lion-environnement.org\/index.php\/presentation-amap\/\",\"name\":\"L'AMAP - Lion Environnement\",\"isPartOf\":{\"@id\":\"https:\/\/lion-environnement.org\/#website\"},\"primaryImageOfPage\":{\"@id\":\"https:\/\/lion-environnement.org\/index.php\/presentation-amap\/#primaryimage\"},\"image\":{\"@id\":\"https:\/\/lion-environnement.org\/index.php\/presentation-amap\/#primaryimage\"},\"thumbnailUrl\":\"https:\/\/lion-environnement.org\/wp-content\/uploads\/2024\/11\/Amap_Photo.jpg\",\"datePublished\":\"2017-11-05T08:42:22+00:00\",\"dateModified\":\"2024-11-07T13:53:10+00:00\",\"breadcrumb\":{\"@id\":\"https:\/\/lion-environnement.org\/index.php\/presentation-amap\/#breadcrumb\"},\"inLanguage\":\"fr-FR\",\"potentialAction\":[{\"@type\":\"ReadAction\",\"target\":[\"https:\/\/lion-environnement.org\/index.php\/presentation-amap\/\"]}]},{\"@type\":\"ImageObject\",\"inLanguage\":\"fr-FR\",\"@id\":\"https:\/\/lion-environnement.org\/index.php\/presentation-amap\/#primaryimage\",\"url\":\"https:\/\/lion-environnement.org\/wp-content\/uploads\/2024\/11\/Amap_Photo.jpg\",\"contentUrl\":\"https:\/\/lion-environnement.org\/wp-content\/uploads\/2024\/11\/Amap_Photo.jpg\",\"width\":790,\"height\":430},{\"@type\":\"BreadcrumbList\",\"@id\":\"https:\/\/lion-environnement.org\/index.php\/presentation-amap\/#breadcrumb\",\"itemListElement\":[{\"@type\":\"ListItem\",\"position\":1,\"name\":\"Accueil\",\"item\":\"https:\/\/lion-environnement.org\/\"},{\"@type\":\"ListItem\",\"position\":2,\"name\":\"L&rsquo;AMAP\"}]},{\"@type\":\"WebSite\",\"@id\":\"https:\/\/lion-environnement.org\/#website\",\"url\":\"https:\/\/lion-environnement.org\/\",\"name\":\"Lion Environnement\",\"description\":\"Lions nos \u00e9nergies pour pr\u00e9server l&#039;environnement et la sant\u00e9\",\"publisher\":{\"@id\":\"https:\/\/lion-environnement.org\/#organization\"},\"potentialAction\":[{\"@type\":\"SearchAction\",\"target\":{\"@type\":\"EntryPoint\",\"urlTemplate\":\"https:\/\/lion-environnement.org\/?s={search_term_string}\"},\"query-input\":{\"@type\":\"PropertyValueSpecification\",\"valueRequired\":true,\"valueName\":\"search_term_string\"}}],\"inLanguage\":\"fr-FR\"},{\"@type\":\"Organization\",\"@id\":\"https:\/\/lion-environnement.org\/#organization\",\"name\":\"Lion Environnement\",\"url\":\"https:\/\/lion-environnement.org\/\",\"logo\":{\"@type\":\"ImageObject\",\"inLanguage\":\"fr-FR\",\"@id\":\"https:\/\/lion-environnement.org\/#\/schema\/logo\/image\/\",\"url\":\"https:\/\/lion-environnement.org\/wp-content\/uploads\/2016\/04\/logoLElongWeb-1.jpg\",\"contentUrl\":\"https:\/\/lion-environnement.org\/wp-content\/uploads\/2016\/04\/logoLElongWeb-1.jpg\",\"width\":487,\"height\":113,\"caption\":\"Lion Environnement\"},\"image\":{\"@id\":\"https:\/\/lion-environnement.org\/#\/schema\/logo\/image\/\"},\"sameAs\":[\"https:\/\/www.facebook.com\/LionEnvironnement\/?locale=fr_FR\",\"https:\/\/www.instagram.com\/environnementlion\"]}]}<\/script>\n<!-- \/ Yoast SEO plugin. -->","yoast_head_json":{"title":"L'AMAP - Lion Environnement","robots":{"index":"index","follow":"follow","max-snippet":"max-snippet:-1","max-image-preview":"max-image-preview:large","max-video-preview":"max-video-preview:-1"},"canonical":"https:\/\/lion-environnement.org\/index.php\/presentation-amap\/","og_locale":"fr_FR","og_type":"article","og_title":"L'AMAP - Lion Environnement","og_description":"L&rsquo;AMAP&nbsp; Association pour le Maintien d&rsquo;une Agriculture Paysanne L&rsquo;AMAP est le partenariat entre un groupe de citoyen\u00b7nes (appel\u00e9 \u00ab\u00a0groupe en AMAP\u00a0\u00bb) et une ferme paysanne (appel\u00e9e \u00ab\u00a0ferme en AMAP\u00a0\u00bb) qui s&rsquo;engagent r\u00e9ciproquement&nbsp;: les uns \u00e0 pr\u00e9financer la production (de l\u00e9gumes ou autres), les autres \u00e0 assurer ladite production. ENVIE DE MANGER BIO ET LOCAL \u2026\u2026","og_url":"https:\/\/lion-environnement.org\/index.php\/presentation-amap\/","og_site_name":"Lion Environnement","article_publisher":"https:\/\/www.facebook.com\/LionEnvironnement\/?locale=fr_FR","article_modified_time":"2024-11-07T13:53:10+00:00","og_image":[{"width":790,"height":430,"url":"https:\/\/lion-environnement.org\/wp-content\/uploads\/2024\/11\/Amap_Photo.jpg","type":"image\/jpeg"}],"twitter_card":"summary_large_image","twitter_misc":{"Dur\u00e9e de lecture estim\u00e9e":"1 minute"},"schema":{"@context":"https:\/\/schema.org","@graph":[{"@type":"WebPage","@id":"https:\/\/lion-environnement.org\/index.php\/presentation-amap\/","url":"https:\/\/lion-environnement.org\/index.php\/presentation-amap\/","name":"L'AMAP - Lion Environnement","isPartOf":{"@id":"https:\/\/lion-environnement.org\/#website"},"primaryImageOfPage":{"@id":"https:\/\/lion-environnement.org\/index.php\/presentation-amap\/#primaryimage"},"image":{"@id":"https:\/\/lion-environnement.org\/index.php\/presentation-amap\/#primaryimage"},"thumbnailUrl":"https:\/\/lion-environnement.org\/wp-content\/uploads\/2024\/11\/Amap_Photo.jpg","datePublished":"2017-11-05T08:42:22+00:00","dateModified":"2024-11-07T13:53:10+00:00","breadcrumb":{"@id":"https:\/\/lion-environnement.org\/index.php\/presentation-amap\/#breadcrumb"},"inLanguage":"fr-FR","potentialAction":[{"@type":"ReadAction","target":["https:\/\/lion-environnement.org\/index.php\/presentation-amap\/"]}]},{"@type":"ImageObject","inLanguage":"fr-FR","@id":"https:\/\/lion-environnement.org\/index.php\/presentation-amap\/#primaryimage","url":"https:\/\/lion-environnement.org\/wp-content\/uploads\/2024\/11\/Amap_Photo.jpg","contentUrl":"https:\/\/lion-environnement.org\/wp-content\/uploads\/2024\/11\/Amap_Photo.jpg","width":790,"height":430},{"@type":"BreadcrumbList","@id":"https:\/\/lion-environnement.org\/index.php\/presentation-amap\/#breadcrumb","itemListElement":[{"@type":"ListItem","position":1,"name":"Accueil","item":"https:\/\/lion-environnement.org\/"},{"@type":"ListItem","position":2,"name":"L&rsquo;AMAP"}]},{"@type":"WebSite","@id":"https:\/\/lion-environnement.org\/#website","url":"https:\/\/lion-environnement.org\/","name":"Lion Environnement","description":"Lions nos \u00e9nergies pour pr\u00e9server l&#039;environnement et la sant\u00e9","publisher":{"@id":"https:\/\/lion-environnement.org\/#organization"},"potentialAction":[{"@type":"SearchAction","target":{"@type":"EntryPoint","urlTemplate":"https:\/\/lion-environnement.org\/?s={search_term_string}"},"query-input":{"@type":"PropertyValueSpecification","valueRequired":true,"valueName":"search_term_string"}}],"inLanguage":"fr-FR"},{"@type":"Organization","@id":"https:\/\/lion-environnement.org\/#organization","name":"Lion Environnement","url":"https:\/\/lion-environnement.org\/","logo":{"@type":"ImageObject","inLanguage":"fr-FR","@id":"https:\/\/lion-environnement.org\/#\/schema\/logo\/image\/","url":"https:\/\/lion-environnement.org\/wp-content\/uploads\/2016\/04\/logoLElongWeb-1.jpg","contentUrl":"https:\/\/lion-environnement.org\/wp-content\/uploads\/2016\/04\/logoLElongWeb-1.jpg","width":487,"height":113,"caption":"Lion Environnement"},"image":{"@id":"https:\/\/lion-environnement.org\/#\/schema\/logo\/image\/"},"sameAs":["https:\/\/www.facebook.com\/LionEnvironnement\/?locale=fr_FR","https:\/\/www.instagram.com\/environnementlion"]}]}},"_links":{"self":[{"href":"https:\/\/lion-environnement.org\/index.php\/wp-json\/wp\/v2\/pages\/729","targetHints":{"allow":["GET"]}}],"collection":[{"href":"https:\/\/lion-environnement.org\/index.php\/wp-json\/wp\/v2\/pages"}],"about":[{"href":"https:\/\/lion-environnement.org\/index.php\/wp-json\/wp\/v2\/types\/page"}],"author":[{"embeddable":true,"href":"https:\/\/lion-environnement.org\/index.php\/wp-json\/wp\/v2\/users\/1"}],"replies":[{"embeddable":true,"href":"https:\/\/lion-environnement.org\/index.php\/wp-json\/wp\/v2\/comments?post=729"}],"version-history":[{"count":22,"href":"https:\/\/lion-environnement.org\/index.php\/wp-json\/wp\/v2\/pages\/729\/revisions"}],"predecessor-version":[{"id":8451,"href":"https:\/\/lion-environnement.org\/index.php\/wp-json\/wp\/v2\/pages\/729\/revisions\/8451"}],"wp:featuredmedia":[{"embeddable":true,"href":"https:\/\/lion-environnement.org\/index.php\/wp-json\/wp\/v2\/media\/8671"}],"wp:attachment":[{"href":"https:\/\/lion-environnement.org\/index.php\/wp-json\/wp\/v2\/media?parent=729"}],"curies":[{"name":"wp","href":"https:\/\/api.w.org\/{rel}","templated":true}]}}