{"id":4775,"date":"2019-07-12T09:31:16","date_gmt":"2019-07-12T07:31:16","guid":{"rendered":"https:\/\/lion-environnement.org\/?page_id=4775"},"modified":"2024-03-19T14:18:03","modified_gmt":"2024-03-19T13:18:03","slug":"rues-au-pied-du-mur","status":"publish","type":"page","link":"https:\/\/lion-environnement.org\/index.php\/rues-au-pied-du-mur\/","title":{"rendered":"Les Rues Au Pied du Mur"},"content":{"rendered":"\n<h6 class=\"wp-block-heading\">D\u00e9couvrez les rues de Lion qui ont choisi de participer \u00e0 Lion Au Pied du Mur<\/h6>\n\n\n\n<h6 class=\"wp-block-heading\">Utiliser la carte<\/h6>\n\n\n\n<div class=\"wp-block-columns is-layout-flex wp-container-core-columns-is-layout-9d6595d7 wp-block-columns-is-layout-flex\">\n<div class=\"wp-block-column is-layout-flow wp-block-column-is-layout-flow\">\n<figure class=\"wp-block-image size-full\"><img loading=\"lazy\" decoding=\"async\" width=\"432\" height=\"272\" src=\"https:\/\/lion-environnement.org\/wp-content\/uploads\/2024\/03\/ModopIgn-0.png\" alt=\"\" class=\"wp-image-8105\" srcset=\"https:\/\/lion-environnement.org\/wp-content\/uploads\/2024\/03\/ModopIgn-0.png 432w, https:\/\/lion-environnement.org\/wp-content\/uploads\/2024\/03\/ModopIgn-0-300x189.png 300w\" sizes=\"auto, (max-width: 432px) 100vw, 432px\" \/><\/figure>\n<\/div>\n\n\n\n<div class=\"wp-block-column is-layout-flow wp-block-column-is-layout-flow\">\n<figure class=\"wp-block-image size-full\"><img loading=\"lazy\" decoding=\"async\" width=\"656\" height=\"444\" src=\"https:\/\/lion-environnement.org\/wp-content\/uploads\/2024\/03\/ModOpIgn-1.png\" alt=\"\" class=\"wp-image-8106\" srcset=\"https:\/\/lion-environnement.org\/wp-content\/uploads\/2024\/03\/ModOpIgn-1.png 656w, https:\/\/lion-environnement.org\/wp-content\/uploads\/2024\/03\/ModOpIgn-1-300x203.png 300w\" sizes=\"auto, (max-width: 656px) 100vw, 656px\" \/><\/figure>\n<\/div>\n\n\n\n<div class=\"wp-block-column is-layout-flow wp-block-column-is-layout-flow\">\n<p>Pour zoomer\/d\u00e9zoomer, <br>utiliser la mollette de votre souris,<br>ou deux doigts sur votre trackpad ou \u00e9cran tactile<\/p>\n<\/div>\n<\/div>\n\n\n\n<iframe loading=\"lazy\" width=\"850\" height=\"850\" src=\"https:\/\/macarte.ign.fr\/carte\/6b969e940afba971cf314e0ce6008902\/Au_Pied_du_Mur___Lion_sur_Mer?ifs=medium\"frameborder=\"0\" marginheight=\"0\" marginwidth=\"0\"><\/iframe>\n\n\n\n<div class=\"wp-block-columns is-layout-flex wp-container-core-columns-is-layout-9d6595d7 wp-block-columns-is-layout-flex\">\n<div class=\"wp-block-column is-layout-flow wp-block-column-is-layout-flow\">\n<p><a href=\"https:\/\/lion-environnement.org\/index.php\/participer\/au-pied-du-mur\/\">Tout savoir sur \u00ab\u00a0Au Pied du Mur\u00a0\u00bb<\/a><\/p>\n<\/div>\n\n\n\n<div class=\"wp-block-column is-layout-flow wp-block-column-is-layout-flow\">\n<p class=\"has-text-align-right\"><a href=\"https:\/\/lion-environnement.org\/index.php\/des-cartes-pour-mieux-vous-reperer\/\">Revenir aux cartes<\/a><\/p>\n<\/div>\n<\/div>\n","protected":false},"excerpt":{"rendered":"<p>D\u00e9couvrez les rues de Lion qui ont choisi de participer \u00e0 Lion Au Pied du Mur Utiliser la carte Tout savoir sur \u00ab\u00a0Au Pied du Mur\u00a0\u00bb Revenir aux cartes<\/p>\n","protected":false},"author":1545,"featured_media":0,"parent":0,"menu_order":10,"comment_status":"closed","ping_status":"closed","template":"fullwidth.php","meta":{"footnotes":""},"class_list":["post-4775","page","type-page","status-publish","hentry"],"_wp_attached_file":null,"_wp_attachment_metadata":null,"_menu_item_type":null,"_menu_item_menu_item_parent":null,"_menu_item_object_id":null,"_menu_item_object":null,"_menu_item_target":null,"_menu_item_classes":null,"_menu_item_xfn":null,"_menu_item_url":null,"_eventorganiser_event_schedule":null,"_eventorganiser_schedule_until":null,"_wpas_done_all":null,"_eventorganiser_schedule_start_start":null,"_eventorganiser_schedule_start_finish":null,"_eventorganiser_schedule_last_start":null,"_eventorganiser_schedule_last_finish":null,"_wp_attachment_backup_sizes":null,"_wp_attachment_context":null,"event_address":null,"event_start_date":null,"event_to_time":null,"event_from_time":null,"event_end_date":null,"_oembed_7e6c0eb53f1b87dceeb7157df4c64ecd":null,"_oembed_ac860e2f1183d5fbf8efad3e14b2b998":null,"_oembed_2fa3d1dc2e72f2f3db15582a07766e9d":null,"_oembed_ba1f94dfef6f2f056282005c87e1dd1f":null,"_oembed_b4fa8c58de01621c3377349423193585":null,"_oembed_2c076515dc13114e0a07a701157042d8":null,"_oembed_time_2c076515dc13114e0a07a701157042d8":null,"_su_description":null,"_wp_attachment_is_custom_header":null,"_wp_attachment_custom_header_last_used_enigma":null,"_mc_event_shortcode":null,"_mc_event_access":null,"_mc_event_id":null,"_mc_event_desc":null,"_mc_event_image":null,"_event_time_label":null,"_mc_event_data":null,"_snap_forceSURL":null,"snap_MYURL":null,"snapEdIT":null,"_mc_event_location":null,"_oembed_cdb00187755a40067dfed1152b83fa85":null,"_oembed_2a2b1181a4872c3fcae632ccb831338e":null,"_oembed_223e8f80fcafbbb0e655c3b852ad258b":null,"_oembed_f2dbc4e0e03552dca3704dc9d3b35b81":null,"_oembed_0f31e9c8d775433415a564642134b876":null,"_oembed_37f37d6d5d0f763259b5f2d5c6698765":null,"_oembed_7d585094b05c3c88729a16a5d0b76382":null,"_oembed_49e3f6fef25f62658e66c1baa5716b3c":null,"_oembed_3bbcd6cd9ba0f8e8cead97d8bddbbbae":null,"_oembed_6107383b394908a78bf711554ae8a1e4":null,"_oembed_5d6a5ae5cd2e93d5022ed2485426fcf4":null,"_oembed_422f96ea83a4884539ceb42326a11ee5":null,"_oembed_ab6628735dc0e2101ba08ec87fcef1b7":null,"_oembed_75bd89488fe790d8e4f203396bb84c81":null,"_oembed_time_75bd89488fe790d8e4f203396bb84c81":null,"_oembed_c6d8784021cf1310fe080cd343275a5a":null,"_oembed_time_c6d8784021cf1310fe080cd343275a5a":null,"_wp_attachment_custom_header_last_used_greenigma":null,"_wp_attachment_is_custom_background":null,"enclosure":null,"_oembed_3bca2a21e398bc75f8a1b2ec60f88d23":null,"_oembed_25600d5f25f51af7be904b38ccae40ec":null,"_oembed_time_25600d5f25f51af7be904b38ccae40ec":null,"_mc_guid":null,"_mc4wp_settings":null,"text_subscribed":null,"text_invalid_email":null,"text_required_field_missing":null,"text_already_subscribed":null,"text_error":null,"text_unsubscribed":null,"text_not_subscribed":null,"text_no_lists_selected":null,"text_updated":null,"_bbp_reply_count_hidden":null,"_bbp_topic_count_hidden":null,"_bbp_total_topic_count":null,"_bbp_topic_count":null,"_bbp_total_reply_count":null,"_bbp_reply_count":null,"_bbp_forum_subforum_count":null,"_bbp_last_active_time":null,"user_registration_form_setting_default_user_role":null,"user_registration_form_setting_enable_strong_password":null,"user_registration_form_setting_minimum_password_strength":null,"user_registration_form_setting_form_submit_label":null,"user_registration_form_setting_enable_recaptcha_support":null,"user_registration_form_template":null,"user_registration_form_custom_class":null,"_oembed_ef95b2b98f04716f23e0a4eed7816e1b":null,"_oembed_time_ef95b2b98f04716f23e0a4eed7816e1b":null,"_wp_attachment_image_alt":null,"_mc_event_date":null,"_customize_changeset_uuid":null,"sg_popup_target":null,"sg_popup_events":null,"sg_popup_options":null,"_oembed_caf01abe71309dc253791159ac4336cb":null,"_sgpb_original":null,"sg_popup_events_preview":null,"sg_popup_options_preview":null,"sg_popup_target_preview":null,"user_registration_form_setting_redirect_options":null,"_oembed_10c4a1529e884332ff612b45feeae083":null,"_bbp_forum_id":null,"_bbp_last_topic_id":null,"_bbp_last_reply_id":null,"_bbp_last_active_id":null,"_form":null,"_mail":null,"_mail_2":null,"_messages":null,"_additional_settings":null,"_locale":null,"_elementor_css":null,"_menu_sgpb_popup_id":null,"_oembed_bbc07775835a27fca3dab6de0a78c453":null,"cmplz_tc_document_status":null,"_oembed_a8eea5673581fdb5da3c215c1676eaf2":null,"_oembed_time_a8eea5673581fdb5da3c215c1676eaf2":null,"_bbp_forum_type":null,"_bbp_status":null,"_bbp_total_reply_count_hidden":null,"_wp_page_template":"fullwidth.php","_edit_last":"1559","_edit_lock":"1710854375:1559","_su_rich_snippet_type":"none","xyz_fbap":"1","xyz_fbap_insert_og":"1","_thumbnail_id":null,"_jetpack_dont_email_post_to_subs":null,"_su_title":null,"_cmplz_scanned_post":"1","xyz_fbap_future_to_publish":{"post_fb_permission":1,"xyz_fbap_po_method":"2","xyz_fbap_message":"{POST_TITLE} vient d'\u00eatre publi\u00e9 sur {BLOG_TITLE}"},"_wp_old_slug":null,"_wp_old_date":null,"cmplz_hide_cookiebanner":"","_elementor_template_type":null,"_elementor_edit_mode":null,"_elementor_data":null,"_elementor_version":null,"_elementor_controls_usage":null,"classic-editor-remember":"classic-editor","_wp_trash_meta_status":null,"_wp_trash_meta_time":null,"_wp_desired_post_slug":null,"yoast_head":"<!-- This site is optimized with the Yoast SEO plugin v27.0 - https:\/\/yoast.com\/product\/yoast-seo-wordpress\/ -->\n<title>Les Rues Au Pied du Mur - Lion Environnement<\/title>\n<meta name=\"robots\" content=\"index, follow, max-snippet:-1, max-image-preview:large, max-video-preview:-1\" \/>\n<link rel=\"canonical\" href=\"https:\/\/lion-environnement.org\/index.php\/rues-au-pied-du-mur\/\" \/>\n<meta property=\"og:locale\" content=\"fr_FR\" \/>\n<meta property=\"og:type\" content=\"article\" \/>\n<meta property=\"og:title\" content=\"Les Rues Au Pied du Mur - Lion Environnement\" \/>\n<meta property=\"og:description\" content=\"D\u00e9couvrez les rues de Lion qui ont choisi de participer \u00e0 Lion Au Pied du Mur Utiliser la carte Tout savoir sur \u00ab\u00a0Au Pied du Mur\u00a0\u00bb Revenir aux cartes\" \/>\n<meta property=\"og:url\" content=\"https:\/\/lion-environnement.org\/index.php\/rues-au-pied-du-mur\/\" \/>\n<meta property=\"og:site_name\" content=\"Lion Environnement\" \/>\n<meta property=\"article:publisher\" content=\"https:\/\/www.facebook.com\/LionEnvironnement\/?locale=fr_FR\" \/>\n<meta property=\"article:modified_time\" content=\"2024-03-19T13:18:03+00:00\" \/>\n<meta name=\"twitter:card\" content=\"summary_large_image\" \/>\n<script type=\"application\/ld+json\" class=\"yoast-schema-graph\">{\"@context\":\"https:\/\/schema.org\",\"@graph\":[{\"@type\":\"WebPage\",\"@id\":\"https:\/\/lion-environnement.org\/index.php\/rues-au-pied-du-mur\/\",\"url\":\"https:\/\/lion-environnement.org\/index.php\/rues-au-pied-du-mur\/\",\"name\":\"Les Rues Au Pied du Mur - Lion Environnement\",\"isPartOf\":{\"@id\":\"https:\/\/lion-environnement.org\/#website\"},\"datePublished\":\"2019-07-12T07:31:16+00:00\",\"dateModified\":\"2024-03-19T13:18:03+00:00\",\"breadcrumb\":{\"@id\":\"https:\/\/lion-environnement.org\/index.php\/rues-au-pied-du-mur\/#breadcrumb\"},\"inLanguage\":\"fr-FR\",\"potentialAction\":[{\"@type\":\"ReadAction\",\"target\":[\"https:\/\/lion-environnement.org\/index.php\/rues-au-pied-du-mur\/\"]}]},{\"@type\":\"BreadcrumbList\",\"@id\":\"https:\/\/lion-environnement.org\/index.php\/rues-au-pied-du-mur\/#breadcrumb\",\"itemListElement\":[{\"@type\":\"ListItem\",\"position\":1,\"name\":\"Accueil\",\"item\":\"https:\/\/lion-environnement.org\/\"},{\"@type\":\"ListItem\",\"position\":2,\"name\":\"Les Rues Au Pied du Mur\"}]},{\"@type\":\"WebSite\",\"@id\":\"https:\/\/lion-environnement.org\/#website\",\"url\":\"https:\/\/lion-environnement.org\/\",\"name\":\"Lion Environnement\",\"description\":\"Lions nos \u00e9nergies pour pr\u00e9server l&#039;environnement et la sant\u00e9\",\"publisher\":{\"@id\":\"https:\/\/lion-environnement.org\/#organization\"},\"potentialAction\":[{\"@type\":\"SearchAction\",\"target\":{\"@type\":\"EntryPoint\",\"urlTemplate\":\"https:\/\/lion-environnement.org\/?s={search_term_string}\"},\"query-input\":{\"@type\":\"PropertyValueSpecification\",\"valueRequired\":true,\"valueName\":\"search_term_string\"}}],\"inLanguage\":\"fr-FR\"},{\"@type\":\"Organization\",\"@id\":\"https:\/\/lion-environnement.org\/#organization\",\"name\":\"Lion Environnement\",\"url\":\"https:\/\/lion-environnement.org\/\",\"logo\":{\"@type\":\"ImageObject\",\"inLanguage\":\"fr-FR\",\"@id\":\"https:\/\/lion-environnement.org\/#\/schema\/logo\/image\/\",\"url\":\"https:\/\/lion-environnement.org\/wp-content\/uploads\/2016\/04\/logoLElongWeb-1.jpg\",\"contentUrl\":\"https:\/\/lion-environnement.org\/wp-content\/uploads\/2016\/04\/logoLElongWeb-1.jpg\",\"width\":487,\"height\":113,\"caption\":\"Lion Environnement\"},\"image\":{\"@id\":\"https:\/\/lion-environnement.org\/#\/schema\/logo\/image\/\"},\"sameAs\":[\"https:\/\/www.facebook.com\/LionEnvironnement\/?locale=fr_FR\",\"https:\/\/www.instagram.com\/environnementlion\"]}]}<\/script>\n<!-- \/ Yoast SEO plugin. -->","yoast_head_json":{"title":"Les Rues Au Pied du Mur - Lion Environnement","robots":{"index":"index","follow":"follow","max-snippet":"max-snippet:-1","max-image-preview":"max-image-preview:large","max-video-preview":"max-video-preview:-1"},"canonical":"https:\/\/lion-environnement.org\/index.php\/rues-au-pied-du-mur\/","og_locale":"fr_FR","og_type":"article","og_title":"Les Rues Au Pied du Mur - Lion Environnement","og_description":"D\u00e9couvrez les rues de Lion qui ont choisi de participer \u00e0 Lion Au Pied du Mur Utiliser la carte Tout savoir sur \u00ab\u00a0Au Pied du Mur\u00a0\u00bb Revenir aux cartes","og_url":"https:\/\/lion-environnement.org\/index.php\/rues-au-pied-du-mur\/","og_site_name":"Lion Environnement","article_publisher":"https:\/\/www.facebook.com\/LionEnvironnement\/?locale=fr_FR","article_modified_time":"2024-03-19T13:18:03+00:00","twitter_card":"summary_large_image","schema":{"@context":"https:\/\/schema.org","@graph":[{"@type":"WebPage","@id":"https:\/\/lion-environnement.org\/index.php\/rues-au-pied-du-mur\/","url":"https:\/\/lion-environnement.org\/index.php\/rues-au-pied-du-mur\/","name":"Les Rues Au Pied du Mur - Lion Environnement","isPartOf":{"@id":"https:\/\/lion-environnement.org\/#website"},"datePublished":"2019-07-12T07:31:16+00:00","dateModified":"2024-03-19T13:18:03+00:00","breadcrumb":{"@id":"https:\/\/lion-environnement.org\/index.php\/rues-au-pied-du-mur\/#breadcrumb"},"inLanguage":"fr-FR","potentialAction":[{"@type":"ReadAction","target":["https:\/\/lion-environnement.org\/index.php\/rues-au-pied-du-mur\/"]}]},{"@type":"BreadcrumbList","@id":"https:\/\/lion-environnement.org\/index.php\/rues-au-pied-du-mur\/#breadcrumb","itemListElement":[{"@type":"ListItem","position":1,"name":"Accueil","item":"https:\/\/lion-environnement.org\/"},{"@type":"ListItem","position":2,"name":"Les Rues Au Pied du Mur"}]},{"@type":"WebSite","@id":"https:\/\/lion-environnement.org\/#website","url":"https:\/\/lion-environnement.org\/","name":"Lion Environnement","description":"Lions nos \u00e9nergies pour pr\u00e9server l&#039;environnement et la sant\u00e9","publisher":{"@id":"https:\/\/lion-environnement.org\/#organization"},"potentialAction":[{"@type":"SearchAction","target":{"@type":"EntryPoint","urlTemplate":"https:\/\/lion-environnement.org\/?s={search_term_string}"},"query-input":{"@type":"PropertyValueSpecification","valueRequired":true,"valueName":"search_term_string"}}],"inLanguage":"fr-FR"},{"@type":"Organization","@id":"https:\/\/lion-environnement.org\/#organization","name":"Lion Environnement","url":"https:\/\/lion-environnement.org\/","logo":{"@type":"ImageObject","inLanguage":"fr-FR","@id":"https:\/\/lion-environnement.org\/#\/schema\/logo\/image\/","url":"https:\/\/lion-environnement.org\/wp-content\/uploads\/2016\/04\/logoLElongWeb-1.jpg","contentUrl":"https:\/\/lion-environnement.org\/wp-content\/uploads\/2016\/04\/logoLElongWeb-1.jpg","width":487,"height":113,"caption":"Lion Environnement"},"image":{"@id":"https:\/\/lion-environnement.org\/#\/schema\/logo\/image\/"},"sameAs":["https:\/\/www.facebook.com\/LionEnvironnement\/?locale=fr_FR","https:\/\/www.instagram.com\/environnementlion"]}]}},"_links":{"self":[{"href":"https:\/\/lion-environnement.org\/index.php\/wp-json\/wp\/v2\/pages\/4775","targetHints":{"allow":["GET"]}}],"collection":[{"href":"https:\/\/lion-environnement.org\/index.php\/wp-json\/wp\/v2\/pages"}],"about":[{"href":"https:\/\/lion-environnement.org\/index.php\/wp-json\/wp\/v2\/types\/page"}],"author":[{"embeddable":true,"href":"https:\/\/lion-environnement.org\/index.php\/wp-json\/wp\/v2\/users\/1545"}],"replies":[{"embeddable":true,"href":"https:\/\/lion-environnement.org\/index.php\/wp-json\/wp\/v2\/comments?post=4775"}],"version-history":[{"count":15,"href":"https:\/\/lion-environnement.org\/index.php\/wp-json\/wp\/v2\/pages\/4775\/revisions"}],"predecessor-version":[{"id":8117,"href":"https:\/\/lion-environnement.org\/index.php\/wp-json\/wp\/v2\/pages\/4775\/revisions\/8117"}],"wp:attachment":[{"href":"https:\/\/lion-environnement.org\/index.php\/wp-json\/wp\/v2\/media?parent=4775"}],"curies":[{"name":"wp","href":"https:\/\/api.w.org\/{rel}","templated":true}]}}