{"id":1267,"date":"2017-12-22T16:07:16","date_gmt":"2017-12-22T15:07:16","guid":{"rendered":"https:\/\/lion-environnement.org\/?page_id=1267"},"modified":"2022-05-16T16:12:31","modified_gmt":"2022-05-16T14:12:31","slug":"les-incroyables-comestibles","status":"publish","type":"page","link":"https:\/\/lion-environnement.org\/index.php\/les-incroyables-comestibles\/","title":{"rendered":"Les Incroyables Comestibles"},"content":{"rendered":"\n<p class=\"has-text-align-center\"><strong>INCROYABLES COMESTIBLES: DES POTAGERS URBAINS ACCESSIBLES \u0100 TOUS<\/strong><br><strong>SE RETROUVER AUTOUR DE BACS AM\u00c9NAG\u00c9S DANS L\u2019ESPACE PUBLIC<\/strong><br><strong>POUR PLANTER, SEMER, ENTRETENIR ET PARTAGER LES R\u00c9COLTES<\/strong><\/p>\n\n\n\n<figure class=\"wp-block-image size-large\"><img loading=\"lazy\" decoding=\"async\" width=\"1024\" height=\"375\" src=\"https:\/\/lion-environnement.org\/wp-content\/uploads\/2022\/01\/IC-perenne-1024x375.png\" alt=\"\" class=\"wp-image-6379\" srcset=\"https:\/\/lion-environnement.org\/wp-content\/uploads\/2022\/01\/IC-perenne-1024x375.png 1024w, https:\/\/lion-environnement.org\/wp-content\/uploads\/2022\/01\/IC-perenne-300x110.png 300w, https:\/\/lion-environnement.org\/wp-content\/uploads\/2022\/01\/IC-perenne-768x281.png 768w, https:\/\/lion-environnement.org\/wp-content\/uploads\/2022\/01\/IC-perenne.png 1163w\" sizes=\"auto, (max-width: 1024px) 100vw, 1024px\" \/><\/figure>\n\n\n\n<p>Dans de nombreuses localit\u00e9s, des citoyens cultivent les incroyables comestibles en partageant des fruits et des l\u00e9gumes plant\u00e9s dans des espaces collectifs qui deviennent alors des lieux de convivialit\u00e9.<\/p>\n\n\n\n<p>Relay\u00e9e par 25 pays et pr\u00e9sente dans plus de 500 communes en France, la d\u00e9marche des incroyables comestibles est participative, citoyenne et solidaire et s\u2019inscrit dans la gratuit\u00e9 et le partage.<\/p>\n\n\n\n<p>Depuis 2017, Lion Environnement a rejoint le mouvement en cr\u00e9ant des&nbsp;<strong>potagers accessibles \u00e0 tous<\/strong>, install\u00e9s dans l\u2019espace public. Rassembler les habitants pour planter en commun, entretenir et partager les r\u00e9coltes, c\u2019est l\u2019id\u00e9e qui anime tous ceux qui se retrouvent autour de ces bacs cr\u00e9\u00e9s dans diff\u00e9rents quartiers de Lion sur mer, que ce soit Place Pasteur, rue du stade, all\u00e9e de la mare, ou encore \u00e0 l\u2019\u00e9cole.<\/p>\n\n\n\n<p>Planter partout l\u00e0 o\u00f9 c\u2019est possible, avec bon sens, dans le respect des lieux et des personnes, c\u2019est ainsi que ces espaces prennent vie. Chacun peut venir semer, chacun peut participer \u00e0 l\u2019entretien, chacun peut venir r\u00e9colter\u2026 et ce ne sont pas forc\u00e9ment les m\u00eames personnes&nbsp;! Les incroyables comestibles ne plantent pas pour eux. Leur action est de rendre accessibles \u00e0 tous les plantations, leur ambition est de viser \u00e0 attirer l\u2019attention sur l\u2019importance du manger sain par des cultures bio et locales.&nbsp;<\/p>\n\n\n\n<p>Ces lieux qui attirent la curiosit\u00e9 des promeneurs sont aussi des lieux d\u2019\u00e9changes, de lien entre g\u00e9n\u00e9rations et milieux sociaux divers, et de convivialit\u00e9 simple. N\u2019h\u00e9sitez pas \u00e0 les investir selon vos envies, le temps que vous pouvez y consacrer, m\u00eame minime. Si chacun donne un peu, c\u2019est tout le monde qui gagne !<\/p>\n\n\n\n<p><a href=\"https:\/\/lion-environnement.org\/index.php?cat=28\">Toute l&rsquo;actualit\u00e9 des Incroyables Comestibles<\/a><\/p>\n\n\n\n<p><a href=\"https:\/\/lion-environnement.org\/index.php\/jardinez-pres-de-chez-vous-avec-les-incroyables-comestibles\/\">Retrouvez tous les lieux des Incroyables Comestibles<\/a><\/p>\n","protected":false},"excerpt":{"rendered":"<p>INCROYABLES COMESTIBLES: DES POTAGERS URBAINS ACCESSIBLES \u0100 TOUSSE RETROUVER AUTOUR DE BACS AM\u00c9NAG\u00c9S DANS L\u2019ESPACE PUBLICPOUR PLANTER, SEMER, ENTRETENIR ET PARTAGER LES R\u00c9COLTES Dans de nombreuses localit\u00e9s, des citoyens cultivent les incroyables comestibles en partageant des fruits et des l\u00e9gumes plant\u00e9s dans des espaces collectifs qui deviennent alors des lieux de convivialit\u00e9. Relay\u00e9e par 25\u2026<\/p>\n","protected":false},"author":2,"featured_media":0,"parent":0,"menu_order":0,"comment_status":"closed","ping_status":"closed","template":"fullwidth.php","meta":{"footnotes":""},"class_list":["post-1267","page","type-page","status-publish","hentry"],"_wp_attached_file":null,"_wp_attachment_metadata":null,"_menu_item_type":null,"_menu_item_menu_item_parent":null,"_menu_item_object_id":null,"_menu_item_object":null,"_menu_item_target":null,"_menu_item_classes":null,"_menu_item_xfn":null,"_menu_item_url":null,"_eventorganiser_event_schedule":null,"_eventorganiser_schedule_until":null,"_wpas_done_all":null,"_eventorganiser_schedule_start_start":null,"_eventorganiser_schedule_start_finish":null,"_eventorganiser_schedule_last_start":null,"_eventorganiser_schedule_last_finish":null,"_wp_attachment_backup_sizes":null,"_wp_attachment_context":null,"event_address":null,"event_start_date":null,"event_to_time":null,"event_from_time":null,"event_end_date":null,"_oembed_7e6c0eb53f1b87dceeb7157df4c64ecd":null,"_oembed_ac860e2f1183d5fbf8efad3e14b2b998":null,"_oembed_2fa3d1dc2e72f2f3db15582a07766e9d":null,"_oembed_ba1f94dfef6f2f056282005c87e1dd1f":null,"_oembed_b4fa8c58de01621c3377349423193585":null,"_oembed_2c076515dc13114e0a07a701157042d8":null,"_oembed_time_2c076515dc13114e0a07a701157042d8":null,"_su_description":null,"_wp_attachment_is_custom_header":null,"_wp_attachment_custom_header_last_used_enigma":null,"_mc_event_shortcode":null,"_mc_event_access":null,"_mc_event_id":null,"_mc_event_desc":null,"_mc_event_image":null,"_event_time_label":null,"_mc_event_data":null,"_snap_forceSURL":null,"snap_MYURL":null,"snapEdIT":null,"_mc_event_location":null,"_oembed_cdb00187755a40067dfed1152b83fa85":null,"_oembed_2a2b1181a4872c3fcae632ccb831338e":null,"_oembed_223e8f80fcafbbb0e655c3b852ad258b":null,"_oembed_f2dbc4e0e03552dca3704dc9d3b35b81":null,"_oembed_0f31e9c8d775433415a564642134b876":null,"_oembed_37f37d6d5d0f763259b5f2d5c6698765":null,"_oembed_7d585094b05c3c88729a16a5d0b76382":null,"_oembed_49e3f6fef25f62658e66c1baa5716b3c":null,"_oembed_3bbcd6cd9ba0f8e8cead97d8bddbbbae":null,"_oembed_6107383b394908a78bf711554ae8a1e4":null,"_oembed_5d6a5ae5cd2e93d5022ed2485426fcf4":null,"_oembed_422f96ea83a4884539ceb42326a11ee5":null,"_oembed_ab6628735dc0e2101ba08ec87fcef1b7":null,"_oembed_75bd89488fe790d8e4f203396bb84c81":null,"_oembed_time_75bd89488fe790d8e4f203396bb84c81":null,"_oembed_c6d8784021cf1310fe080cd343275a5a":null,"_oembed_time_c6d8784021cf1310fe080cd343275a5a":null,"_wp_attachment_custom_header_last_used_greenigma":null,"_wp_attachment_is_custom_background":null,"enclosure":null,"_oembed_3bca2a21e398bc75f8a1b2ec60f88d23":null,"_oembed_25600d5f25f51af7be904b38ccae40ec":null,"_oembed_time_25600d5f25f51af7be904b38ccae40ec":null,"_mc_guid":null,"_mc4wp_settings":null,"text_subscribed":null,"text_invalid_email":null,"text_required_field_missing":null,"text_already_subscribed":null,"text_error":null,"text_unsubscribed":null,"text_not_subscribed":null,"text_no_lists_selected":null,"text_updated":null,"_bbp_reply_count_hidden":null,"_bbp_topic_count_hidden":null,"_bbp_total_topic_count":null,"_bbp_topic_count":null,"_bbp_total_reply_count":null,"_bbp_reply_count":null,"_bbp_forum_subforum_count":null,"_bbp_last_active_time":null,"user_registration_form_setting_default_user_role":null,"user_registration_form_setting_enable_strong_password":null,"user_registration_form_setting_minimum_password_strength":null,"user_registration_form_setting_form_submit_label":null,"user_registration_form_setting_enable_recaptcha_support":null,"user_registration_form_template":null,"user_registration_form_custom_class":null,"_oembed_ef95b2b98f04716f23e0a4eed7816e1b":null,"_oembed_time_ef95b2b98f04716f23e0a4eed7816e1b":null,"_wp_attachment_image_alt":null,"_mc_event_date":null,"_customize_changeset_uuid":null,"sg_popup_target":null,"sg_popup_events":null,"sg_popup_options":null,"_oembed_caf01abe71309dc253791159ac4336cb":null,"_sgpb_original":null,"sg_popup_events_preview":null,"sg_popup_options_preview":null,"sg_popup_target_preview":null,"user_registration_form_setting_redirect_options":null,"_oembed_10c4a1529e884332ff612b45feeae083":null,"_bbp_forum_id":null,"_bbp_last_topic_id":null,"_bbp_last_reply_id":null,"_bbp_last_active_id":null,"_form":null,"_mail":null,"_mail_2":null,"_messages":null,"_additional_settings":null,"_locale":null,"_elementor_css":null,"_menu_sgpb_popup_id":null,"_oembed_bbc07775835a27fca3dab6de0a78c453":null,"cmplz_tc_document_status":null,"_oembed_a8eea5673581fdb5da3c215c1676eaf2":null,"_oembed_time_a8eea5673581fdb5da3c215c1676eaf2":null,"_bbp_forum_type":null,"_bbp_status":null,"_bbp_total_reply_count_hidden":null,"_wp_page_template":"fullwidth.php","_edit_last":"1559","_edit_lock":"1669890810:1564","_su_rich_snippet_type":"none","xyz_fbap":null,"xyz_fbap_insert_og":null,"_thumbnail_id":null,"_jetpack_dont_email_post_to_subs":null,"_su_title":null,"_cmplz_scanned_post":"1","xyz_fbap_future_to_publish":{"post_fb_permission":0,"xyz_fbap_po_method":"2","xyz_fbap_message":"{POST_TITLE} vient d'\u00eatre publi\u00e9 sur {BLOG_TITLE}"},"_wp_old_slug":null,"_wp_old_date":null,"cmplz_hide_cookiebanner":"","_elementor_template_type":null,"_elementor_edit_mode":null,"_elementor_data":null,"_elementor_version":null,"_elementor_controls_usage":null,"classic-editor-remember":"block-editor","_wp_trash_meta_status":null,"_wp_trash_meta_time":null,"_wp_desired_post_slug":null,"yoast_head":"<!-- This site is optimized with the Yoast SEO plugin v27.4 - https:\/\/yoast.com\/product\/yoast-seo-wordpress\/ -->\n<title>Les Incroyables Comestibles - Lion Environnement<\/title>\n<meta name=\"robots\" content=\"index, follow, max-snippet:-1, max-image-preview:large, max-video-preview:-1\" \/>\n<link rel=\"canonical\" href=\"https:\/\/lion-environnement.org\/index.php\/les-incroyables-comestibles\/\" \/>\n<meta property=\"og:locale\" content=\"fr_FR\" \/>\n<meta property=\"og:type\" content=\"article\" \/>\n<meta property=\"og:title\" content=\"Les Incroyables Comestibles - Lion Environnement\" \/>\n<meta property=\"og:description\" content=\"INCROYABLES COMESTIBLES: DES POTAGERS URBAINS ACCESSIBLES \u0100 TOUSSE RETROUVER AUTOUR DE BACS AM\u00c9NAG\u00c9S DANS L\u2019ESPACE PUBLICPOUR PLANTER, SEMER, ENTRETENIR ET PARTAGER LES R\u00c9COLTES Dans de nombreuses localit\u00e9s, des citoyens cultivent les incroyables comestibles en partageant des fruits et des l\u00e9gumes plant\u00e9s dans des espaces collectifs qui deviennent alors des lieux de convivialit\u00e9. Relay\u00e9e par 25\u2026\" \/>\n<meta property=\"og:url\" content=\"https:\/\/lion-environnement.org\/index.php\/les-incroyables-comestibles\/\" \/>\n<meta property=\"og:site_name\" content=\"Lion Environnement\" \/>\n<meta property=\"article:publisher\" content=\"https:\/\/www.facebook.com\/LionEnvironnement\/?locale=fr_FR\" \/>\n<meta property=\"article:modified_time\" content=\"2022-05-16T14:12:31+00:00\" \/>\n<meta property=\"og:image\" content=\"https:\/\/lion-environnement.org\/wp-content\/uploads\/2022\/01\/IC-perenne.png\" \/>\n\t<meta property=\"og:image:width\" content=\"1163\" \/>\n\t<meta property=\"og:image:height\" content=\"426\" \/>\n\t<meta property=\"og:image:type\" content=\"image\/png\" \/>\n<meta name=\"twitter:card\" content=\"summary_large_image\" \/>\n<meta name=\"twitter:label1\" content=\"Dur\u00e9e de lecture estim\u00e9e\" \/>\n\t<meta name=\"twitter:data1\" content=\"2 minutes\" \/>\n<script type=\"application\/ld+json\" class=\"yoast-schema-graph\">{\"@context\":\"https:\\\/\\\/schema.org\",\"@graph\":[{\"@type\":\"WebPage\",\"@id\":\"https:\\\/\\\/lion-environnement.org\\\/index.php\\\/les-incroyables-comestibles\\\/\",\"url\":\"https:\\\/\\\/lion-environnement.org\\\/index.php\\\/les-incroyables-comestibles\\\/\",\"name\":\"Les Incroyables Comestibles - Lion Environnement\",\"isPartOf\":{\"@id\":\"https:\\\/\\\/lion-environnement.org\\\/#website\"},\"primaryImageOfPage\":{\"@id\":\"https:\\\/\\\/lion-environnement.org\\\/index.php\\\/les-incroyables-comestibles\\\/#primaryimage\"},\"image\":{\"@id\":\"https:\\\/\\\/lion-environnement.org\\\/index.php\\\/les-incroyables-comestibles\\\/#primaryimage\"},\"thumbnailUrl\":\"https:\\\/\\\/lion-environnement.org\\\/wp-content\\\/uploads\\\/2022\\\/01\\\/IC-perenne-1024x375.png\",\"datePublished\":\"2017-12-22T15:07:16+00:00\",\"dateModified\":\"2022-05-16T14:12:31+00:00\",\"breadcrumb\":{\"@id\":\"https:\\\/\\\/lion-environnement.org\\\/index.php\\\/les-incroyables-comestibles\\\/#breadcrumb\"},\"inLanguage\":\"fr-FR\",\"potentialAction\":[{\"@type\":\"ReadAction\",\"target\":[\"https:\\\/\\\/lion-environnement.org\\\/index.php\\\/les-incroyables-comestibles\\\/\"]}]},{\"@type\":\"ImageObject\",\"inLanguage\":\"fr-FR\",\"@id\":\"https:\\\/\\\/lion-environnement.org\\\/index.php\\\/les-incroyables-comestibles\\\/#primaryimage\",\"url\":\"https:\\\/\\\/lion-environnement.org\\\/wp-content\\\/uploads\\\/2022\\\/01\\\/IC-perenne.png\",\"contentUrl\":\"https:\\\/\\\/lion-environnement.org\\\/wp-content\\\/uploads\\\/2022\\\/01\\\/IC-perenne.png\",\"width\":1163,\"height\":426},{\"@type\":\"BreadcrumbList\",\"@id\":\"https:\\\/\\\/lion-environnement.org\\\/index.php\\\/les-incroyables-comestibles\\\/#breadcrumb\",\"itemListElement\":[{\"@type\":\"ListItem\",\"position\":1,\"name\":\"Accueil\",\"item\":\"https:\\\/\\\/lion-environnement.org\\\/\"},{\"@type\":\"ListItem\",\"position\":2,\"name\":\"Les Incroyables Comestibles\"}]},{\"@type\":\"WebSite\",\"@id\":\"https:\\\/\\\/lion-environnement.org\\\/#website\",\"url\":\"https:\\\/\\\/lion-environnement.org\\\/\",\"name\":\"Lion Environnement\",\"description\":\"Lions nos \u00e9nergies pour pr\u00e9server l&#039;environnement et la sant\u00e9\",\"publisher\":{\"@id\":\"https:\\\/\\\/lion-environnement.org\\\/#organization\"},\"potentialAction\":[{\"@type\":\"SearchAction\",\"target\":{\"@type\":\"EntryPoint\",\"urlTemplate\":\"https:\\\/\\\/lion-environnement.org\\\/?s={search_term_string}\"},\"query-input\":{\"@type\":\"PropertyValueSpecification\",\"valueRequired\":true,\"valueName\":\"search_term_string\"}}],\"inLanguage\":\"fr-FR\"},{\"@type\":\"Organization\",\"@id\":\"https:\\\/\\\/lion-environnement.org\\\/#organization\",\"name\":\"Lion Environnement\",\"url\":\"https:\\\/\\\/lion-environnement.org\\\/\",\"logo\":{\"@type\":\"ImageObject\",\"inLanguage\":\"fr-FR\",\"@id\":\"https:\\\/\\\/lion-environnement.org\\\/#\\\/schema\\\/logo\\\/image\\\/\",\"url\":\"https:\\\/\\\/lion-environnement.org\\\/wp-content\\\/uploads\\\/2016\\\/04\\\/logoLElongWeb-1.jpg\",\"contentUrl\":\"https:\\\/\\\/lion-environnement.org\\\/wp-content\\\/uploads\\\/2016\\\/04\\\/logoLElongWeb-1.jpg\",\"width\":487,\"height\":113,\"caption\":\"Lion Environnement\"},\"image\":{\"@id\":\"https:\\\/\\\/lion-environnement.org\\\/#\\\/schema\\\/logo\\\/image\\\/\"},\"sameAs\":[\"https:\\\/\\\/www.facebook.com\\\/LionEnvironnement\\\/?locale=fr_FR\",\"https:\\\/\\\/www.instagram.com\\\/environnementlion\"]}]}<\/script>\n<!-- \/ Yoast SEO plugin. -->","yoast_head_json":{"title":"Les Incroyables Comestibles - Lion Environnement","robots":{"index":"index","follow":"follow","max-snippet":"max-snippet:-1","max-image-preview":"max-image-preview:large","max-video-preview":"max-video-preview:-1"},"canonical":"https:\/\/lion-environnement.org\/index.php\/les-incroyables-comestibles\/","og_locale":"fr_FR","og_type":"article","og_title":"Les Incroyables Comestibles - Lion Environnement","og_description":"INCROYABLES COMESTIBLES: DES POTAGERS URBAINS ACCESSIBLES \u0100 TOUSSE RETROUVER AUTOUR DE BACS AM\u00c9NAG\u00c9S DANS L\u2019ESPACE PUBLICPOUR PLANTER, SEMER, ENTRETENIR ET PARTAGER LES R\u00c9COLTES Dans de nombreuses localit\u00e9s, des citoyens cultivent les incroyables comestibles en partageant des fruits et des l\u00e9gumes plant\u00e9s dans des espaces collectifs qui deviennent alors des lieux de convivialit\u00e9. Relay\u00e9e par 25\u2026","og_url":"https:\/\/lion-environnement.org\/index.php\/les-incroyables-comestibles\/","og_site_name":"Lion Environnement","article_publisher":"https:\/\/www.facebook.com\/LionEnvironnement\/?locale=fr_FR","article_modified_time":"2022-05-16T14:12:31+00:00","og_image":[{"width":1163,"height":426,"url":"https:\/\/lion-environnement.org\/wp-content\/uploads\/2022\/01\/IC-perenne.png","type":"image\/png"}],"twitter_card":"summary_large_image","twitter_misc":{"Dur\u00e9e de lecture estim\u00e9e":"2 minutes"},"schema":{"@context":"https:\/\/schema.org","@graph":[{"@type":"WebPage","@id":"https:\/\/lion-environnement.org\/index.php\/les-incroyables-comestibles\/","url":"https:\/\/lion-environnement.org\/index.php\/les-incroyables-comestibles\/","name":"Les Incroyables Comestibles - Lion Environnement","isPartOf":{"@id":"https:\/\/lion-environnement.org\/#website"},"primaryImageOfPage":{"@id":"https:\/\/lion-environnement.org\/index.php\/les-incroyables-comestibles\/#primaryimage"},"image":{"@id":"https:\/\/lion-environnement.org\/index.php\/les-incroyables-comestibles\/#primaryimage"},"thumbnailUrl":"https:\/\/lion-environnement.org\/wp-content\/uploads\/2022\/01\/IC-perenne-1024x375.png","datePublished":"2017-12-22T15:07:16+00:00","dateModified":"2022-05-16T14:12:31+00:00","breadcrumb":{"@id":"https:\/\/lion-environnement.org\/index.php\/les-incroyables-comestibles\/#breadcrumb"},"inLanguage":"fr-FR","potentialAction":[{"@type":"ReadAction","target":["https:\/\/lion-environnement.org\/index.php\/les-incroyables-comestibles\/"]}]},{"@type":"ImageObject","inLanguage":"fr-FR","@id":"https:\/\/lion-environnement.org\/index.php\/les-incroyables-comestibles\/#primaryimage","url":"https:\/\/lion-environnement.org\/wp-content\/uploads\/2022\/01\/IC-perenne.png","contentUrl":"https:\/\/lion-environnement.org\/wp-content\/uploads\/2022\/01\/IC-perenne.png","width":1163,"height":426},{"@type":"BreadcrumbList","@id":"https:\/\/lion-environnement.org\/index.php\/les-incroyables-comestibles\/#breadcrumb","itemListElement":[{"@type":"ListItem","position":1,"name":"Accueil","item":"https:\/\/lion-environnement.org\/"},{"@type":"ListItem","position":2,"name":"Les Incroyables Comestibles"}]},{"@type":"WebSite","@id":"https:\/\/lion-environnement.org\/#website","url":"https:\/\/lion-environnement.org\/","name":"Lion Environnement","description":"Lions nos \u00e9nergies pour pr\u00e9server l&#039;environnement et la sant\u00e9","publisher":{"@id":"https:\/\/lion-environnement.org\/#organization"},"potentialAction":[{"@type":"SearchAction","target":{"@type":"EntryPoint","urlTemplate":"https:\/\/lion-environnement.org\/?s={search_term_string}"},"query-input":{"@type":"PropertyValueSpecification","valueRequired":true,"valueName":"search_term_string"}}],"inLanguage":"fr-FR"},{"@type":"Organization","@id":"https:\/\/lion-environnement.org\/#organization","name":"Lion Environnement","url":"https:\/\/lion-environnement.org\/","logo":{"@type":"ImageObject","inLanguage":"fr-FR","@id":"https:\/\/lion-environnement.org\/#\/schema\/logo\/image\/","url":"https:\/\/lion-environnement.org\/wp-content\/uploads\/2016\/04\/logoLElongWeb-1.jpg","contentUrl":"https:\/\/lion-environnement.org\/wp-content\/uploads\/2016\/04\/logoLElongWeb-1.jpg","width":487,"height":113,"caption":"Lion Environnement"},"image":{"@id":"https:\/\/lion-environnement.org\/#\/schema\/logo\/image\/"},"sameAs":["https:\/\/www.facebook.com\/LionEnvironnement\/?locale=fr_FR","https:\/\/www.instagram.com\/environnementlion"]}]}},"_links":{"self":[{"href":"https:\/\/lion-environnement.org\/index.php\/wp-json\/wp\/v2\/pages\/1267","targetHints":{"allow":["GET"]}}],"collection":[{"href":"https:\/\/lion-environnement.org\/index.php\/wp-json\/wp\/v2\/pages"}],"about":[{"href":"https:\/\/lion-environnement.org\/index.php\/wp-json\/wp\/v2\/types\/page"}],"author":[{"embeddable":true,"href":"https:\/\/lion-environnement.org\/index.php\/wp-json\/wp\/v2\/users\/2"}],"replies":[{"embeddable":true,"href":"https:\/\/lion-environnement.org\/index.php\/wp-json\/wp\/v2\/comments?post=1267"}],"version-history":[{"count":11,"href":"https:\/\/lion-environnement.org\/index.php\/wp-json\/wp\/v2\/pages\/1267\/revisions"}],"predecessor-version":[{"id":6571,"href":"https:\/\/lion-environnement.org\/index.php\/wp-json\/wp\/v2\/pages\/1267\/revisions\/6571"}],"wp:attachment":[{"href":"https:\/\/lion-environnement.org\/index.php\/wp-json\/wp\/v2\/media?parent=1267"}],"curies":[{"name":"wp","href":"https:\/\/api.w.org\/{rel}","templated":true}]}}