{"id":1228,"date":"2017-12-18T21:41:05","date_gmt":"2017-12-18T20:41:05","guid":{"rendered":"https:\/\/lion-environnement.org\/?page_id=1228"},"modified":"2025-09-24T17:59:49","modified_gmt":"2025-09-24T15:59:49","slug":"cine-debats","status":"publish","type":"page","link":"https:\/\/lion-environnement.org\/index.php\/sinformer\/cine-debats\/","title":{"rendered":"Cin\u00e9-d\u00e9bat"},"content":{"rendered":"\n<h2 class=\"wp-block-heading p1\"><span class=\"s1\" style=\"color: #333333;\">Les soir\u00e9es cin\u00e9-d\u00e9bat<\/span><\/h2>\n\n\n\n<p>Depuis 2015, <span style=\"color: #000000;\">l\u2019association Lion environnement organise, <span style=\"color: #333333;\"><strong>tous les trois mois<\/strong><\/span> environ,  au Cin\u00e9ma le Trianon \u00e0 Lion-sur-mer, des soir\u00e9es cin\u00e9\u2013d\u00e9bat <span style=\"color: #333333;\"><strong>en partenariat avec le cin\u00e9ma Lux de Caen<\/strong><\/span>.<\/span><br><span style=\"color: #000000;\"> Ces soir\u00e9es ont lieu le vendredi soir, \u00e0 20h30<\/span>. La projection d&rsquo;un film, le plus souvent un documentaire, est suivie d&rsquo;une rencontre avec une ou des personnes qui apportent un t\u00e9moignage ou une expertise dans leur domaine.<br><span style=\"color: #000000;\"> Les films portent<span style=\"color: #333333;\"><strong> sur des questions li\u00e9es \u00e0 l&rsquo;environnement, \u00e0 l&rsquo;alimentation, la sant\u00e9, la nature,<\/strong>\u2026.<\/span> toutes les questions li\u00e9es aux activit\u00e9s de l\u2019association<\/span>. <\/p>\n\n\n\n<p>En 2018, nous avons rejoint le festival AlimenTerre  bien install\u00e9 maintenant sur la c\u00f4te de Nacre.<\/p>\n\n\n\n<p> Nous avons ainsi invit\u00e9 l&rsquo;association \u00ab\u00a0terre de lien\u00a0\u00bb, d\u00e9couvert la proposition de cr\u00e9ation d&rsquo;une s\u00e9curit\u00e9 sociale de l&rsquo;alimentation port\u00e9e par la conf\u00e9d\u00e9ration paysanne&#8230;.<\/p>\n\n\n\n<p><\/p>\n\n\n\n<div class=\"wp-block-columns is-layout-flex wp-container-core-columns-is-layout-9d6595d7 wp-block-columns-is-layout-flex\">\n<div class=\"wp-block-column is-layout-flow wp-block-column-is-layout-flow\">\n<figure class=\"wp-block-image size-large\"><img loading=\"lazy\" decoding=\"async\" width=\"724\" height=\"1024\" src=\"https:\/\/lion-environnement.org\/wp-content\/uploads\/2023\/10\/6EME-FESTIVAL-ALIMENTERRE-COTE-DE-NACRE-1-724x1024.jpg\" alt=\"\" class=\"wp-image-7887\" srcset=\"https:\/\/lion-environnement.org\/wp-content\/uploads\/2023\/10\/6EME-FESTIVAL-ALIMENTERRE-COTE-DE-NACRE-1-724x1024.jpg 724w, https:\/\/lion-environnement.org\/wp-content\/uploads\/2023\/10\/6EME-FESTIVAL-ALIMENTERRE-COTE-DE-NACRE-1-212x300.jpg 212w, https:\/\/lion-environnement.org\/wp-content\/uploads\/2023\/10\/6EME-FESTIVAL-ALIMENTERRE-COTE-DE-NACRE-1-768x1086.jpg 768w, https:\/\/lion-environnement.org\/wp-content\/uploads\/2023\/10\/6EME-FESTIVAL-ALIMENTERRE-COTE-DE-NACRE-1-1086x1536.jpg 1086w, https:\/\/lion-environnement.org\/wp-content\/uploads\/2023\/10\/6EME-FESTIVAL-ALIMENTERRE-COTE-DE-NACRE-1-1320x1867.jpg 1320w, https:\/\/lion-environnement.org\/wp-content\/uploads\/2023\/10\/6EME-FESTIVAL-ALIMENTERRE-COTE-DE-NACRE-1.jpg 1414w\" sizes=\"auto, (max-width: 724px) 100vw, 724px\" \/><\/figure>\n<\/div>\n\n\n\n<div class=\"wp-block-column is-layout-flow wp-block-column-is-layout-flow\">\n<figure class=\"wp-block-image size-full\"><img loading=\"lazy\" decoding=\"async\" width=\"474\" height=\"674\" src=\"https:\/\/lion-environnement.org\/wp-content\/uploads\/2023\/09\/LFDP.jpeg\" alt=\"\" class=\"wp-image-7829\" srcset=\"https:\/\/lion-environnement.org\/wp-content\/uploads\/2023\/09\/LFDP.jpeg 474w, https:\/\/lion-environnement.org\/wp-content\/uploads\/2023\/09\/LFDP-211x300.jpeg 211w\" sizes=\"auto, (max-width: 474px) 100vw, 474px\" \/><\/figure>\n<\/div>\n\n\n\n<div class=\"wp-block-column is-layout-flow wp-block-column-is-layout-flow\">\n<figure class=\"wp-block-gallery has-nested-images columns-default is-cropped wp-block-gallery-1 is-layout-flex wp-block-gallery-is-layout-flex\">\n<figure class=\"wp-block-image size-full\"><img loading=\"lazy\" decoding=\"async\" width=\"1810\" height=\"2560\" data-id=\"8089\" src=\"https:\/\/lion-environnement.org\/wp-content\/uploads\/2024\/02\/Affiche-CineDebat-V3-scaled.jpeg\" alt=\"\" class=\"wp-image-8089\" srcset=\"https:\/\/lion-environnement.org\/wp-content\/uploads\/2024\/02\/Affiche-CineDebat-V3-scaled.jpeg 1810w, https:\/\/lion-environnement.org\/wp-content\/uploads\/2024\/02\/Affiche-CineDebat-V3-212x300.jpeg 212w, https:\/\/lion-environnement.org\/wp-content\/uploads\/2024\/02\/Affiche-CineDebat-V3-724x1024.jpeg 724w, https:\/\/lion-environnement.org\/wp-content\/uploads\/2024\/02\/Affiche-CineDebat-V3-768x1086.jpeg 768w, https:\/\/lion-environnement.org\/wp-content\/uploads\/2024\/02\/Affiche-CineDebat-V3-1086x1536.jpeg 1086w, https:\/\/lion-environnement.org\/wp-content\/uploads\/2024\/02\/Affiche-CineDebat-V3-1448x2048.jpeg 1448w, https:\/\/lion-environnement.org\/wp-content\/uploads\/2024\/02\/Affiche-CineDebat-V3-1320x1867.jpeg 1320w\" sizes=\"auto, (max-width: 1810px) 100vw, 1810px\" \/><\/figure>\n<\/figure>\n<\/div>\n<\/div>\n\n\n\n<div class=\"wp-block-columns is-layout-flex wp-container-core-columns-is-layout-9d6595d7 wp-block-columns-is-layout-flex\">\n<div class=\"wp-block-column is-layout-flow wp-block-column-is-layout-flow\">\n<figure class=\"wp-block-image size-large\"><img loading=\"lazy\" decoding=\"async\" width=\"724\" height=\"1024\" src=\"https:\/\/lion-environnement.org\/wp-content\/uploads\/2024\/06\/Screenshot_2024-06-11-18-00-39-694_com.adobe_.reader-edit-724x1024.jpg\" alt=\"\" class=\"wp-image-8335\" srcset=\"https:\/\/lion-environnement.org\/wp-content\/uploads\/2024\/06\/Screenshot_2024-06-11-18-00-39-694_com.adobe_.reader-edit-724x1024.jpg 724w, https:\/\/lion-environnement.org\/wp-content\/uploads\/2024\/06\/Screenshot_2024-06-11-18-00-39-694_com.adobe_.reader-edit-212x300.jpg 212w, https:\/\/lion-environnement.org\/wp-content\/uploads\/2024\/06\/Screenshot_2024-06-11-18-00-39-694_com.adobe_.reader-edit-768x1086.jpg 768w, https:\/\/lion-environnement.org\/wp-content\/uploads\/2024\/06\/Screenshot_2024-06-11-18-00-39-694_com.adobe_.reader-edit.jpg 1080w\" sizes=\"auto, (max-width: 724px) 100vw, 724px\" \/><\/figure>\n<\/div>\n\n\n\n<div class=\"wp-block-column is-layout-flow wp-block-column-is-layout-flow\"><\/div>\n\n\n\n<div class=\"wp-block-column is-layout-flow wp-block-column-is-layout-flow\"><\/div>\n<\/div>\n\n\n\n<p><em><a href=\"https:\/\/lion-environnement.org\/index.php?cat=59\">Revivre la passion des films et d\u00e9bats<\/a><\/em><\/p>\n","protected":false},"excerpt":{"rendered":"<p>Les soir\u00e9es cin\u00e9-d\u00e9bat Depuis 2015, l\u2019association Lion environnement organise, tous les trois mois environ, au Cin\u00e9ma le Trianon \u00e0 Lion-sur-mer, des soir\u00e9es cin\u00e9\u2013d\u00e9bat en partenariat avec le cin\u00e9ma Lux de Caen. Ces soir\u00e9es ont lieu le vendredi soir, \u00e0 20h30. La projection d&rsquo;un film, le plus souvent un documentaire, est suivie d&rsquo;une rencontre avec une\u2026<\/p>\n","protected":false},"author":2,"featured_media":1382,"parent":980,"menu_order":0,"comment_status":"closed","ping_status":"closed","template":"","meta":{"footnotes":""},"class_list":["post-1228","page","type-page","status-publish","has-post-thumbnail","hentry"],"_wp_attached_file":null,"_wp_attachment_metadata":null,"_menu_item_type":null,"_menu_item_menu_item_parent":null,"_menu_item_object_id":null,"_menu_item_object":null,"_menu_item_target":null,"_menu_item_classes":null,"_menu_item_xfn":null,"_menu_item_url":null,"_eventorganiser_event_schedule":null,"_eventorganiser_schedule_until":null,"_wpas_done_all":null,"_eventorganiser_schedule_start_start":null,"_eventorganiser_schedule_start_finish":null,"_eventorganiser_schedule_last_start":null,"_eventorganiser_schedule_last_finish":null,"_wp_attachment_backup_sizes":null,"_wp_attachment_context":null,"event_address":null,"event_start_date":null,"event_to_time":null,"event_from_time":null,"event_end_date":null,"_oembed_7e6c0eb53f1b87dceeb7157df4c64ecd":null,"_oembed_ac860e2f1183d5fbf8efad3e14b2b998":null,"_oembed_2fa3d1dc2e72f2f3db15582a07766e9d":null,"_oembed_ba1f94dfef6f2f056282005c87e1dd1f":null,"_oembed_b4fa8c58de01621c3377349423193585":null,"_oembed_2c076515dc13114e0a07a701157042d8":null,"_oembed_time_2c076515dc13114e0a07a701157042d8":null,"_su_description":null,"_wp_attachment_is_custom_header":null,"_wp_attachment_custom_header_last_used_enigma":null,"_mc_event_shortcode":null,"_mc_event_access":null,"_mc_event_id":null,"_mc_event_desc":null,"_mc_event_image":null,"_event_time_label":null,"_mc_event_data":null,"_snap_forceSURL":null,"snap_MYURL":null,"snapEdIT":null,"_mc_event_location":null,"_oembed_cdb00187755a40067dfed1152b83fa85":null,"_oembed_2a2b1181a4872c3fcae632ccb831338e":null,"_oembed_223e8f80fcafbbb0e655c3b852ad258b":null,"_oembed_f2dbc4e0e03552dca3704dc9d3b35b81":null,"_oembed_0f31e9c8d775433415a564642134b876":null,"_oembed_37f37d6d5d0f763259b5f2d5c6698765":null,"_oembed_7d585094b05c3c88729a16a5d0b76382":null,"_oembed_49e3f6fef25f62658e66c1baa5716b3c":null,"_oembed_3bbcd6cd9ba0f8e8cead97d8bddbbbae":null,"_oembed_6107383b394908a78bf711554ae8a1e4":null,"_oembed_5d6a5ae5cd2e93d5022ed2485426fcf4":null,"_oembed_422f96ea83a4884539ceb42326a11ee5":null,"_oembed_ab6628735dc0e2101ba08ec87fcef1b7":null,"_oembed_75bd89488fe790d8e4f203396bb84c81":null,"_oembed_time_75bd89488fe790d8e4f203396bb84c81":null,"_oembed_c6d8784021cf1310fe080cd343275a5a":null,"_oembed_time_c6d8784021cf1310fe080cd343275a5a":null,"_wp_attachment_custom_header_last_used_greenigma":null,"_wp_attachment_is_custom_background":null,"enclosure":null,"_oembed_3bca2a21e398bc75f8a1b2ec60f88d23":null,"_oembed_25600d5f25f51af7be904b38ccae40ec":null,"_oembed_time_25600d5f25f51af7be904b38ccae40ec":null,"_mc_guid":null,"_mc4wp_settings":null,"text_subscribed":null,"text_invalid_email":null,"text_required_field_missing":null,"text_already_subscribed":null,"text_error":null,"text_unsubscribed":null,"text_not_subscribed":null,"text_no_lists_selected":null,"text_updated":null,"_bbp_reply_count_hidden":null,"_bbp_topic_count_hidden":null,"_bbp_total_topic_count":null,"_bbp_topic_count":null,"_bbp_total_reply_count":null,"_bbp_reply_count":null,"_bbp_forum_subforum_count":null,"_bbp_last_active_time":null,"user_registration_form_setting_default_user_role":null,"user_registration_form_setting_enable_strong_password":null,"user_registration_form_setting_minimum_password_strength":null,"user_registration_form_setting_form_submit_label":null,"user_registration_form_setting_enable_recaptcha_support":null,"user_registration_form_template":null,"user_registration_form_custom_class":null,"_oembed_ef95b2b98f04716f23e0a4eed7816e1b":null,"_oembed_time_ef95b2b98f04716f23e0a4eed7816e1b":null,"_wp_attachment_image_alt":null,"_mc_event_date":null,"_customize_changeset_uuid":null,"sg_popup_target":null,"sg_popup_events":null,"sg_popup_options":null,"_oembed_caf01abe71309dc253791159ac4336cb":null,"_sgpb_original":null,"sg_popup_events_preview":null,"sg_popup_options_preview":null,"sg_popup_target_preview":null,"user_registration_form_setting_redirect_options":null,"_oembed_10c4a1529e884332ff612b45feeae083":null,"_bbp_forum_id":null,"_bbp_last_topic_id":null,"_bbp_last_reply_id":null,"_bbp_last_active_id":null,"_form":null,"_mail":null,"_mail_2":null,"_messages":null,"_additional_settings":null,"_locale":null,"_elementor_css":null,"_menu_sgpb_popup_id":null,"_oembed_bbc07775835a27fca3dab6de0a78c453":null,"cmplz_tc_document_status":null,"_oembed_a8eea5673581fdb5da3c215c1676eaf2":null,"_oembed_time_a8eea5673581fdb5da3c215c1676eaf2":null,"_bbp_forum_type":null,"_bbp_status":null,"_bbp_total_reply_count_hidden":null,"_wp_page_template":"default","_edit_last":"1565","_edit_lock":"1763331386:1565","_su_rich_snippet_type":"none","xyz_fbap":null,"xyz_fbap_insert_og":null,"_thumbnail_id":"1382","_jetpack_dont_email_post_to_subs":null,"_su_title":null,"_cmplz_scanned_post":"1","xyz_fbap_future_to_publish":null,"_wp_old_slug":null,"_wp_old_date":null,"cmplz_hide_cookiebanner":"","_elementor_template_type":null,"_elementor_edit_mode":null,"_elementor_data":null,"_elementor_version":null,"_elementor_controls_usage":null,"classic-editor-remember":"block-editor","_wp_trash_meta_status":null,"_wp_trash_meta_time":null,"_wp_desired_post_slug":null,"yoast_head":"<!-- This site is optimized with the Yoast SEO plugin v27.0 - https:\/\/yoast.com\/product\/yoast-seo-wordpress\/ -->\n<title>Cin\u00e9-d\u00e9bat - Lion Environnement<\/title>\n<meta name=\"robots\" content=\"index, follow, max-snippet:-1, max-image-preview:large, max-video-preview:-1\" \/>\n<link rel=\"canonical\" href=\"https:\/\/lion-environnement.org\/index.php\/sinformer\/cine-debats\/\" \/>\n<meta property=\"og:locale\" content=\"fr_FR\" \/>\n<meta property=\"og:type\" content=\"article\" \/>\n<meta property=\"og:title\" content=\"Cin\u00e9-d\u00e9bat - Lion Environnement\" \/>\n<meta property=\"og:description\" content=\"Les soir\u00e9es cin\u00e9-d\u00e9bat Depuis 2015, l\u2019association Lion environnement organise, tous les trois mois environ, au Cin\u00e9ma le Trianon \u00e0 Lion-sur-mer, des soir\u00e9es cin\u00e9\u2013d\u00e9bat en partenariat avec le cin\u00e9ma Lux de Caen. Ces soir\u00e9es ont lieu le vendredi soir, \u00e0 20h30. La projection d&rsquo;un film, le plus souvent un documentaire, est suivie d&rsquo;une rencontre avec une\u2026\" \/>\n<meta property=\"og:url\" content=\"https:\/\/lion-environnement.org\/index.php\/sinformer\/cine-debats\/\" \/>\n<meta property=\"og:site_name\" content=\"Lion Environnement\" \/>\n<meta property=\"article:publisher\" content=\"https:\/\/www.facebook.com\/LionEnvironnement\/?locale=fr_FR\" \/>\n<meta property=\"article:modified_time\" content=\"2025-09-24T15:59:49+00:00\" \/>\n<meta property=\"og:image\" content=\"https:\/\/lion-environnement.org\/wp-content\/uploads\/2018\/01\/Cin\u00e9-d\u00e9bat.jpg\" \/>\n\t<meta property=\"og:image:width\" content=\"1521\" \/>\n\t<meta property=\"og:image:height\" content=\"822\" \/>\n\t<meta property=\"og:image:type\" content=\"image\/jpeg\" \/>\n<meta name=\"twitter:card\" content=\"summary_large_image\" \/>\n<meta name=\"twitter:label1\" content=\"Dur\u00e9e de lecture estim\u00e9e\" \/>\n\t<meta name=\"twitter:data1\" content=\"1 minute\" \/>\n<script type=\"application\/ld+json\" class=\"yoast-schema-graph\">{\"@context\":\"https:\/\/schema.org\",\"@graph\":[{\"@type\":\"WebPage\",\"@id\":\"https:\/\/lion-environnement.org\/index.php\/sinformer\/cine-debats\/\",\"url\":\"https:\/\/lion-environnement.org\/index.php\/sinformer\/cine-debats\/\",\"name\":\"Cin\u00e9-d\u00e9bat - Lion Environnement\",\"isPartOf\":{\"@id\":\"https:\/\/lion-environnement.org\/#website\"},\"primaryImageOfPage\":{\"@id\":\"https:\/\/lion-environnement.org\/index.php\/sinformer\/cine-debats\/#primaryimage\"},\"image\":{\"@id\":\"https:\/\/lion-environnement.org\/index.php\/sinformer\/cine-debats\/#primaryimage\"},\"thumbnailUrl\":\"https:\/\/lion-environnement.org\/wp-content\/uploads\/2018\/01\/Cin\u00e9-d\u00e9bat.jpg\",\"datePublished\":\"2017-12-18T20:41:05+00:00\",\"dateModified\":\"2025-09-24T15:59:49+00:00\",\"breadcrumb\":{\"@id\":\"https:\/\/lion-environnement.org\/index.php\/sinformer\/cine-debats\/#breadcrumb\"},\"inLanguage\":\"fr-FR\",\"potentialAction\":[{\"@type\":\"ReadAction\",\"target\":[\"https:\/\/lion-environnement.org\/index.php\/sinformer\/cine-debats\/\"]}]},{\"@type\":\"ImageObject\",\"inLanguage\":\"fr-FR\",\"@id\":\"https:\/\/lion-environnement.org\/index.php\/sinformer\/cine-debats\/#primaryimage\",\"url\":\"https:\/\/lion-environnement.org\/wp-content\/uploads\/2018\/01\/Cin\u00e9-d\u00e9bat.jpg\",\"contentUrl\":\"https:\/\/lion-environnement.org\/wp-content\/uploads\/2018\/01\/Cin\u00e9-d\u00e9bat.jpg\",\"width\":1521,\"height\":822,\"caption\":\"Cin\u00e9-d\u00e9bat en pr\u00e9sence du r\u00e9alisateur de l'Assiette sale\\\", Denis Piningre\"},{\"@type\":\"BreadcrumbList\",\"@id\":\"https:\/\/lion-environnement.org\/index.php\/sinformer\/cine-debats\/#breadcrumb\",\"itemListElement\":[{\"@type\":\"ListItem\",\"position\":1,\"name\":\"Accueil\",\"item\":\"https:\/\/lion-environnement.org\/\"},{\"@type\":\"ListItem\",\"position\":2,\"name\":\"S&rsquo;informer\",\"item\":\"https:\/\/lion-environnement.org\/index.php\/sinformer\/\"},{\"@type\":\"ListItem\",\"position\":3,\"name\":\"Cin\u00e9-d\u00e9bat\"}]},{\"@type\":\"WebSite\",\"@id\":\"https:\/\/lion-environnement.org\/#website\",\"url\":\"https:\/\/lion-environnement.org\/\",\"name\":\"Lion Environnement\",\"description\":\"Lions nos \u00e9nergies pour pr\u00e9server l&#039;environnement et la sant\u00e9\",\"publisher\":{\"@id\":\"https:\/\/lion-environnement.org\/#organization\"},\"potentialAction\":[{\"@type\":\"SearchAction\",\"target\":{\"@type\":\"EntryPoint\",\"urlTemplate\":\"https:\/\/lion-environnement.org\/?s={search_term_string}\"},\"query-input\":{\"@type\":\"PropertyValueSpecification\",\"valueRequired\":true,\"valueName\":\"search_term_string\"}}],\"inLanguage\":\"fr-FR\"},{\"@type\":\"Organization\",\"@id\":\"https:\/\/lion-environnement.org\/#organization\",\"name\":\"Lion Environnement\",\"url\":\"https:\/\/lion-environnement.org\/\",\"logo\":{\"@type\":\"ImageObject\",\"inLanguage\":\"fr-FR\",\"@id\":\"https:\/\/lion-environnement.org\/#\/schema\/logo\/image\/\",\"url\":\"https:\/\/lion-environnement.org\/wp-content\/uploads\/2016\/04\/logoLElongWeb-1.jpg\",\"contentUrl\":\"https:\/\/lion-environnement.org\/wp-content\/uploads\/2016\/04\/logoLElongWeb-1.jpg\",\"width\":487,\"height\":113,\"caption\":\"Lion Environnement\"},\"image\":{\"@id\":\"https:\/\/lion-environnement.org\/#\/schema\/logo\/image\/\"},\"sameAs\":[\"https:\/\/www.facebook.com\/LionEnvironnement\/?locale=fr_FR\",\"https:\/\/www.instagram.com\/environnementlion\"]}]}<\/script>\n<!-- \/ Yoast SEO plugin. -->","yoast_head_json":{"title":"Cin\u00e9-d\u00e9bat - Lion Environnement","robots":{"index":"index","follow":"follow","max-snippet":"max-snippet:-1","max-image-preview":"max-image-preview:large","max-video-preview":"max-video-preview:-1"},"canonical":"https:\/\/lion-environnement.org\/index.php\/sinformer\/cine-debats\/","og_locale":"fr_FR","og_type":"article","og_title":"Cin\u00e9-d\u00e9bat - Lion Environnement","og_description":"Les soir\u00e9es cin\u00e9-d\u00e9bat Depuis 2015, l\u2019association Lion environnement organise, tous les trois mois environ, au Cin\u00e9ma le Trianon \u00e0 Lion-sur-mer, des soir\u00e9es cin\u00e9\u2013d\u00e9bat en partenariat avec le cin\u00e9ma Lux de Caen. Ces soir\u00e9es ont lieu le vendredi soir, \u00e0 20h30. La projection d&rsquo;un film, le plus souvent un documentaire, est suivie d&rsquo;une rencontre avec une\u2026","og_url":"https:\/\/lion-environnement.org\/index.php\/sinformer\/cine-debats\/","og_site_name":"Lion Environnement","article_publisher":"https:\/\/www.facebook.com\/LionEnvironnement\/?locale=fr_FR","article_modified_time":"2025-09-24T15:59:49+00:00","og_image":[{"width":1521,"height":822,"url":"https:\/\/lion-environnement.org\/wp-content\/uploads\/2018\/01\/Cin\u00e9-d\u00e9bat.jpg","type":"image\/jpeg"}],"twitter_card":"summary_large_image","twitter_misc":{"Dur\u00e9e de lecture estim\u00e9e":"1 minute"},"schema":{"@context":"https:\/\/schema.org","@graph":[{"@type":"WebPage","@id":"https:\/\/lion-environnement.org\/index.php\/sinformer\/cine-debats\/","url":"https:\/\/lion-environnement.org\/index.php\/sinformer\/cine-debats\/","name":"Cin\u00e9-d\u00e9bat - Lion Environnement","isPartOf":{"@id":"https:\/\/lion-environnement.org\/#website"},"primaryImageOfPage":{"@id":"https:\/\/lion-environnement.org\/index.php\/sinformer\/cine-debats\/#primaryimage"},"image":{"@id":"https:\/\/lion-environnement.org\/index.php\/sinformer\/cine-debats\/#primaryimage"},"thumbnailUrl":"https:\/\/lion-environnement.org\/wp-content\/uploads\/2018\/01\/Cin\u00e9-d\u00e9bat.jpg","datePublished":"2017-12-18T20:41:05+00:00","dateModified":"2025-09-24T15:59:49+00:00","breadcrumb":{"@id":"https:\/\/lion-environnement.org\/index.php\/sinformer\/cine-debats\/#breadcrumb"},"inLanguage":"fr-FR","potentialAction":[{"@type":"ReadAction","target":["https:\/\/lion-environnement.org\/index.php\/sinformer\/cine-debats\/"]}]},{"@type":"ImageObject","inLanguage":"fr-FR","@id":"https:\/\/lion-environnement.org\/index.php\/sinformer\/cine-debats\/#primaryimage","url":"https:\/\/lion-environnement.org\/wp-content\/uploads\/2018\/01\/Cin\u00e9-d\u00e9bat.jpg","contentUrl":"https:\/\/lion-environnement.org\/wp-content\/uploads\/2018\/01\/Cin\u00e9-d\u00e9bat.jpg","width":1521,"height":822,"caption":"Cin\u00e9-d\u00e9bat en pr\u00e9sence du r\u00e9alisateur de l'Assiette sale\", Denis Piningre"},{"@type":"BreadcrumbList","@id":"https:\/\/lion-environnement.org\/index.php\/sinformer\/cine-debats\/#breadcrumb","itemListElement":[{"@type":"ListItem","position":1,"name":"Accueil","item":"https:\/\/lion-environnement.org\/"},{"@type":"ListItem","position":2,"name":"S&rsquo;informer","item":"https:\/\/lion-environnement.org\/index.php\/sinformer\/"},{"@type":"ListItem","position":3,"name":"Cin\u00e9-d\u00e9bat"}]},{"@type":"WebSite","@id":"https:\/\/lion-environnement.org\/#website","url":"https:\/\/lion-environnement.org\/","name":"Lion Environnement","description":"Lions nos \u00e9nergies pour pr\u00e9server l&#039;environnement et la sant\u00e9","publisher":{"@id":"https:\/\/lion-environnement.org\/#organization"},"potentialAction":[{"@type":"SearchAction","target":{"@type":"EntryPoint","urlTemplate":"https:\/\/lion-environnement.org\/?s={search_term_string}"},"query-input":{"@type":"PropertyValueSpecification","valueRequired":true,"valueName":"search_term_string"}}],"inLanguage":"fr-FR"},{"@type":"Organization","@id":"https:\/\/lion-environnement.org\/#organization","name":"Lion Environnement","url":"https:\/\/lion-environnement.org\/","logo":{"@type":"ImageObject","inLanguage":"fr-FR","@id":"https:\/\/lion-environnement.org\/#\/schema\/logo\/image\/","url":"https:\/\/lion-environnement.org\/wp-content\/uploads\/2016\/04\/logoLElongWeb-1.jpg","contentUrl":"https:\/\/lion-environnement.org\/wp-content\/uploads\/2016\/04\/logoLElongWeb-1.jpg","width":487,"height":113,"caption":"Lion Environnement"},"image":{"@id":"https:\/\/lion-environnement.org\/#\/schema\/logo\/image\/"},"sameAs":["https:\/\/www.facebook.com\/LionEnvironnement\/?locale=fr_FR","https:\/\/www.instagram.com\/environnementlion"]}]}},"_links":{"self":[{"href":"https:\/\/lion-environnement.org\/index.php\/wp-json\/wp\/v2\/pages\/1228","targetHints":{"allow":["GET"]}}],"collection":[{"href":"https:\/\/lion-environnement.org\/index.php\/wp-json\/wp\/v2\/pages"}],"about":[{"href":"https:\/\/lion-environnement.org\/index.php\/wp-json\/wp\/v2\/types\/page"}],"author":[{"embeddable":true,"href":"https:\/\/lion-environnement.org\/index.php\/wp-json\/wp\/v2\/users\/2"}],"replies":[{"embeddable":true,"href":"https:\/\/lion-environnement.org\/index.php\/wp-json\/wp\/v2\/comments?post=1228"}],"version-history":[{"count":20,"href":"https:\/\/lion-environnement.org\/index.php\/wp-json\/wp\/v2\/pages\/1228\/revisions"}],"predecessor-version":[{"id":9138,"href":"https:\/\/lion-environnement.org\/index.php\/wp-json\/wp\/v2\/pages\/1228\/revisions\/9138"}],"up":[{"embeddable":true,"href":"https:\/\/lion-environnement.org\/index.php\/wp-json\/wp\/v2\/pages\/980"}],"wp:featuredmedia":[{"embeddable":true,"href":"https:\/\/lion-environnement.org\/index.php\/wp-json\/wp\/v2\/media\/1382"}],"wp:attachment":[{"href":"https:\/\/lion-environnement.org\/index.php\/wp-json\/wp\/v2\/media?parent=1228"}],"curies":[{"name":"wp","href":"https:\/\/api.w.org\/{rel}","templated":true}]}}