{"id":1009,"date":"2017-12-01T12:07:18","date_gmt":"2017-12-01T11:07:18","guid":{"rendered":"https:\/\/lion-environnement.org\/?page_id=1009"},"modified":"2024-07-08T10:41:24","modified_gmt":"2024-07-08T08:41:24","slug":"jardin-partage","status":"publish","type":"page","link":"https:\/\/lion-environnement.org\/index.php\/cultiver\/jardin-partage\/","title":{"rendered":"Jardin partag\u00e9"},"content":{"rendered":"\n<h2 class=\"wp-block-heading p1\"><span class=\"s1\">L&rsquo;Escarfeuille, le jardin partag\u00e9 de Lion Environnement<\/span><\/h2>\n\n\n\n<p><span class=\"s1\">Initi\u00e9 en 2016, le projet de jardin partag\u00e9 de Lion- sur-mer est n\u00e9 d\u2019une vision commune entre <\/span>la commune de Lion-sur-mer et l\u2019association Lion Environnement de cr\u00e9er et de g\u00e9rer un jardin partag\u00e9. Le terrain communal situ\u00e9 dans le quartier \u00ab&nbsp;Les vergers de la mer&nbsp;\u00bb, rue 77<sup>\u00e8me<\/sup> Royal Engineers, a \u00e9t\u00e9 mis \u00e0 disposition de l\u2019association d\u00e8s 2018. L\u2019inauguration du jardin partag\u00e9 l\u2019Escarfeuille a eu lieu en juin 2019. Les conditions d\u2019utilisation de cette parcelle de 4000 m\u00b2 sont d\u00e9finies conform\u00e9ment \u00e0 la convention conclue et accept\u00e9e par les parties le 1 f\u00e9vrier 2022, pour une dur\u00e9e de cinq ans, renouvelable. Le terrain cl\u00f4tur\u00e9 de 1200 m\u00b2 avoisinant le jardin a \u00e9t\u00e9 confi\u00e9 au GES C\u00f4te de Nacre qui y a install\u00e9 des ruches.<\/p>\n\n\n\n<p><strong>Nos valeurs<\/strong><\/p>\n\n\n\n<p>Un jardin partag\u00e9 est un jardin qui se con\u00e7oit, se construit et se cultive collectivement.<\/p>\n\n\n\n<p>Le jardin est am\u00e9nag\u00e9 dans une d\u00e9marche concert\u00e9e, \u00e9co responsable et durable, favorisant la biodiversit\u00e9, les esp\u00e8ces locales et les techniques naturelles de jardinage. La terre et la vie du sol sont respect\u00e9es. Plus qu&rsquo;un simple potager, l\u2019Escarfeuille est un lieu de vie convivial, ouvert sur le quartier, qui favorise les \u00e9changes, la rencontre entre les g\u00e9n\u00e9rations et les cultures, un lieu de mixit\u00e9 sociale et de solidarit\u00e9, o\u00f9 la cr\u00e9ativit\u00e9, la prise d\u2019initiative sont encourag\u00e9es dans le respect d\u2019autrui et de l\u2019environnement.<\/p>\n\n\n\n<p>Le jardin est aussi un outil p\u00e9dagogique permettant de sensibiliser les habitants et les enfants des \u00e9coles dans les domaines de la transition \u00e9cologique et de la pr\u00e9servation des milieux naturels.<\/p>\n\n\n\n<p><strong>Les r\u00e8gles de vie<\/strong><\/p>\n\n\n\n<p>Le jardin est ouvert aux membres adh\u00e9rents de l\u2019association Lion Environnementsous condition&nbsp;du versement de la cotisation annuelle et du versement de la contribution au jardin, celle-ci permettant d\u2019ouvrir droit aux activit\u00e9s de jardinage, \u00e0 l\u2019usage du mat\u00e9riel, des \u00e9quipements et des ressources communes, de participer aux activit\u00e9s collectives et aux \u00e9changes organis\u00e9s par l\u2019association.<\/p>\n\n\n\n<p>L\u2019Escarfeuille propose, dans la mesure des disponibilit\u00e9s, des parcelles individuelles aux jardiniers qui en font la demande et une grande parcelle collective ouverte \u00e0 tous. Le bon fonctionnement du jardin, l\u2019entretien des espaces, des mat\u00e9riels \u00e0 disposition et des \u00e9quipements install\u00e9s sont l\u2019affaire de tous. Le jardin partag\u00e9 est accessible au public \u00e0 des fins de promenade, dans le respect des lieux et du travail r\u00e9alis\u00e9 par les jardiniers.&nbsp;<\/p>\n\n\n\n<p><strong>Les r\u00e9f\u00e9rents au Jardin partag\u00e9<\/strong> : Claude Morel, Patrice Renault, C\u00e9cile Girard-Pecarrere, aid\u00e9s par une \u00e9quipe de responsables dans divers domaines :<\/p>\n\n\n\n<figure class=\"wp-block-table\"><table><tbody><tr><td><strong><em>Domaine<\/em><\/strong><\/td><td><em><strong>R\u00e9f\u00e9rents<\/strong><\/em><\/td><td><\/td><\/tr><tr><td>Animation des R\u00e9unions \u00c9v\u00e8nements &#8211; Communication<\/td><td>V\u00e9ronique P<\/td><td><\/td><\/tr><tr><td>Am\u00e9nagements Entretien du Jardin<\/td><td>Bruno  D<\/td><td><\/td><\/tr><tr><td>Arbres et arbustes<\/td><td>Bruno D<\/td><td><\/td><\/tr><tr><td>Bricolage<\/td><td>J\u00e9r\u00f4me C<\/td><td><\/td><\/tr><tr><td>Cabanon et outils<\/td><td>Sylvie B, Claude M<\/td><td><\/td><\/tr><tr><td>Compostage<\/td><td>J\u00e9r\u00f4me C<\/td><td><\/td><\/tr><tr><td>Eau<\/td><td>Jean-Louis P, Fran\u00e7oise B<\/td><td><\/td><\/tr><tr><td>Parcelles collectives<\/td><td>C\u00e9cile G.P<\/td><td><\/td><\/tr><tr><td>Parcelles individuelles<\/td><td>Anne, Olivier<\/td><td><\/td><\/tr><tr><td>Plantes aromatiques et m\u00e9dicinales, botanique<\/td><td>Jo\u00eblle L, Sylvie B<\/td><td><\/td><\/tr><tr><td>Serre, graines et semences<\/td><td>C\u00e9cile G.P<\/td><td><\/td><\/tr><tr><td><\/td><td><\/td><\/tr><\/tbody><\/table><\/figure>\n\n\n\n<p>Le Jardin Partag\u00e9 peut s&rsquo;appuyer sur les partenariats nou\u00e9s avec des associations locales :<\/p>\n\n\n\n<ul class=\"wp-block-list\">\n<li><span class=\"s1\"><a href=\"http:\/\/aire14.fr\/aire\/aire-solidaire-du-territoire\/\" target=\"_blank\" rel=\"noopener\">GES C\u00f4te de Nacre<\/a>&nbsp;<\/span><\/li>\n\n\n\n<li><span class=\"s6\"><a href=\"http:\/\/www.ardes.org\/\" target=\"_blank\" rel=\"noopener\">Ardes<\/a>&nbsp;<\/span><\/li>\n\n\n\n<li><span class=\"s1\">CPIE &#8211;<a href=\"http:\/\/www.echosjardiniers.com\/\" target=\"_blank\" rel=\"noopener\"> r\u00e9seau des \u00e9chos jardiniers<\/a><\/span><\/li>\n\n\n\n<li><a href=\"http:\/\/cen-normandie.fr\/\" target=\"_blank\" rel=\"noopener\"><span class=\"s1\">Conservatoire des espaces naturels<\/span><\/a><\/li>\n\n\n\n<li>et un apiculteur<\/li>\n<\/ul>\n\n\n\n<p class=\"has-text-align-center\">***<\/p>\n\n\n\n<p> La derni\u00e8re assembl\u00e9e pl\u00e9ni\u00e8re qui a r\u00e9uni les jardiniers le 29 juin 2024, recense 23 parcelles individuelles occup\u00e9es par une trentaine de jardiniers au total. La parcelle collective  propose \u00e0 une dizaine d&rsquo;autres jardiniers de se retrouver pour cultiver ensemble.<\/p>\n\n\n\n<p><a href=\"https:\/\/lion-environnement.org\/index.php?cat=29\">Retrouvez l&rsquo;actualit\u00e9 du jardin partag\u00e9<\/a><\/p>\n\n\n\n<p class=\"p9\"><span class=\"s1\"><\/span><\/p>\n\n\n\n<p class=\"p5\"><span class=\"s1\"><b>Venez participer \u00e0 cette aventure collective, manifestez votre int\u00e9r\u00eat en \u00e9crivant \u00e0<\/b>\u00a0<\/span><strong>:<\/strong> <span class=\"s1\"><a href=\"mailto:jardin.partage@lion-environnement.org?subject=Ca m'int\u00e9resse\"><span class=\"s2\">jardin.partage@lion-environnement.org<\/span><\/a><\/span><\/p>\n\n\n\n<p><strong>Ou venez nous rencontrer sur place lors des chantiers mensuels organis\u00e9s chaque 1er samedi et chaque 2\u00e8me dimanche du mois.<\/strong> R\u00e9f\u00e9rents et jardiniers s&rsquo;y retrouvent pour entretenir les espaces communs.<\/p>\n","protected":false},"excerpt":{"rendered":"<p>L&rsquo;Escarfeuille, le jardin partag\u00e9 de Lion Environnement Initi\u00e9 en 2016, le projet de jardin partag\u00e9 de Lion- sur-mer est n\u00e9 d\u2019une vision commune entre la commune de Lion-sur-mer et l\u2019association Lion Environnement de cr\u00e9er et de g\u00e9rer un jardin partag\u00e9. Le terrain communal situ\u00e9 dans le quartier \u00ab&nbsp;Les vergers de la mer&nbsp;\u00bb, rue 77\u00e8me Royal\u2026<\/p>\n","protected":false},"author":1564,"featured_media":6079,"parent":1263,"menu_order":0,"comment_status":"closed","ping_status":"closed","template":"","meta":{"footnotes":""},"class_list":["post-1009","page","type-page","status-publish","has-post-thumbnail","hentry"],"_wp_attached_file":null,"_wp_attachment_metadata":null,"_menu_item_type":null,"_menu_item_menu_item_parent":null,"_menu_item_object_id":null,"_menu_item_object":null,"_menu_item_target":null,"_menu_item_classes":null,"_menu_item_xfn":null,"_menu_item_url":null,"_eventorganiser_event_schedule":null,"_eventorganiser_schedule_until":null,"_wpas_done_all":null,"_eventorganiser_schedule_start_start":null,"_eventorganiser_schedule_start_finish":null,"_eventorganiser_schedule_last_start":null,"_eventorganiser_schedule_last_finish":null,"_wp_attachment_backup_sizes":null,"_wp_attachment_context":null,"event_address":null,"event_start_date":null,"event_to_time":null,"event_from_time":null,"event_end_date":null,"_oembed_7e6c0eb53f1b87dceeb7157df4c64ecd":null,"_oembed_ac860e2f1183d5fbf8efad3e14b2b998":null,"_oembed_2fa3d1dc2e72f2f3db15582a07766e9d":null,"_oembed_ba1f94dfef6f2f056282005c87e1dd1f":null,"_oembed_b4fa8c58de01621c3377349423193585":null,"_oembed_2c076515dc13114e0a07a701157042d8":null,"_oembed_time_2c076515dc13114e0a07a701157042d8":null,"_su_description":null,"_wp_attachment_is_custom_header":null,"_wp_attachment_custom_header_last_used_enigma":null,"_mc_event_shortcode":null,"_mc_event_access":null,"_mc_event_id":null,"_mc_event_desc":null,"_mc_event_image":null,"_event_time_label":null,"_mc_event_data":null,"_snap_forceSURL":null,"snap_MYURL":null,"snapEdIT":null,"_mc_event_location":null,"_oembed_cdb00187755a40067dfed1152b83fa85":null,"_oembed_2a2b1181a4872c3fcae632ccb831338e":null,"_oembed_223e8f80fcafbbb0e655c3b852ad258b":null,"_oembed_f2dbc4e0e03552dca3704dc9d3b35b81":null,"_oembed_0f31e9c8d775433415a564642134b876":null,"_oembed_37f37d6d5d0f763259b5f2d5c6698765":null,"_oembed_7d585094b05c3c88729a16a5d0b76382":null,"_oembed_49e3f6fef25f62658e66c1baa5716b3c":null,"_oembed_3bbcd6cd9ba0f8e8cead97d8bddbbbae":null,"_oembed_6107383b394908a78bf711554ae8a1e4":null,"_oembed_5d6a5ae5cd2e93d5022ed2485426fcf4":null,"_oembed_422f96ea83a4884539ceb42326a11ee5":null,"_oembed_ab6628735dc0e2101ba08ec87fcef1b7":null,"_oembed_75bd89488fe790d8e4f203396bb84c81":null,"_oembed_time_75bd89488fe790d8e4f203396bb84c81":null,"_oembed_c6d8784021cf1310fe080cd343275a5a":null,"_oembed_time_c6d8784021cf1310fe080cd343275a5a":null,"_wp_attachment_custom_header_last_used_greenigma":null,"_wp_attachment_is_custom_background":null,"enclosure":null,"_oembed_3bca2a21e398bc75f8a1b2ec60f88d23":null,"_oembed_25600d5f25f51af7be904b38ccae40ec":null,"_oembed_time_25600d5f25f51af7be904b38ccae40ec":null,"_mc_guid":null,"_mc4wp_settings":null,"text_subscribed":null,"text_invalid_email":null,"text_required_field_missing":null,"text_already_subscribed":null,"text_error":null,"text_unsubscribed":null,"text_not_subscribed":null,"text_no_lists_selected":null,"text_updated":null,"_bbp_reply_count_hidden":null,"_bbp_topic_count_hidden":null,"_bbp_total_topic_count":null,"_bbp_topic_count":null,"_bbp_total_reply_count":null,"_bbp_reply_count":null,"_bbp_forum_subforum_count":null,"_bbp_last_active_time":null,"user_registration_form_setting_default_user_role":null,"user_registration_form_setting_enable_strong_password":null,"user_registration_form_setting_minimum_password_strength":null,"user_registration_form_setting_form_submit_label":null,"user_registration_form_setting_enable_recaptcha_support":null,"user_registration_form_template":null,"user_registration_form_custom_class":null,"_oembed_ef95b2b98f04716f23e0a4eed7816e1b":null,"_oembed_time_ef95b2b98f04716f23e0a4eed7816e1b":null,"_wp_attachment_image_alt":null,"_mc_event_date":null,"_customize_changeset_uuid":null,"sg_popup_target":null,"sg_popup_events":null,"sg_popup_options":null,"_oembed_caf01abe71309dc253791159ac4336cb":null,"_sgpb_original":null,"sg_popup_events_preview":null,"sg_popup_options_preview":null,"sg_popup_target_preview":null,"user_registration_form_setting_redirect_options":null,"_oembed_10c4a1529e884332ff612b45feeae083":null,"_bbp_forum_id":null,"_bbp_last_topic_id":null,"_bbp_last_reply_id":null,"_bbp_last_active_id":null,"_form":null,"_mail":null,"_mail_2":null,"_messages":null,"_additional_settings":null,"_locale":null,"_elementor_css":null,"_menu_sgpb_popup_id":null,"_oembed_bbc07775835a27fca3dab6de0a78c453":null,"cmplz_tc_document_status":null,"_oembed_a8eea5673581fdb5da3c215c1676eaf2":null,"_oembed_time_a8eea5673581fdb5da3c215c1676eaf2":null,"_bbp_forum_type":null,"_bbp_status":null,"_bbp_total_reply_count_hidden":null,"_wp_page_template":"default","_edit_last":"1564","_edit_lock":"1758699214:1565","_su_rich_snippet_type":"none","xyz_fbap":"1","xyz_fbap_insert_og":"1","_thumbnail_id":"6079","_jetpack_dont_email_post_to_subs":null,"_su_title":null,"_cmplz_scanned_post":"1","xyz_fbap_future_to_publish":{"post_fb_permission":0,"xyz_fbap_po_method":"2","xyz_fbap_message":"{POST_TITLE} vient d'\u00eatre publi\u00e9 sur {BLOG_TITLE}"},"_wp_old_slug":null,"_wp_old_date":null,"cmplz_hide_cookiebanner":"","_elementor_template_type":null,"_elementor_edit_mode":null,"_elementor_data":null,"_elementor_version":null,"_elementor_controls_usage":null,"classic-editor-remember":"block-editor","_wp_trash_meta_status":null,"_wp_trash_meta_time":null,"_wp_desired_post_slug":null,"yoast_head":"<!-- This site is optimized with the Yoast SEO plugin v27.0 - https:\/\/yoast.com\/product\/yoast-seo-wordpress\/ -->\n<title>Jardin partag\u00e9 - Lion Environnement<\/title>\n<meta name=\"robots\" content=\"index, follow, max-snippet:-1, max-image-preview:large, max-video-preview:-1\" \/>\n<link rel=\"canonical\" href=\"https:\/\/lion-environnement.org\/index.php\/cultiver\/jardin-partage\/\" \/>\n<meta property=\"og:locale\" content=\"fr_FR\" \/>\n<meta property=\"og:type\" content=\"article\" \/>\n<meta property=\"og:title\" content=\"Jardin partag\u00e9 - Lion Environnement\" \/>\n<meta property=\"og:description\" content=\"L&rsquo;Escarfeuille, le jardin partag\u00e9 de Lion Environnement Initi\u00e9 en 2016, le projet de jardin partag\u00e9 de Lion- sur-mer est n\u00e9 d\u2019une vision commune entre la commune de Lion-sur-mer et l\u2019association Lion Environnement de cr\u00e9er et de g\u00e9rer un jardin partag\u00e9. Le terrain communal situ\u00e9 dans le quartier \u00ab&nbsp;Les vergers de la mer&nbsp;\u00bb, rue 77\u00e8me Royal\u2026\" \/>\n<meta property=\"og:url\" content=\"https:\/\/lion-environnement.org\/index.php\/cultiver\/jardin-partage\/\" \/>\n<meta property=\"og:site_name\" content=\"Lion Environnement\" \/>\n<meta property=\"article:publisher\" content=\"https:\/\/www.facebook.com\/LionEnvironnement\/?locale=fr_FR\" \/>\n<meta property=\"article:modified_time\" content=\"2024-07-08T08:41:24+00:00\" \/>\n<meta property=\"og:image\" content=\"https:\/\/lion-environnement.org\/wp-content\/uploads\/2021\/06\/2021-06-06-DSC_9740.jpg\" \/>\n\t<meta property=\"og:image:width\" content=\"2322\" \/>\n\t<meta property=\"og:image:height\" content=\"1548\" \/>\n\t<meta property=\"og:image:type\" content=\"image\/jpeg\" \/>\n<meta name=\"twitter:card\" content=\"summary_large_image\" \/>\n<meta name=\"twitter:label1\" content=\"Dur\u00e9e de lecture estim\u00e9e\" \/>\n\t<meta name=\"twitter:data1\" content=\"3 minutes\" \/>\n<script type=\"application\/ld+json\" class=\"yoast-schema-graph\">{\"@context\":\"https:\/\/schema.org\",\"@graph\":[{\"@type\":\"WebPage\",\"@id\":\"https:\/\/lion-environnement.org\/index.php\/cultiver\/jardin-partage\/\",\"url\":\"https:\/\/lion-environnement.org\/index.php\/cultiver\/jardin-partage\/\",\"name\":\"Jardin partag\u00e9 - Lion Environnement\",\"isPartOf\":{\"@id\":\"https:\/\/lion-environnement.org\/#website\"},\"primaryImageOfPage\":{\"@id\":\"https:\/\/lion-environnement.org\/index.php\/cultiver\/jardin-partage\/#primaryimage\"},\"image\":{\"@id\":\"https:\/\/lion-environnement.org\/index.php\/cultiver\/jardin-partage\/#primaryimage\"},\"thumbnailUrl\":\"https:\/\/lion-environnement.org\/wp-content\/uploads\/2021\/06\/2021-06-06-DSC_9740.jpg\",\"datePublished\":\"2017-12-01T11:07:18+00:00\",\"dateModified\":\"2024-07-08T08:41:24+00:00\",\"breadcrumb\":{\"@id\":\"https:\/\/lion-environnement.org\/index.php\/cultiver\/jardin-partage\/#breadcrumb\"},\"inLanguage\":\"fr-FR\",\"potentialAction\":[{\"@type\":\"ReadAction\",\"target\":[\"https:\/\/lion-environnement.org\/index.php\/cultiver\/jardin-partage\/\"]}]},{\"@type\":\"ImageObject\",\"inLanguage\":\"fr-FR\",\"@id\":\"https:\/\/lion-environnement.org\/index.php\/cultiver\/jardin-partage\/#primaryimage\",\"url\":\"https:\/\/lion-environnement.org\/wp-content\/uploads\/2021\/06\/2021-06-06-DSC_9740.jpg\",\"contentUrl\":\"https:\/\/lion-environnement.org\/wp-content\/uploads\/2021\/06\/2021-06-06-DSC_9740.jpg\",\"width\":2322,\"height\":1548},{\"@type\":\"BreadcrumbList\",\"@id\":\"https:\/\/lion-environnement.org\/index.php\/cultiver\/jardin-partage\/#breadcrumb\",\"itemListElement\":[{\"@type\":\"ListItem\",\"position\":1,\"name\":\"Accueil\",\"item\":\"https:\/\/lion-environnement.org\/\"},{\"@type\":\"ListItem\",\"position\":2,\"name\":\"Cultiver\",\"item\":\"https:\/\/lion-environnement.org\/index.php\/cultiver\/\"},{\"@type\":\"ListItem\",\"position\":3,\"name\":\"Jardin partag\u00e9\"}]},{\"@type\":\"WebSite\",\"@id\":\"https:\/\/lion-environnement.org\/#website\",\"url\":\"https:\/\/lion-environnement.org\/\",\"name\":\"Lion Environnement\",\"description\":\"Lions nos \u00e9nergies pour pr\u00e9server l&#039;environnement et la sant\u00e9\",\"publisher\":{\"@id\":\"https:\/\/lion-environnement.org\/#organization\"},\"potentialAction\":[{\"@type\":\"SearchAction\",\"target\":{\"@type\":\"EntryPoint\",\"urlTemplate\":\"https:\/\/lion-environnement.org\/?s={search_term_string}\"},\"query-input\":{\"@type\":\"PropertyValueSpecification\",\"valueRequired\":true,\"valueName\":\"search_term_string\"}}],\"inLanguage\":\"fr-FR\"},{\"@type\":\"Organization\",\"@id\":\"https:\/\/lion-environnement.org\/#organization\",\"name\":\"Lion Environnement\",\"url\":\"https:\/\/lion-environnement.org\/\",\"logo\":{\"@type\":\"ImageObject\",\"inLanguage\":\"fr-FR\",\"@id\":\"https:\/\/lion-environnement.org\/#\/schema\/logo\/image\/\",\"url\":\"https:\/\/lion-environnement.org\/wp-content\/uploads\/2016\/04\/logoLElongWeb-1.jpg\",\"contentUrl\":\"https:\/\/lion-environnement.org\/wp-content\/uploads\/2016\/04\/logoLElongWeb-1.jpg\",\"width\":487,\"height\":113,\"caption\":\"Lion Environnement\"},\"image\":{\"@id\":\"https:\/\/lion-environnement.org\/#\/schema\/logo\/image\/\"},\"sameAs\":[\"https:\/\/www.facebook.com\/LionEnvironnement\/?locale=fr_FR\",\"https:\/\/www.instagram.com\/environnementlion\"]}]}<\/script>\n<!-- \/ Yoast SEO plugin. -->","yoast_head_json":{"title":"Jardin partag\u00e9 - Lion Environnement","robots":{"index":"index","follow":"follow","max-snippet":"max-snippet:-1","max-image-preview":"max-image-preview:large","max-video-preview":"max-video-preview:-1"},"canonical":"https:\/\/lion-environnement.org\/index.php\/cultiver\/jardin-partage\/","og_locale":"fr_FR","og_type":"article","og_title":"Jardin partag\u00e9 - Lion Environnement","og_description":"L&rsquo;Escarfeuille, le jardin partag\u00e9 de Lion Environnement Initi\u00e9 en 2016, le projet de jardin partag\u00e9 de Lion- sur-mer est n\u00e9 d\u2019une vision commune entre la commune de Lion-sur-mer et l\u2019association Lion Environnement de cr\u00e9er et de g\u00e9rer un jardin partag\u00e9. Le terrain communal situ\u00e9 dans le quartier \u00ab&nbsp;Les vergers de la mer&nbsp;\u00bb, rue 77\u00e8me Royal\u2026","og_url":"https:\/\/lion-environnement.org\/index.php\/cultiver\/jardin-partage\/","og_site_name":"Lion Environnement","article_publisher":"https:\/\/www.facebook.com\/LionEnvironnement\/?locale=fr_FR","article_modified_time":"2024-07-08T08:41:24+00:00","og_image":[{"width":2322,"height":1548,"url":"https:\/\/lion-environnement.org\/wp-content\/uploads\/2021\/06\/2021-06-06-DSC_9740.jpg","type":"image\/jpeg"}],"twitter_card":"summary_large_image","twitter_misc":{"Dur\u00e9e de lecture estim\u00e9e":"3 minutes"},"schema":{"@context":"https:\/\/schema.org","@graph":[{"@type":"WebPage","@id":"https:\/\/lion-environnement.org\/index.php\/cultiver\/jardin-partage\/","url":"https:\/\/lion-environnement.org\/index.php\/cultiver\/jardin-partage\/","name":"Jardin partag\u00e9 - Lion Environnement","isPartOf":{"@id":"https:\/\/lion-environnement.org\/#website"},"primaryImageOfPage":{"@id":"https:\/\/lion-environnement.org\/index.php\/cultiver\/jardin-partage\/#primaryimage"},"image":{"@id":"https:\/\/lion-environnement.org\/index.php\/cultiver\/jardin-partage\/#primaryimage"},"thumbnailUrl":"https:\/\/lion-environnement.org\/wp-content\/uploads\/2021\/06\/2021-06-06-DSC_9740.jpg","datePublished":"2017-12-01T11:07:18+00:00","dateModified":"2024-07-08T08:41:24+00:00","breadcrumb":{"@id":"https:\/\/lion-environnement.org\/index.php\/cultiver\/jardin-partage\/#breadcrumb"},"inLanguage":"fr-FR","potentialAction":[{"@type":"ReadAction","target":["https:\/\/lion-environnement.org\/index.php\/cultiver\/jardin-partage\/"]}]},{"@type":"ImageObject","inLanguage":"fr-FR","@id":"https:\/\/lion-environnement.org\/index.php\/cultiver\/jardin-partage\/#primaryimage","url":"https:\/\/lion-environnement.org\/wp-content\/uploads\/2021\/06\/2021-06-06-DSC_9740.jpg","contentUrl":"https:\/\/lion-environnement.org\/wp-content\/uploads\/2021\/06\/2021-06-06-DSC_9740.jpg","width":2322,"height":1548},{"@type":"BreadcrumbList","@id":"https:\/\/lion-environnement.org\/index.php\/cultiver\/jardin-partage\/#breadcrumb","itemListElement":[{"@type":"ListItem","position":1,"name":"Accueil","item":"https:\/\/lion-environnement.org\/"},{"@type":"ListItem","position":2,"name":"Cultiver","item":"https:\/\/lion-environnement.org\/index.php\/cultiver\/"},{"@type":"ListItem","position":3,"name":"Jardin partag\u00e9"}]},{"@type":"WebSite","@id":"https:\/\/lion-environnement.org\/#website","url":"https:\/\/lion-environnement.org\/","name":"Lion Environnement","description":"Lions nos \u00e9nergies pour pr\u00e9server l&#039;environnement et la sant\u00e9","publisher":{"@id":"https:\/\/lion-environnement.org\/#organization"},"potentialAction":[{"@type":"SearchAction","target":{"@type":"EntryPoint","urlTemplate":"https:\/\/lion-environnement.org\/?s={search_term_string}"},"query-input":{"@type":"PropertyValueSpecification","valueRequired":true,"valueName":"search_term_string"}}],"inLanguage":"fr-FR"},{"@type":"Organization","@id":"https:\/\/lion-environnement.org\/#organization","name":"Lion Environnement","url":"https:\/\/lion-environnement.org\/","logo":{"@type":"ImageObject","inLanguage":"fr-FR","@id":"https:\/\/lion-environnement.org\/#\/schema\/logo\/image\/","url":"https:\/\/lion-environnement.org\/wp-content\/uploads\/2016\/04\/logoLElongWeb-1.jpg","contentUrl":"https:\/\/lion-environnement.org\/wp-content\/uploads\/2016\/04\/logoLElongWeb-1.jpg","width":487,"height":113,"caption":"Lion Environnement"},"image":{"@id":"https:\/\/lion-environnement.org\/#\/schema\/logo\/image\/"},"sameAs":["https:\/\/www.facebook.com\/LionEnvironnement\/?locale=fr_FR","https:\/\/www.instagram.com\/environnementlion"]}]}},"_links":{"self":[{"href":"https:\/\/lion-environnement.org\/index.php\/wp-json\/wp\/v2\/pages\/1009","targetHints":{"allow":["GET"]}}],"collection":[{"href":"https:\/\/lion-environnement.org\/index.php\/wp-json\/wp\/v2\/pages"}],"about":[{"href":"https:\/\/lion-environnement.org\/index.php\/wp-json\/wp\/v2\/types\/page"}],"author":[{"embeddable":true,"href":"https:\/\/lion-environnement.org\/index.php\/wp-json\/wp\/v2\/users\/1564"}],"replies":[{"embeddable":true,"href":"https:\/\/lion-environnement.org\/index.php\/wp-json\/wp\/v2\/comments?post=1009"}],"version-history":[{"count":33,"href":"https:\/\/lion-environnement.org\/index.php\/wp-json\/wp\/v2\/pages\/1009\/revisions"}],"predecessor-version":[{"id":9123,"href":"https:\/\/lion-environnement.org\/index.php\/wp-json\/wp\/v2\/pages\/1009\/revisions\/9123"}],"up":[{"embeddable":true,"href":"https:\/\/lion-environnement.org\/index.php\/wp-json\/wp\/v2\/pages\/1263"}],"wp:featuredmedia":[{"embeddable":true,"href":"https:\/\/lion-environnement.org\/index.php\/wp-json\/wp\/v2\/media\/6079"}],"wp:attachment":[{"href":"https:\/\/lion-environnement.org\/index.php\/wp-json\/wp\/v2\/media?parent=1009"}],"curies":[{"name":"wp","href":"https:\/\/api.w.org\/{rel}","templated":true}]}}